{"id":16875,"date":"2026-02-13T11:54:13","date_gmt":"2026-02-13T10:54:13","guid":{"rendered":"https:\/\/digamac.com\/politique-de-confidentialite\/"},"modified":"2026-02-13T11:54:14","modified_gmt":"2026-02-13T10:54:14","slug":"politique-de-confidentialite","status":"publish","type":"page","link":"https:\/\/digamac.com\/fr\/politique-de-confidentialite\/","title":{"rendered":"Politique de confidentialit\u00e9"},"content":{"rendered":"\n<h3 class=\"wp-block-heading mt-5\">Politique de confidentialit\u00e9<\/h3>\n\n<p>Conform\u00e9ment \u00e0 la r\u00e9glementation relative \u00e0 la protection des donn\u00e9es \u00e0 caract\u00e8re personnel, nous vous informons que vous fournissez vos donn\u00e9es personnelles au Responsable du traitement : Grupo Digalco, SL (ci-apr\u00e8s, \u00ab\u00a0L\u2019ENTIT\u00c9\u00a0\u00bb), dont le si\u00e8ge social est situ\u00e9 PI BERGONDO PARCELA R.7 -R.8, 15165 &#8211; BERGONDO (A CORU\u00d1A).<\/p>\n\n<p><strong>Entreprise:<\/strong> Grupo Digalco SL<\/p>\n\n<p><strong>CIF:<\/strong> B15639792<\/p>\n\n<p><strong>Adresse:<\/strong> P.I. BERGONDO PARCELA R.7-R.8, 15165 &#8211; BERGONDO (A CORU\u00d1A)<\/p>\n\n<p><strong>Registre du commerce<\/strong>: Le document ci-dessus est enregistr\u00e9 au tome 2065 des archives de la Section G\u00e9n\u00e9rale, au folio 174, feuille num\u00e9ro C-20399, inscription 1.<\/p>\n\n<h5 class=\"wp-block-heading\">1. Finalit\u00e9 du traitement<\/h5>\n\n<p>L\u2019ENTIT\u00c9 pourra traiter vos donn\u00e9es personnelles aux fins suivantes :<\/p>\n\n<ol class=\"wp-block-list\">\n<li>G\u00e9rer votre navigation sur le Site Web.<\/li>\n\n\n\n<li>G\u00e9rer le service d\u2019Assistance Client afin de r\u00e9pondre aux doutes, r\u00e9clamations, commentaires ou pr\u00e9occupations concernant les informations incluses sur le Site Web, ainsi qu\u2019\u00e0 toute autre question que vous pourriez avoir.<\/li>\n\n\n\n<li>Traiter vos donn\u00e9es \u00e0 des fins commerciales, \u00e0 condition que vous ayez consenti au traitement correspondant des donn\u00e9es personnelles. Pour nous donner votre consentement afin de vous envoyer des informations sur nos services, vous devrez cocher la case \u00ab Oui, je souhaite recevoir des informations commerciales \u00bb. Dans le cas contraire, nous ne pourrons pas utiliser vos donn\u00e9es personnelles \u00e0 cette fin.  <\/li>\n\n\n\n<li>G\u00e9rer le respect, le maintien, le d\u00e9veloppement et le contr\u00f4le de toute relation que L\u2019ENTIT\u00c9 entretient avec vous.<\/li>\n\n\n\n<li>G\u00e9rer l\u2019encaissement des produits et\/ou services que vous avez acquis, par le biais des passerelles de paiement contract\u00e9es \u00e0 cet effet. Les informations financi\u00e8res que vous fournissez pourront \u00eatre conserv\u00e9es sur ces passerelles afin de faciliter la r\u00e9alisation de paiements r\u00e9currents. <\/li>\n\n\n\n<li>G\u00e9rer votre inscription en tant qu\u2019utilisateur et vous identifier comme \u00ab utilisateur enregistr\u00e9 \u00bb afin que vous puissiez effectuer des achats sans avoir \u00e0 saisir \u00e0 nouveau vos donn\u00e9es \u00e0 caract\u00e8re personnel de mani\u00e8re r\u00e9p\u00e9t\u00e9e.<\/li>\n<\/ol>\n\n<p>L\u2019absence de fourniture de certaines informations d\u00e9sign\u00e9es comme obligatoires peut signifier qu\u2019il ne sera pas possible de g\u00e9rer votre inscription en tant qu\u2019utilisateur ou d\u2019utiliser certaines fonctionnalit\u00e9s ou services disponibles via la Plateforme.<\/p>\n\n<p>L\u2019utilisateur (vous) garantit que les Donn\u00e9es Personnelles fournies sont v\u00e9ridiques et exactes et s\u2019engage \u00e0 notifier toute modification ou mise \u00e0 jour de celles-ci. En cas de fourniture de Donn\u00e9es Personnelles de tiers, vous \u00eates responsable de les avoir inform\u00e9s et d\u2019avoir obtenu leur consentement pour les fournir aux fins indiqu\u00e9es dans les sections correspondantes de la pr\u00e9sente Politique de Confidentialit\u00e9. <\/p>\n\n<p>Toute perte ou tout dommage caus\u00e9 \u00e0 la Plateforme, aux Responsables du traitement ou \u00e0 tout tiers par la communication d\u2019informations erron\u00e9es, inexactes ou incompl\u00e8tes dans les formulaires d\u2019inscription rel\u00e8vera de la responsabilit\u00e9 exclusive de l\u2019utilisateur.<\/p>\n\n<h5 class=\"wp-block-heading\">Base l\u00e9gale du traitement de vos Donn\u00e9es Personnelles<\/h5>\n\n<p>La base l\u00e9gale repose sur le consentement que vous nous accordez en cliquant sur le bouton \u00ab\u00a0J\u2019ACCEPTE LA POLITIQUE DE PROTECTION DES DONN\u00c9ES\u00a0\u00bb.<\/p>\n\n<h5 class=\"wp-block-heading\">3. Destinataires des transferts<\/h5>\n\n<p>Nous ne c\u00e9derons pas vos donn\u00e9es \u00e0 des tiers, sauf obligation l\u00e9gale.<\/p>\n\n<h5 class=\"wp-block-heading\">4. Droits<\/h5>\n\n<p>Nous vous informons de vos droits en mati\u00e8re de protection des donn\u00e9es:<\/p>\n\n<ul class=\"wp-block-list\">\n<li>Droit de demander l\u2019acc\u00e8s \u00e0 vos donn\u00e9es personnelles.<\/li>\n\n\n\n<li>Droit de demander leur rectification ou leur suppression (droit \u00e0 l\u2019oubli).<\/li>\n\n\n\n<li>Droit de demander la limitation de leur traitement et de s\u2019opposer au traitement.<\/li>\n\n\n\n<li>Droit \u00e0 la portabilit\u00e9 des donn\u00e9es.<\/li>\n<\/ul>\n\n<p>Pour exercer vos droits, vous pouvez modifier vos pr\u00e9f\u00e9rences et vos donn\u00e9es personnelles dans votre profil utilisateur, ou adresser une demande \u00e9crite accompagn\u00e9e d\u2019une copie de votre pi\u00e8ce d\u2019identit\u00e9. Grupo Digalco, SL dispose de formulaires adapt\u00e9s \u00e0 cet effet. Il vous suffit de les demander ou d\u2019envoyer votre propre demande \u00e9crite \u00e0 Grupo Digalco, SL <a>administracion@grupodigalco.com<\/a>.  <\/p>\n\n<h5 class=\"wp-block-heading\">5. Mesures de s\u00e9curit\u00e9<\/h5>\n\n<p>Grupo Digalco, SL a mis en \u0153uvre les mesures techniques et organisationnelles n\u00e9cessaires pour garantir la s\u00e9curit\u00e9 de vos donn\u00e9es personnelles et \u00e9viter leur alt\u00e9ration, perte, traitement et\/ou acc\u00e8s non autoris\u00e9, compte tenu de l\u2019\u00e9tat de la technologie, de la nature des donn\u00e9es stock\u00e9es et des risques d\u00e9coulant de l\u2019action humaine ou de l\u2019environnement physique et naturel auquel elles sont expos\u00e9es.<\/p>\n","protected":false},"excerpt":{"rendered":"<p>Politique de confidentialit\u00e9 Conform\u00e9ment \u00e0 la r\u00e9glementation relative \u00e0 la protection des donn\u00e9es \u00e0 caract\u00e8re personnel, nous vous informons que vous fournissez vos donn\u00e9es personnelles au Responsable du traitement : Grupo Digalco, SL (ci-apr\u00e8s, \u00ab\u00a0L\u2019ENTIT\u00c9\u00a0\u00bb), dont le si\u00e8ge social est situ\u00e9 PI BERGONDO PARCELA R.7 -R.8, 15165 &#8211; BERGONDO (A CORU\u00d1A). Entreprise: Grupo Digalco SL [&#8230;]<\/p>\n<p><a class=\"btn btn-secondary understrap-read-more-link\" href=\"https:\/\/digamac.com\/fr\/politique-de-confidentialite\/\">Lire la suite\u2026<span class=\"screen-reader-text\"> from Politique de confidentialit\u00e9<\/span><\/a><\/p>\n","protected":false},"author":5,"featured_media":0,"parent":0,"menu_order":0,"comment_status":"closed","ping_status":"closed","template":"","meta":{"footnotes":""},"class_list":["post-16875","page","type-page","status-publish","hentry"],"_links":{"self":[{"href":"https:\/\/digamac.com\/fr\/wp-json\/wp\/v2\/pages\/16875","targetHints":{"allow":["GET"]}}],"collection":[{"href":"https:\/\/digamac.com\/fr\/wp-json\/wp\/v2\/pages"}],"about":[{"href":"https:\/\/digamac.com\/fr\/wp-json\/wp\/v2\/types\/page"}],"author":[{"embeddable":true,"href":"https:\/\/digamac.com\/fr\/wp-json\/wp\/v2\/users\/5"}],"replies":[{"embeddable":true,"href":"https:\/\/digamac.com\/fr\/wp-json\/wp\/v2\/comments?post=16875"}],"version-history":[{"count":1,"href":"https:\/\/digamac.com\/fr\/wp-json\/wp\/v2\/pages\/16875\/revisions"}],"predecessor-version":[{"id":16876,"href":"https:\/\/digamac.com\/fr\/wp-json\/wp\/v2\/pages\/16875\/revisions\/16876"}],"wp:attachment":[{"href":"https:\/\/digamac.com\/fr\/wp-json\/wp\/v2\/media?parent=16875"}],"curies":[{"name":"wp","href":"https:\/\/api.w.org\/{rel}","templated":true}]}}