{"id":11789,"date":"2023-09-18T09:15:39","date_gmt":"2023-09-18T08:15:44","guid":{"rendered":"https:\/\/digamac.com\/producto\/apple-macbook-pro-141-space-grey-133-reconditionne-core-i5-23ghz-16-gb-ram-256-gb-ssd-m2-2560x1600-fr-10685\/"},"modified":"2023-09-18T09:15:44","modified_gmt":"2023-09-18T08:15:44","slug":"apple-macbook-pro-141-space-grey-133-reconditionne-core-i5-23ghz-16-gb-ram-256-gb-ssd-m2-2560x1600-fr-10685","status":"publish","type":"product","link":"https:\/\/digamac.com\/fr\/tienda\/macbook-pro-fr\/macbook-pro-13-fr\/apple-macbook-pro-141-space-grey-133-reconditionne-core-i5-23ghz-16-gb-ram-256-gb-ssd-m2-2560x1600-fr-10685\/","title":{"rendered":"Apple MacBook Pro 14,1 Space Grey 13.3\u00a0\u00bb | Reconditionn\u00e9 | Core i5 2.3GHz | 16 GB RAM | 256 GB SSD M2 2560&#215;1600"},"content":{"rendered":"<p><strong>Processeur<\/strong><br \/>Intel Core i5 7360U 2.3 GHz.<br \/><strong>M\u00e9moire RAM<\/strong><br \/>16 Gb. SO-DDR3 RAM<br \/><strong>Disque dur<\/strong><br \/>256 Gb. SSD M2<br \/><strong>Cartes<\/strong><br \/>Graphique: Iris Plus Graphics 640<br \/>Son: HD Audio<br \/><strong>Syst\u00e8me op\u00e9ratif<\/strong><br \/>macOS Ventura<br \/><strong>Ports<\/strong><br \/>2x USB-C<br \/><strong>\u00c9cran<\/strong><br \/>Retina 13.3 \u00a0\u00bb 2K  16:9  \u00b7 R\u00e9solution 2560&#215;1600<br \/><strong>Multim\u00e9dias<\/strong><br \/>Webcam<br \/><strong>Connectivit\u00e9<\/strong><br \/>WIFI<br \/>Bluetooth<br \/><strong>Notebook sp\u00e9cifique<\/strong><br \/>Langue du clavier Espagnol<br \/><strong>Autres<\/strong><br \/>hR emballage<br \/><strong>Dimensions<\/strong><br \/>30x21x1.5 cm.<br \/><strong>Poids<\/strong><br \/>1.50 Kg.<br \/><strong>Sp\u00e9cifications suppl\u00e9mentaires<\/strong><br \/>Bon aspect ext\u00e9rieur. \u00c9cran parfait sans taches blanches ni rayures. Le produit a le syst\u00e8me d&rsquo;exploitation install\u00e9 et pr\u00eat \u00e0 fonctionner. Sans aucun doute une excellente opportunit\u00e9 de se procurer un MacBook et de commencer \u00e0 profiter des avantages de l\u2019environnement Apple. Regardez dans \u00ab + Photos \u00bb et \u00ab Vid\u00e9o \u00bb et si vous avez des questions, appelez-nous ou utilisez notre chat pour plus d&rsquo;informations ou pour demander plus de d\u00e9tails.<\/p>\n<p><strong>Commentaires<\/strong><br \/><u>Mod. A1708 (2017) &#8211; Clavier espagnol<\/u><\/p>\n","protected":false},"excerpt":{"rendered":"<p>Intel Core i5 7360U 2.3 GHz. \u00b7 16 Gb. SO-DDR3 RAM \u00b7 256 Gb. SSD M2 \u00b7 macOS Ventura \u00b7 Retina 13.3 \u00a0\u00bb 2K  16:9  \u00b7 R\u00e9solution 2560&#215;1600 \u00b7 Webcam \u00b7 <u>Mod. A1708 (2017) &#8211; Clavier espagnol<\/u> [&#8230;]<\/p>\n<p><a class=\"btn btn-secondary understrap-read-more-link\" href=\"https:\/\/digamac.com\/fr\/tienda\/macbook-pro-fr\/macbook-pro-13-fr\/apple-macbook-pro-141-space-grey-133-reconditionne-core-i5-23ghz-16-gb-ram-256-gb-ssd-m2-2560x1600-fr-10685\/\">Lire la suite\u2026<span class=\"screen-reader-text\"> from Apple MacBook Pro 14,1 Space Grey 13.3\u00a0\u00bb | Reconditionn\u00e9 | Core i5 2.3GHz | 16 GB RAM | 256 GB SSD M2 2560&#215;1600<\/span><\/a><\/p>\n","protected":false},"featured_media":11765,"template":"","meta":[],"product_brand":[3122],"product_cat":[3064,3058],"product_tag":[],"class_list":{"0":"post-11789","1":"product","2":"type-product","3":"status-publish","4":"has-post-thumbnail","6":"product_brand-apple","7":"product_cat-macbook-pro-13-fr","8":"product_cat-macbook-pro-fr","10":"first","11":"outofstock","12":"taxable","13":"shipping-taxable","14":"purchasable","15":"product-type-simple"},"exclude_global_add_ons":true,"addons":{"keyboard-iso-upgrades":{"name":"Choisir langue du clavier","type":"multiple_choice","position":0,"required":false,"title_format":"heading","default":"","description_enable":false,"description":"","placeholder_enable":false,"placeholder":"","display":"radiobutton","restrictions_type":"any_text","adjust_price":false,"price":"","price_type":"quantity_based","restrictions":false,"min":"0","max":"0","options":[{"label":"Autocollants fran\u00e7ais [AMP00084]","price":"0.0000","price_type":"quantity_based","image":0,"visibility":true},{"label":"Autocollants portugais [AMP00083]","price":"0.0000","price_type":"quantity_based","image":0,"visibility":true}]},"mouse-upgrades":{"name":"Extension souris","type":"multiple_choice","position":0,"required":false,"title_format":"heading","default":"","description_enable":false,"description":"","placeholder_enable":false,"placeholder":"","display":"radiobutton","restrictions_type":"any_text","adjust_price":false,"price":"","price_type":"quantity_based","restrictions":false,"min":"0","max":"0","options":[{"label":"Apple Magic Mouse 2 (A1657) [AMP00060]","price":"60.0000","price_type":"quantity_based","image":0,"visibility":true},{"label":"Souris USB Apple (A1152) [AMP00053]","price":"15.0000","price_type":"quantity_based","image":0,"visibility":true}]}},"_links":{"self":[{"href":"https:\/\/digamac.com\/fr\/wp-json\/wp\/v2\/product\/11789","targetHints":{"allow":["GET"]}}],"collection":[{"href":"https:\/\/digamac.com\/fr\/wp-json\/wp\/v2\/product"}],"about":[{"href":"https:\/\/digamac.com\/fr\/wp-json\/wp\/v2\/types\/product"}],"wp:featuredmedia":[{"embeddable":true,"href":"https:\/\/digamac.com\/fr\/wp-json\/wp\/v2\/media\/11765"}],"wp:attachment":[{"href":"https:\/\/digamac.com\/fr\/wp-json\/wp\/v2\/media?parent=11789"}],"wp:term":[{"taxonomy":"product_brand","embeddable":true,"href":"https:\/\/digamac.com\/fr\/wp-json\/wp\/v2\/product_brand?post=11789"},{"taxonomy":"product_cat","embeddable":true,"href":"https:\/\/digamac.com\/fr\/wp-json\/wp\/v2\/product_cat?post=11789"},{"taxonomy":"product_tag","embeddable":true,"href":"https:\/\/digamac.com\/fr\/wp-json\/wp\/v2\/product_tag?post=11789"}],"curies":[{"name":"wp","href":"https:\/\/api.w.org\/{rel}","templated":true}]}}