{"id":11869,"date":"2023-09-18T10:31:21","date_gmt":"2023-09-18T09:31:29","guid":{"rendered":"https:\/\/digamac.com\/producto\/apple-macbook-pro-112-154-reconditionne-core-i7-2ghz-16-gb-ram-256-gb-ssd-m2-2880x1800-fr-11170\/"},"modified":"2023-11-23T09:18:40","modified_gmt":"2023-11-23T08:18:40","slug":"apple-macbook-pro-112-154-reconditionne-core-i7-2ghz-16-gb-ram-256-gb-ssd-m2-2880x1800-fr-11170","status":"publish","type":"product","link":"https:\/\/digamac.com\/fr\/tienda\/macbook-pro-fr\/macbook-pro-15-fr\/apple-macbook-pro-112-154-reconditionne-core-i7-2ghz-16-gb-ram-256-gb-ssd-m2-2880x1800-fr-11170\/","title":{"rendered":"Apple MacBook Pro 11,2 15.4\u00a0\u00bb | Reconditionn\u00e9 | Core i7 2.2GHz | 16 GB RAM | 256 GB SSD M2 2880&#215;1800"},"content":{"rendered":"<p><strong>Processeur<\/strong><br \/>Intel Core i7 4770HQ 2.2 GHz.<br \/><strong>M\u00e9moire RAM<\/strong><br \/>16 Gb. SO-DDR3 RAM<br \/><strong>Disque dur<\/strong><br \/>256 Gb. SSD M2<br \/><strong>Cartes<\/strong><br \/>Graphique: Intel iris Pro 1,5 Gb<br \/>Son: HD Audio<br \/><strong>Syst\u00e8me op\u00e9ratif<\/strong><br \/>macOS Big Sur<br \/><strong>Ports<\/strong><br \/>2x Thunderbolt<br \/>2x USB 3.0<br \/><strong>\u00c9cran<\/strong><br \/>Retina 15.4 \u00a0\u00bb 2K  16:10  \u00b7 R\u00e9solution 2880&#215;1800<br \/><strong>Ports vid\u00e9o<\/strong><br \/>1x HDMI<br \/><strong>Multim\u00e9dias<\/strong><br \/>Webcam<br \/>Lecteur SD<br \/><strong>Connectivit\u00e9<\/strong><br \/>WIFI<br \/>Bluetooth<br \/><strong>Notebook sp\u00e9cifique<\/strong><br \/>Langue du clavier International (autocollants espagnols)<br \/><strong>Autres<\/strong><br \/>hR emballage<br \/><strong>Dimensions<\/strong><br \/>35.8&#215;24.8&#215;1.8 cm.<br \/><strong>Poids<\/strong><br \/>2.00 Kg.<br \/><strong>Sp\u00e9cifications suppl\u00e9mentaires<\/strong><br \/>Bon aspect ext\u00e9rieur. Il peut y avoir de l\u00e9g\u00e8res traces d&rsquo;utilisation sur le bo\u00eetier. \u00c9cran parfait sans taches blanches ni rayures. Le processeur i7 de 4e g\u00e9n\u00e9ration, 16 Go de m\u00e9moire, le disque SSD et l&rsquo;\u00e9cran Retina le rendent tr\u00e8s adapt\u00e9 \u00e0 tout type d&rsquo;environnement. Au niveau fonctionnel, le syst\u00e8me d&rsquo;exploitation est install\u00e9 et pr\u00eat \u00e0 fonctionner. Sans aucun doute, une excellente opportunit\u00e9 d&rsquo;acqu\u00e9rir un MacBook et de commencer \u00e0 profiter des avantages de l&rsquo;environnement Apple. Regardez dans \u00ab + Photos \u00bb et \u00ab Vid\u00e9o \u00bb et si vous avez des questions, appelez-nous ou utilisez notre chat pour plus d&rsquo;informations ou pour demander plus de d\u00e9tails.<\/p>\n<p><strong>Commentaires<\/strong><br \/><u>Mod. A1398 (Late 2013)<\/u><\/p>\n","protected":false},"excerpt":{"rendered":"<p>Intel Core i7 4770HQ 2.2 GHz. \u00b7 16 Gb. SO-DDR3 RAM \u00b7 256 Gb. SSD M2 \u00b7 macOS Big Sur \u00b7 Retina 15.4 \u00a0\u00bb 2K  16:10  \u00b7 R\u00e9solution 2880&#215;1800 \u00b7 Webcam \u00b7 Lecteur SD \u00b7 <u>Mod. A1398 (Late 2013)<\/u> [&#8230;]<\/p>\n<p><a class=\"btn btn-secondary understrap-read-more-link\" href=\"https:\/\/digamac.com\/fr\/tienda\/macbook-pro-fr\/macbook-pro-15-fr\/apple-macbook-pro-112-154-reconditionne-core-i7-2ghz-16-gb-ram-256-gb-ssd-m2-2880x1800-fr-11170\/\">Lire la suite\u2026<span class=\"screen-reader-text\"> from Apple MacBook Pro 11,2 15.4\u00a0\u00bb | Reconditionn\u00e9 | Core i7 2.2GHz | 16 GB RAM | 256 GB SSD M2 2880&#215;1800<\/span><\/a><\/p>\n","protected":false},"featured_media":11848,"template":"","meta":[],"product_brand":[3122],"product_cat":[3067,3058],"product_tag":[],"class_list":{"0":"post-11869","1":"product","2":"type-product","3":"status-publish","4":"has-post-thumbnail","6":"product_brand-apple","7":"product_cat-macbook-pro-15-fr","8":"product_cat-macbook-pro-fr","10":"first","11":"outofstock","12":"taxable","13":"shipping-taxable","14":"purchasable","15":"product-type-simple"},"exclude_global_add_ons":true,"addons":{"keyboard-iso-upgrades":{"name":"Choisir langue du clavier","type":"multiple_choice","position":0,"required":false,"title_format":"heading","default":"","description_enable":false,"description":"","placeholder_enable":false,"placeholder":"","display":"radiobutton","restrictions_type":"any_text","adjust_price":false,"price":"","price_type":"quantity_based","restrictions":false,"min":"0","max":"0","options":[{"label":"Autocollants espagnols [AMP00082]","price":"0.0000","price_type":"quantity_based","image":0,"visibility":true},{"label":"Autocollants fran\u00e7ais [AMP00084]","price":"0.0000","price_type":"quantity_based","image":0,"visibility":true},{"label":"Autocollants portugais [AMP00083]","price":"0.0000","price_type":"quantity_based","image":0,"visibility":true}]},"mouse-upgrades":{"name":"Extension souris","type":"multiple_choice","position":0,"required":false,"title_format":"heading","default":"","description_enable":false,"description":"","placeholder_enable":false,"placeholder":"","display":"radiobutton","restrictions_type":"any_text","adjust_price":false,"price":"","price_type":"quantity_based","restrictions":false,"min":"0","max":"0","options":[{"label":"Apple Magic Mouse 2 (A1657) [AMP00060]","price":"60.0000","price_type":"quantity_based","image":0,"visibility":true},{"label":"Souris USB Apple (A1152) [AMP00053]","price":"15.0000","price_type":"quantity_based","image":0,"visibility":true}]}},"_links":{"self":[{"href":"https:\/\/digamac.com\/fr\/wp-json\/wp\/v2\/product\/11869","targetHints":{"allow":["GET"]}}],"collection":[{"href":"https:\/\/digamac.com\/fr\/wp-json\/wp\/v2\/product"}],"about":[{"href":"https:\/\/digamac.com\/fr\/wp-json\/wp\/v2\/types\/product"}],"wp:featuredmedia":[{"embeddable":true,"href":"https:\/\/digamac.com\/fr\/wp-json\/wp\/v2\/media\/11848"}],"wp:attachment":[{"href":"https:\/\/digamac.com\/fr\/wp-json\/wp\/v2\/media?parent=11869"}],"wp:term":[{"taxonomy":"product_brand","embeddable":true,"href":"https:\/\/digamac.com\/fr\/wp-json\/wp\/v2\/product_brand?post=11869"},{"taxonomy":"product_cat","embeddable":true,"href":"https:\/\/digamac.com\/fr\/wp-json\/wp\/v2\/product_cat?post=11869"},{"taxonomy":"product_tag","embeddable":true,"href":"https:\/\/digamac.com\/fr\/wp-json\/wp\/v2\/product_tag?post=11869"}],"curies":[{"name":"wp","href":"https:\/\/api.w.org\/{rel}","templated":true}]}}