{"id":12085,"date":"2023-10-03T09:33:41","date_gmt":"2023-10-03T08:33:47","guid":{"rendered":"https:\/\/digamac.com\/producto\/apple-macbook-pro-143-impecable-156-reconditionne-core-i7-31ghz-16-gb-ram-1024-gb-ssd-m2-2880x1800-fr-11133\/"},"modified":"2023-10-03T09:33:47","modified_gmt":"2023-10-03T08:33:47","slug":"apple-macbook-pro-143-impecable-156-reconditionne-core-i7-31ghz-16-gb-ram-1024-gb-ssd-m2-2880x1800-fr-11133","status":"publish","type":"product","link":"https:\/\/digamac.com\/fr\/tienda\/macbook-pro-fr\/macbook-pro-15-fr\/apple-macbook-pro-143-impecable-156-reconditionne-core-i7-31ghz-16-gb-ram-1024-gb-ssd-m2-2880x1800-fr-11133\/","title":{"rendered":"Apple MacBook Pro 14,3-Impecable 15.6\u00a0\u00bb | Reconditionn\u00e9 | Core i7 3.1GHz | 16 GB RAM | 1024 GB SSD M2 2880&#215;1800"},"content":{"rendered":"<p><strong>Processeur<\/strong><br \/>Intel Core i7 7920HQ 3.1 GHz.<br \/><strong>M\u00e9moire RAM<\/strong><br \/>16 Gb. SO-DDR3 RAM<br \/><strong>Disque dur<\/strong><br \/>1.00 Tb. SSD M2<br \/><strong>Cartes<\/strong><br \/>Graphique: AMD Radeon Pro 560 4 Gb. GDDR5 \/ Intel HD Graphics 630<br \/>Son: HD Audio<br \/><strong>Syst\u00e8me op\u00e9ratif<\/strong><br \/>macOS Monterey<br \/><strong>Ports<\/strong><br \/>4x USB-C<br \/><strong>\u00c9cran<\/strong><br \/>Retina 15.6 \u00a0\u00bb 2K  16:9  \u00b7 R\u00e9solution 2880&#215;1800<br \/><strong>Multim\u00e9dias<\/strong><br \/>Webcam<br \/><strong>Connectivit\u00e9<\/strong><br \/>WIFI<br \/>Bluetooth<br \/><strong>Notebook sp\u00e9cifique<\/strong><br \/>Langue du clavier International (autocollants espagnols)<br \/><strong>Autres<\/strong><br \/>hR emballage<br \/><strong>Dimensions<\/strong><br \/>34.9x24x1.5 cm.<br \/><strong>Poids<\/strong><br \/>1.80 Kg.<br \/><strong>Sp\u00e9cifications suppl\u00e9mentaires<\/strong><br \/>Aspect ext\u00e9rieur impeccable. Semi neuf. \u00c9cran parfait sans taches blanches ni rayures. Le processeur i7 de 7e g\u00e9n\u00e9ration, 16 Go de m\u00e9moire, le disque SSD et la carte graphique GDDR5 de 4 Gb le rendent tr\u00e8s adapt\u00e9 \u00e0 tout type d&rsquo;environnement. Au niveau fonctionnel, le syst\u00e8me d&rsquo;exploitation est install\u00e9 et pr\u00eat \u00e0 fonctionner. Sans aucun doute, une excellente opportunit\u00e9 d&rsquo;acqu\u00e9rir un MacBook et de commencer \u00e0 profiter des avantages de l&rsquo;environnement Apple. Regardez dans \u00ab + Photos \u00bb et \u00ab Vid\u00e9o \u00bb et si vous avez des questions, appelez-nous ou utilisez notre chat pour plus d&rsquo;informations ou pour demander plus de d\u00e9tails.<\/p>\n<p><strong>Commentaires<\/strong><br \/><u>AMD Radeon Pro 560 4 Gb. GDDR5 &#8211; Mod. A1707 (2017) &#8211; Impeccable &#8211; Space Grey<\/u><\/p>\n","protected":false},"excerpt":{"rendered":"<p>Intel Core i7 7920HQ 3.1 GHz. \u00b7 16 Gb. SO-DDR3 RAM \u00b7 1.00 Tb. SSD M2 \u00b7 macOS Monterey \u00b7 Retina 15.6 \u00a0\u00bb 2K  16:9  \u00b7 R\u00e9solution 2880&#215;1800 \u00b7 Webcam \u00b7 <u>AMD Radeon Pro 560 4 Gb. GDDR5 &#8211; Mod. A1707 (2017) &#8211; Impeccable &#8211; Space Grey<\/u> [&#8230;]<\/p>\n<p><a class=\"btn btn-secondary understrap-read-more-link\" href=\"https:\/\/digamac.com\/fr\/tienda\/macbook-pro-fr\/macbook-pro-15-fr\/apple-macbook-pro-143-impecable-156-reconditionne-core-i7-31ghz-16-gb-ram-1024-gb-ssd-m2-2880x1800-fr-11133\/\">Lire la suite\u2026<span class=\"screen-reader-text\"> from Apple MacBook Pro 14,3-Impecable 15.6\u00a0\u00bb | Reconditionn\u00e9 | Core i7 3.1GHz | 16 GB RAM | 1024 GB SSD M2 2880&#215;1800<\/span><\/a><\/p>\n","protected":false},"featured_media":12064,"template":"","meta":[],"product_brand":[3122],"product_cat":[3067,3058],"product_tag":[],"class_list":{"0":"post-12085","1":"product","2":"type-product","3":"status-publish","4":"has-post-thumbnail","6":"product_brand-apple","7":"product_cat-macbook-pro-15-fr","8":"product_cat-macbook-pro-fr","10":"first","11":"outofstock","12":"taxable","13":"shipping-taxable","14":"purchasable","15":"product-type-simple"},"exclude_global_add_ons":true,"addons":{"keyboard-iso-upgrades":{"name":"Choisir langue du clavier","type":"multiple_choice","position":0,"required":false,"title_format":"heading","default":"","description_enable":false,"description":"","placeholder_enable":false,"placeholder":"","display":"radiobutton","restrictions_type":"any_text","adjust_price":false,"price":"","price_type":"quantity_based","restrictions":false,"min":"0","max":"0","options":[{"label":"Autocollants espagnols [AMP00082]","price":"0.0000","price_type":"quantity_based","image":0,"visibility":true},{"label":"Autocollants fran\u00e7ais [AMP00084]","price":"0.0000","price_type":"quantity_based","image":0,"visibility":true},{"label":"Autocollants portugais [AMP00083]","price":"0.0000","price_type":"quantity_based","image":0,"visibility":true}]},"mouse-upgrades":{"name":"Extension souris","type":"multiple_choice","position":0,"required":false,"title_format":"heading","default":"","description_enable":false,"description":"","placeholder_enable":false,"placeholder":"","display":"radiobutton","restrictions_type":"any_text","adjust_price":false,"price":"","price_type":"quantity_based","restrictions":false,"min":"0","max":"0","options":[{"label":"Apple Magic Mouse 2 (A1657) [AMP00060]","price":"60.0000","price_type":"quantity_based","image":0,"visibility":true},{"label":"Souris USB Apple (A1152) [AMP00053]","price":"15.0000","price_type":"quantity_based","image":0,"visibility":true}]}},"_links":{"self":[{"href":"https:\/\/digamac.com\/fr\/wp-json\/wp\/v2\/product\/12085","targetHints":{"allow":["GET"]}}],"collection":[{"href":"https:\/\/digamac.com\/fr\/wp-json\/wp\/v2\/product"}],"about":[{"href":"https:\/\/digamac.com\/fr\/wp-json\/wp\/v2\/types\/product"}],"wp:featuredmedia":[{"embeddable":true,"href":"https:\/\/digamac.com\/fr\/wp-json\/wp\/v2\/media\/12064"}],"wp:attachment":[{"href":"https:\/\/digamac.com\/fr\/wp-json\/wp\/v2\/media?parent=12085"}],"wp:term":[{"taxonomy":"product_brand","embeddable":true,"href":"https:\/\/digamac.com\/fr\/wp-json\/wp\/v2\/product_brand?post=12085"},{"taxonomy":"product_cat","embeddable":true,"href":"https:\/\/digamac.com\/fr\/wp-json\/wp\/v2\/product_cat?post=12085"},{"taxonomy":"product_tag","embeddable":true,"href":"https:\/\/digamac.com\/fr\/wp-json\/wp\/v2\/product_tag?post=12085"}],"curies":[{"name":"wp","href":"https:\/\/api.w.org\/{rel}","templated":true}]}}