{"id":12139,"date":"2023-10-04T08:44:37","date_gmt":"2023-10-04T07:44:43","guid":{"rendered":"https:\/\/digamac.com\/producto\/hp-zbook-17-g3-workstation-172-reconditionne-core-i7-27ghz-32-gb-ram-500-gb-ssd-m2-1920x1080-fr-10893\/"},"modified":"2023-10-04T08:44:43","modified_gmt":"2023-10-04T07:44:43","slug":"hp-zbook-17-g3-workstation-172-reconditionne-core-i7-27ghz-32-gb-ram-500-gb-ssd-m2-1920x1080-fr-10893","status":"publish","type":"product","link":"https:\/\/digamac.com\/fr\/tienda\/non-classifiee\/hp-zbook-17-g3-workstation-172-reconditionne-core-i7-27ghz-32-gb-ram-500-gb-ssd-m2-1920x1080-fr-10893\/","title":{"rendered":"HP ZBook 17 G3 WorkStation 17.2\u00a0\u00bb | Reconditionn\u00e9 | Core i7 2.7GHz | 32 GB RAM | 500 GB SSD M2 1920&#215;1080"},"content":{"rendered":"<p><strong>Processeur<\/strong><br \/>Intel Core i7 6820HQ 2.7 GHz.<br \/><strong>M\u00e9moire RAM<\/strong><br \/>32 Gb. SO-DDR4 RAM<br \/><strong>Disque dur<\/strong><br \/>500 Gb. SSD M2<br \/><strong>Cartes<\/strong><br \/>Graphique: nVidia Quadro M3000M 4 Gb. \/ Intel Graphics 530<br \/>Son: Bang y Olufsen audio<br \/>R\u00e9seau: Gigabit Ethernet Connection I219LM<br \/><strong>Syst\u00e8me op\u00e9ratif<\/strong><br \/>Windows 10 Pro<br \/><strong>Ports<\/strong><br \/>4x USB 3.0<br \/>2x USB-C<br \/><strong>\u00c9cran<\/strong><br \/>Led 17.2 \u00a0\u00bb FullHD  16:9  \u00b7 R\u00e9solution 1920&#215;1080<br \/><strong>Ports vid\u00e9o<\/strong><br \/>1x VGA<br \/>1x HDMI<br \/><strong>Multim\u00e9dias<\/strong><br \/>Webcam<br \/>Lecteur SD<br \/>Lecteur carte d&rsquo;identit\u00e9<br \/><strong>Connectivit\u00e9<\/strong><br \/>1x RJ-45<br \/>WIFI<br \/>Bluetooth<br \/><strong>Notebook sp\u00e9cifique<\/strong><br \/>Langue du clavier Espagnol<br \/>Clavier num\u00e9rique<br \/><strong>Dimensions<\/strong><br \/>41.6&#215;27.2&#215;4 cm.<br \/><strong>Poids<\/strong><br \/>3.58 Kg.<br \/><strong>Sp\u00e9cifications suppl\u00e9mentaires<\/strong><br \/>Bon aspect ext\u00e9rieur. Station de travail portable hautes performances id\u00e9ale pour les applications graphiques, de CAO et de conception, gr\u00e2ce \u00e0 son processeur i7 de 6e g\u00e9n\u00e9ration, 32 Go de m\u00e9moire DDR4, son SSD M.2, son \u00e9cran 17 pouces et sa carte graphique nVidia Quadro M3000M 4 Go. GDDR5. Regardez \u00ab\u00a0+ Photos\u00a0\u00bb et \u00ab\u00a0Vid\u00e9o\u00a0\u00bb et si vous avez des questions, appelez-nous ou utilisez notre chat pour d\u00e9velopper les informations ou demander plus de d\u00e9tails.<\/p>\n<p><strong>Commentaires<\/strong><br \/><u>1xM.2 2280\/2242 pour stockage (occup\u00e9) &#8211; 1xSocket 2.5<\/u><\/p>\n","protected":false},"excerpt":{"rendered":"<p>Intel Core i7 6820HQ 2.7 GHz. \u00b7 32 Gb. SO-DDR4 RAM \u00b7 500 Gb. SSD M2 \u00b7<br \/>\n<u>nVidia Quadro M3000M 4 Gb. GDDR5<\/u> \u00b7 Windows 10 Pro \u00b7 Led 17.2 \u00a0\u00bb FullHD  16:9  \u00b7 R\u00e9solution 1920&#215;1080 \u00b7<br \/>\nWebcam \u00b7 Lecteur SD \u00b7 Lecteur carte d&rsquo;identit\u00e9 \u00b7 <u>1xM.2 2280\/2242 pour stockage (occup\u00e9) &#8211; 1xSocket 2.5<\/u> [&#8230;]<\/p>\n<p><a class=\"btn btn-secondary understrap-read-more-link\" href=\"https:\/\/digamac.com\/fr\/tienda\/non-classifiee\/hp-zbook-17-g3-workstation-172-reconditionne-core-i7-27ghz-32-gb-ram-500-gb-ssd-m2-1920x1080-fr-10893\/\">Lire la suite\u2026<span class=\"screen-reader-text\"> from HP ZBook 17 G3 WorkStation 17.2\u00a0\u00bb | Reconditionn\u00e9 | Core i7 2.7GHz | 32 GB RAM | 500 GB SSD M2 1920&#215;1080<\/span><\/a><\/p>\n","protected":false},"featured_media":12112,"template":"","meta":[],"product_brand":[3123],"product_cat":[18],"product_tag":[],"class_list":{"0":"post-12139","1":"product","2":"type-product","3":"status-publish","4":"has-post-thumbnail","6":"product_brand-hp","7":"product_cat-non-classifiee","9":"first","10":"outofstock","11":"taxable","12":"shipping-taxable","13":"purchasable","14":"product-type-simple"},"exclude_global_add_ons":true,"addons":{"keyboard-iso-upgrades":{"name":"Choisir langue du clavier","type":"multiple_choice","position":0,"required":false,"title_format":"heading","default":"","description_enable":false,"description":"","placeholder_enable":false,"placeholder":"","display":"radiobutton","restrictions_type":"any_text","adjust_price":false,"price":"","price_type":"quantity_based","restrictions":false,"min":"0","max":"0","options":[{"label":"Autocollants espagnols [AMP00082]","price":"0.0000","price_type":"quantity_based","image":0,"visibility":true},{"label":"Autocollants fran\u00e7ais [AMP00084]","price":"0.0000","price_type":"quantity_based","image":0,"visibility":true},{"label":"Autocollants portugais [AMP00083]","price":"0.0000","price_type":"quantity_based","image":0,"visibility":true}]},"hdd-upgrades":{"name":"Extension disque dur","type":"multiple_choice","position":0,"required":false,"title_format":"heading","default":"","description_enable":false,"description":"","placeholder_enable":false,"placeholder":"","display":"radiobutton","restrictions_type":"any_text","adjust_price":false,"price":"","price_type":"quantity_based","restrictions":false,"min":"0","max":"0","options":[{"label":"Passez au disque SSD 1 Tb. M.2 2280 PCIe [AMP00107]","price":"110.0000","price_type":"quantity_based","image":0,"visibility":true}]},"os-upgrades":{"name":"Expansion SO","type":"multiple_choice","position":0,"required":false,"title_format":"heading","default":"","description_enable":false,"description":"","placeholder_enable":false,"placeholder":"","display":"radiobutton","restrictions_type":"any_text","adjust_price":false,"price":"","price_type":"quantity_based","restrictions":false,"min":"0","max":"0","options":[{"label":"Changer la langue en fran\u00e7ais [AMP00125]","price":"0.0000","price_type":"quantity_based","image":0,"visibility":true},{"label":"Changer la langue en anglais [AMP00008]","price":"0.0000","price_type":"quantity_based","image":0,"visibility":true},{"label":"Changer la langue en portugais [AMP00009]","price":"0.0000","price_type":"quantity_based","image":0,"visibility":true},{"label":"Passer \u00e0 Windows 32 bits [AMP00005]","price":"10.0000","price_type":"quantity_based","image":0,"visibility":true}]}},"_links":{"self":[{"href":"https:\/\/digamac.com\/fr\/wp-json\/wp\/v2\/product\/12139","targetHints":{"allow":["GET"]}}],"collection":[{"href":"https:\/\/digamac.com\/fr\/wp-json\/wp\/v2\/product"}],"about":[{"href":"https:\/\/digamac.com\/fr\/wp-json\/wp\/v2\/types\/product"}],"wp:featuredmedia":[{"embeddable":true,"href":"https:\/\/digamac.com\/fr\/wp-json\/wp\/v2\/media\/12112"}],"wp:attachment":[{"href":"https:\/\/digamac.com\/fr\/wp-json\/wp\/v2\/media?parent=12139"}],"wp:term":[{"taxonomy":"product_brand","embeddable":true,"href":"https:\/\/digamac.com\/fr\/wp-json\/wp\/v2\/product_brand?post=12139"},{"taxonomy":"product_cat","embeddable":true,"href":"https:\/\/digamac.com\/fr\/wp-json\/wp\/v2\/product_cat?post=12139"},{"taxonomy":"product_tag","embeddable":true,"href":"https:\/\/digamac.com\/fr\/wp-json\/wp\/v2\/product_tag?post=12139"}],"curies":[{"name":"wp","href":"https:\/\/api.w.org\/{rel}","templated":true}]}}