{"id":12406,"date":"2023-10-30T17:28:50","date_gmt":"2023-10-30T16:28:53","guid":{"rendered":"https:\/\/digamac.com\/producto\/apple-imac-142-27-a1419-reconditionne-core-i5-32ghz-8-gb-ram-256-gb-ssd-aio-fr-11387\/"},"modified":"2023-10-30T17:28:53","modified_gmt":"2023-10-30T16:28:53","slug":"apple-imac-142-27-a1419-reconditionne-core-i5-32ghz-8-gb-ram-256-gb-ssd-aio-fr-11387","status":"publish","type":"product","link":"https:\/\/digamac.com\/fr\/tienda\/imac-fr\/apple-imac-142-27-a1419-reconditionne-core-i5-32ghz-8-gb-ram-256-gb-ssd-aio-fr-11387\/","title":{"rendered":"Apple iMac 14,2 &#8211;  27&Prime; A1419 | Reconditionn\u00e9 | Core i5 3.2GHz | 8 GB RAM | 256 GB SSD AIO"},"content":{"rendered":"<p><strong>Processeur<\/strong><br \/>Intel Core i5 4570 3.2 GHz.<br \/><strong>Facteur de forme<\/strong><br \/>AIO<br \/><strong>M\u00e9moire RAM<\/strong><br \/>8 Gb. SO-DDR3 RAM<br \/><strong>Disque dur<\/strong><br \/>256 Gb. SSD<br \/><strong>Cartes<\/strong><br \/>Graphique: Nvidea GeForce GTX775M<br \/>Son: HD Audio<br \/>R\u00e9seau: Ethernet Gigabit<br \/><strong>Syst\u00e8me op\u00e9ratif<\/strong><br \/>macOS Catalina<br \/><strong>Ports<\/strong><br \/>2x Thunderbolt<br \/>4x USB 3.0<br \/><strong>\u00c9cran<\/strong><br \/>Led 27 \u00a0\u00bb 2K  16:9  \u00b7 R\u00e9solution 2560&#215;1440<br \/><strong>Multim\u00e9dias<\/strong><br \/>Webcam<br \/>Lecteur SD<br \/><strong>Connectivit\u00e9<\/strong><br \/>1x RJ-45<br \/>WIFI<br \/>Bluetooth<br \/><strong>Dimensions<\/strong><br \/>51.6x65x20.3 cm.<br \/><strong>Poids<\/strong><br \/>9.54 Kg.<br \/><strong>Sp\u00e9cifications suppl\u00e9mentaires&nbsp;<\/strong><br \/>Le produit est fourni avec le syst\u00e8me d&rsquo;exploitation install\u00e9 et pr\u00eat \u00e0 fonctionner. Sur le plan esth\u00e9tique c&rsquo;est impeccable. \u00c9cran parfait sans taches blanches ni rayures. Sans aucun doute une belle opportunit\u00e9 de se procurer un iMac et de commencer \u00e0 profiter des avantages de l&rsquo;environnement Apple. Regardez dans \u00ab + Photos \u00bb et \u00ab Vid\u00e9o \u00bb et si vous avez des questions, appelez-nous ou utilisez notre chat pour plus d&rsquo;informations ou pour demander plus de d\u00e9tails.&nbsp;<br \/><strong>Commentaires&nbsp;<\/strong><br \/><u>APPLE iPad 2 16 Go (Wi-Fi) inclus&nbsp;<\/u><br \/>(Apple A5 1 GHz. \u00b7 512 Mo. RAM SO-DDR2 \u00b7 16 Go. FLASH \u00b7 iOS \u00b7 Tactile 9,7\u00a0\u00bb HD 16:9 \u00b7 R\u00e9solution 1024&#215;768 \u00b7 Mod\u00e8le A1396 (2011) &#8211; iOS 9.3.5)&nbsp;<br \/><u>Mod\u00e8le A1419 (fin 2013) \u2013 Clavier et souris non inclus<\/u><\/p>\n","protected":false},"excerpt":{"rendered":"<p>Intel Core i5 4570 3.2 GHz. \u00b7 8 Gb. SO-DDR3 RAM \u00b7 256 Gb. SSD \u00b7 macOS Catalina \u00b7 Led 27 \u00a0\u00bb 2K  16:9  \u00b7 R\u00e9solution 2560&#215;1440 \u00b7 <u>Comprend APPLE iPad 2 16 Go. \u00b7 Mod\u00e8le A1419 (fin 2013) &#8211; Clavier et souris non inclus<\/u> [&#8230;]<\/p>\n<p><a class=\"btn btn-secondary understrap-read-more-link\" href=\"https:\/\/digamac.com\/fr\/tienda\/imac-fr\/apple-imac-142-27-a1419-reconditionne-core-i5-32ghz-8-gb-ram-256-gb-ssd-aio-fr-11387\/\">Lire la suite\u2026<span class=\"screen-reader-text\"> from Apple iMac 14,2 &#8211;  27&Prime; A1419 | Reconditionn\u00e9 | Core i5 3.2GHz | 8 GB RAM | 256 GB SSD AIO<\/span><\/a><\/p>\n","protected":false},"featured_media":12370,"template":"","meta":[],"product_brand":[3122],"product_cat":[2499],"product_tag":[],"class_list":{"0":"post-12406","1":"product","2":"type-product","3":"status-publish","4":"has-post-thumbnail","6":"product_brand-apple","7":"product_cat-imac-fr","9":"first","10":"outofstock","11":"taxable","12":"shipping-taxable","13":"purchasable","14":"product-type-simple"},"exclude_global_add_ons":[],"addons":[],"_links":{"self":[{"href":"https:\/\/digamac.com\/fr\/wp-json\/wp\/v2\/product\/12406","targetHints":{"allow":["GET"]}}],"collection":[{"href":"https:\/\/digamac.com\/fr\/wp-json\/wp\/v2\/product"}],"about":[{"href":"https:\/\/digamac.com\/fr\/wp-json\/wp\/v2\/types\/product"}],"wp:featuredmedia":[{"embeddable":true,"href":"https:\/\/digamac.com\/fr\/wp-json\/wp\/v2\/media\/12370"}],"wp:attachment":[{"href":"https:\/\/digamac.com\/fr\/wp-json\/wp\/v2\/media?parent=12406"}],"wp:term":[{"taxonomy":"product_brand","embeddable":true,"href":"https:\/\/digamac.com\/fr\/wp-json\/wp\/v2\/product_brand?post=12406"},{"taxonomy":"product_cat","embeddable":true,"href":"https:\/\/digamac.com\/fr\/wp-json\/wp\/v2\/product_cat?post=12406"},{"taxonomy":"product_tag","embeddable":true,"href":"https:\/\/digamac.com\/fr\/wp-json\/wp\/v2\/product_tag?post=12406"}],"curies":[{"name":"wp","href":"https:\/\/api.w.org\/{rel}","templated":true}]}}