{"id":12643,"date":"2023-12-05T17:56:46","date_gmt":"2023-12-05T16:56:49","guid":{"rendered":"https:\/\/digamac.com\/producto\/apple-imac-162-215-a1418-retina-reconditionne-core-i5-28ghz-8-gb-ram-1024-gb-hdd-aio-fr-11515\/"},"modified":"2024-06-19T10:35:52","modified_gmt":"2024-06-19T09:35:52","slug":"apple-imac-162-215-a1418-retina-reconditionne-core-i5-28ghz-8-gb-ram-1024-gb-hdd-aio-fr-11515","status":"publish","type":"product","link":"https:\/\/digamac.com\/fr\/tienda\/imac-fr\/apple-imac-162-215-a1418-retina-reconditionne-core-i5-28ghz-8-gb-ram-1024-gb-hdd-aio-fr-11515\/","title":{"rendered":"Apple iMac 16,2 &#8211; 21.5&Prime; A1418+iPad | Reconditionn\u00e9"},"content":{"rendered":"<p><strong>Processeur<\/strong><br \/>Intel Core i5 5575R 2.8 GHz.<br \/><strong>Facteur de forme<\/strong><br \/>AIO<br \/><strong>M\u00e9moire RAM<\/strong><br \/>8 Gb. SO-DDR3 RAM<br \/><strong>Disque dur<\/strong><br \/>1.00 Tb. SATA<br \/><strong>Cartes<\/strong><br \/>Graphique: Intel Iris Pro Graphics 6200<br \/>Son: HD Audio<br \/>R\u00e9seau: 10\/100\/1000 Base-T<br \/><strong>Syst\u00e8me op\u00e9ratif<\/strong><br \/>macOS Monterey<br \/><strong>Ports<\/strong><br \/>2x Thunderbolt<br \/>4x USB 3.0<br \/><strong>\u00c9cran<\/strong><br \/>Led 21.5 \u00a0\u00bb FullHD  avec Haut-parleurs \u00b7  16:9  \u00b7 R\u00e9solution 1920&#215;1080<br \/><strong>Multim\u00e9dias<\/strong><br \/>Webcam<br \/>Lecteur SD<br \/><strong>Affichage sp\u00e9cifique<\/strong><br \/>Base<br \/><strong>Connectivit\u00e9<\/strong><br \/>1x RJ-45<br \/>WIFI<br \/>Bluetooth<br \/><strong>Autres<\/strong><br \/>hR emballage<br \/><strong>Dimensions<\/strong><br \/>45&#215;52.8&#215;17.5 cm.<br \/><strong>Poids<\/strong><br \/>5.68 Kg.<br \/><strong>Sp\u00e9cifications suppl\u00e9mentaires<\/strong><br \/>Bon aspect ext\u00e9rieur. Le produit a le syst\u00e8me d&rsquo;exploitation install\u00e9 et pr\u00eat \u00e0 fonctionner. Sans aucun doute une belle opportunit\u00e9 de se procurer un iMac et de commencer \u00e0 profiter des avantages de l&rsquo;environnement Apple. Regardez dans \u00ab + Photos \u00bb et \u00ab Vid\u00e9o \u00bb et si vous avez des questions, appelez-nous ou utilisez notre chat pour plus d&rsquo;informations ou pour demander plus de d\u00e9tails.<br \/><strong>Commentaires\u00a0<\/strong><br \/><u>APPLE iPad 2 16 Go (Wi-Fi) inclus\u00a0<\/u><br \/>(Apple A5 1 GHz. \u00b7 512 Mo. RAM SO-DDR2 \u00b7 16 Go. FLASH \u00b7 iOS \u00b7 Tactile 9,7\u00a0\u00bb HD 16:9 \u00b7 R\u00e9solution 1024&#215;768 \u00b7 Mod\u00e8le A1396 (2011) &#8211; iOS 9.3.5)\u00a0<br \/><u>Mod\u00e8le A1418 (fin 2015) &#8211; Clavier et souris non inclus<\/u><\/p>\n","protected":false},"excerpt":{"rendered":"<p>Intel Core i5 5575R 2.8 GHz. \u00b7 8 Gb. SO-DDR3 RAM \u00b7 1.00 Tb. SATA \u00b7 macOS Monterey \u00b7 Led 21.5 \u00a0\u00bb FullHD avec Haut-parleurs \u00b7 16:9 \u00b7 R\u00e9solution 1920&#215;1080 \u00b7 <u>Mod. A1418 (Late 2015) &#8211; Clavier et souris non inclus<\/u> [&#8230;]<\/p>\n<p><a class=\"btn btn-secondary understrap-read-more-link\" href=\"https:\/\/digamac.com\/fr\/tienda\/imac-fr\/apple-imac-162-215-a1418-retina-reconditionne-core-i5-28ghz-8-gb-ram-1024-gb-hdd-aio-fr-11515\/\">Lire la suite\u2026<span class=\"screen-reader-text\"> from Apple iMac 16,2 &#8211; 21.5&Prime; A1418+iPad | Reconditionn\u00e9<\/span><\/a><\/p>\n","protected":false},"featured_media":12610,"template":"","meta":[],"product_brand":[3122],"product_cat":[2499],"product_tag":[],"class_list":{"0":"post-12643","1":"product","2":"type-product","3":"status-publish","4":"has-post-thumbnail","6":"product_brand-apple","7":"product_cat-imac-fr","9":"first","10":"outofstock","11":"taxable","12":"shipping-taxable","13":"purchasable","14":"product-type-simple"},"exclude_global_add_ons":true,"addons":{"hdd-upgrades":{"name":"Extension disque dur","type":"multiple_choice","position":0,"required":false,"title_format":"heading","default":"","description_enable":false,"description":"","placeholder_enable":false,"placeholder":"","display":"radiobutton","restrictions_type":"any_text","adjust_price":false,"price":"","price_type":"quantity_based","restrictions":false,"min":"0","max":"0","options":[{"label":"Passez au disque SSD de 480 Gb. IMac [AMP00056]","price":"109.0000","price_type":"quantity_based","image":0,"visibility":true},{"label":"Passez au disque SSD de 1 Tb. IMac [AMP00093]","price":"129.0000","price_type":"quantity_based","image":0,"visibility":true}]}},"_links":{"self":[{"href":"https:\/\/digamac.com\/fr\/wp-json\/wp\/v2\/product\/12643","targetHints":{"allow":["GET"]}}],"collection":[{"href":"https:\/\/digamac.com\/fr\/wp-json\/wp\/v2\/product"}],"about":[{"href":"https:\/\/digamac.com\/fr\/wp-json\/wp\/v2\/types\/product"}],"wp:featuredmedia":[{"embeddable":true,"href":"https:\/\/digamac.com\/fr\/wp-json\/wp\/v2\/media\/12610"}],"wp:attachment":[{"href":"https:\/\/digamac.com\/fr\/wp-json\/wp\/v2\/media?parent=12643"}],"wp:term":[{"taxonomy":"product_brand","embeddable":true,"href":"https:\/\/digamac.com\/fr\/wp-json\/wp\/v2\/product_brand?post=12643"},{"taxonomy":"product_cat","embeddable":true,"href":"https:\/\/digamac.com\/fr\/wp-json\/wp\/v2\/product_cat?post=12643"},{"taxonomy":"product_tag","embeddable":true,"href":"https:\/\/digamac.com\/fr\/wp-json\/wp\/v2\/product_tag?post=12643"}],"curies":[{"name":"wp","href":"https:\/\/api.w.org\/{rel}","templated":true}]}}