{"id":12938,"date":"2024-02-12T17:39:08","date_gmt":"2024-02-12T16:39:11","guid":{"rendered":"https:\/\/digamac.com\/producto\/apple-macbook-pro-142-space-grey-133-reconditionne-core-i7-35ghz-16-gb-ram-250-gb-ssd-m2-2560x1600-fr-11130\/"},"modified":"2024-06-04T16:57:11","modified_gmt":"2024-06-04T15:57:11","slug":"apple-macbook-pro-142-space-grey-133-reconditionne-core-i7-35ghz-16-gb-ram-250-gb-ssd-m2-2560x1600-fr-11130","status":"publish","type":"product","link":"https:\/\/digamac.com\/fr\/tienda\/macbook-pro-fr\/macbook-pro-13-fr\/apple-macbook-pro-142-space-grey-133-reconditionne-core-i7-35ghz-16-gb-ram-250-gb-ssd-m2-2560x1600-fr-11130\/","title":{"rendered":"Apple MacBook Pro 14,2 Space Grey 13.3\u00a0\u00bb Reconditionn\u00e9 | Core i7 3.5GHz | 16 GB RAM | 250 GB SSD M2 2560&#215;1600"},"content":{"rendered":"<p><strong>Processeur<\/strong><br \/>Intel Core i7 7567U 3.5 GHz.<br \/><strong>M\u00e9moire RAM<\/strong><br \/>16 Gb. SO-DDR3 RAM<br \/><strong>Disque dur<\/strong><br \/>250 Gb. SSD M2<br \/><strong>Cartes<\/strong><br \/>Graphique: Intel Iris Plus Graphics 650<br \/>Son: HD Audio<br \/><strong>Syst\u00e8me op\u00e9ratif<\/strong><br \/>macOS Monterey<br \/><strong>Ports<\/strong><br \/>4x USB-C<br \/><strong>\u00c9cran<\/strong><br \/>Retina 13.3 \u00a0\u00bb 2K  16:9  \u00b7 R\u00e9solution 2560&#215;1600<br \/><strong>Multim\u00e9dias<\/strong><br \/>Webcam<br \/><strong>Connectivit\u00e9<\/strong><br \/>WIFI<br \/>Bluetooth<br \/><strong>Notebook sp\u00e9cifique<\/strong><br \/>Langue du clavier International (autocollants espagnols)<br \/><strong>Dimensions<\/strong><br \/>30.4&#215;21.2&#215;1.4 cm.<br \/><strong>Poids<\/strong><br \/>1.40 Kg.<br \/><strong>Sp\u00e9cifications suppl\u00e9mentaires<\/strong><br \/>Bon aspect ext\u00e9rieur. Il y a de l\u00e9g\u00e8res marques d&rsquo;autocollants sur le bo\u00eetier. Ce sont des marques qui restent apr\u00e8s avoir retir\u00e9 les autocollants. Ce sont des marques un peu plus claires. Ce n\u2019est pas une usure. Sinon l&rsquo;ordinateur portable est en parfait \u00e9tat. C&rsquo;est un aspect purement esth\u00e9tique. \u00c9cran parfait sans taches blanches ni rayures. Au niveau fonctionnel, le syst\u00e8me d&rsquo;exploitation est install\u00e9 et pr\u00eat \u00e0 fonctionner. Sans aucun doute, une excellente opportunit\u00e9 d\u2019acqu\u00e9rir un MacBook et de commencer \u00e0 profiter des avantages de l\u2019environnement Apple. Regardez dans \u00ab\u00a0+ Photos\u00a0\u00bb et \u00ab\u00a0Vid\u00e9o\u00a0\u00bb et si vous avez des questions, appelez-nous ou utilisez notre chat pour d\u00e9velopper les informations ou demander plus de d\u00e9tails.<\/p>\n<p><strong>Commentaires<\/strong><br \/><u>Mod. A1706 (2017)<\/u><\/p>\n","protected":false},"excerpt":{"rendered":"<p>Intel Core i7 7567U 3.5 GHz. \u00b7 16 Gb. SO-DDR3 RAM \u00b7 250 Gb. SSD M2 \u00b7 macOS Monterey \u00b7 Retina 13.3 \u00a0\u00bb 2K  16:9  \u00b7 R\u00e9solution 2560&#215;1600 \u00b7 Webcam \u00b7 <u>Mod. A1706 (2017)<\/u> [&#8230;]<\/p>\n<p><a class=\"btn btn-secondary understrap-read-more-link\" href=\"https:\/\/digamac.com\/fr\/tienda\/macbook-pro-fr\/macbook-pro-13-fr\/apple-macbook-pro-142-space-grey-133-reconditionne-core-i7-35ghz-16-gb-ram-250-gb-ssd-m2-2560x1600-fr-11130\/\">Lire la suite\u2026<span class=\"screen-reader-text\"> from Apple MacBook Pro 14,2 Space Grey 13.3\u00a0\u00bb Reconditionn\u00e9 | Core i7 3.5GHz | 16 GB RAM | 250 GB SSD M2 2560&#215;1600<\/span><\/a><\/p>\n","protected":false},"featured_media":12926,"template":"","meta":[],"product_brand":[3122],"product_cat":[3064,3058],"product_tag":[],"class_list":{"0":"post-12938","1":"product","2":"type-product","3":"status-publish","4":"has-post-thumbnail","6":"product_brand-apple","7":"product_cat-macbook-pro-13-fr","8":"product_cat-macbook-pro-fr","10":"first","11":"outofstock","12":"taxable","13":"shipping-taxable","14":"purchasable","15":"product-type-simple"},"exclude_global_add_ons":true,"addons":{"keyboard-iso-upgrades":{"name":"Choisir langue du clavier","type":"multiple_choice","position":0,"required":false,"title_format":"heading","default":"","description_enable":false,"description":"","placeholder_enable":false,"placeholder":"","display":"radiobutton","restrictions_type":"any_text","adjust_price":false,"price":"","price_type":"quantity_based","restrictions":false,"min":"0","max":"0","options":[{"label":"Autocollants espagnols [AMP00082]","price":"0.0000","price_type":"quantity_based","image":0,"visibility":true},{"label":"Autocollants fran\u00e7ais [AMP00084]","price":"0.0000","price_type":"quantity_based","image":0,"visibility":true},{"label":"Autocollants portugais [AMP00083]","price":"0.0000","price_type":"quantity_based","image":0,"visibility":true}]},"mouse-upgrades":{"name":"Extension souris","type":"multiple_choice","position":0,"required":false,"title_format":"heading","default":"","description_enable":false,"description":"","placeholder_enable":false,"placeholder":"","display":"radiobutton","restrictions_type":"any_text","adjust_price":false,"price":"","price_type":"quantity_based","restrictions":false,"min":"0","max":"0","options":[{"label":"Apple Magic Mouse 2 (A1657) [AMP00060]","price":"60.0000","price_type":"quantity_based","image":0,"visibility":true},{"label":"Souris USB Apple (A1152) [AMP00053]","price":"15.0000","price_type":"quantity_based","image":0,"visibility":true}]}},"_links":{"self":[{"href":"https:\/\/digamac.com\/fr\/wp-json\/wp\/v2\/product\/12938","targetHints":{"allow":["GET"]}}],"collection":[{"href":"https:\/\/digamac.com\/fr\/wp-json\/wp\/v2\/product"}],"about":[{"href":"https:\/\/digamac.com\/fr\/wp-json\/wp\/v2\/types\/product"}],"wp:featuredmedia":[{"embeddable":true,"href":"https:\/\/digamac.com\/fr\/wp-json\/wp\/v2\/media\/12926"}],"wp:attachment":[{"href":"https:\/\/digamac.com\/fr\/wp-json\/wp\/v2\/media?parent=12938"}],"wp:term":[{"taxonomy":"product_brand","embeddable":true,"href":"https:\/\/digamac.com\/fr\/wp-json\/wp\/v2\/product_brand?post=12938"},{"taxonomy":"product_cat","embeddable":true,"href":"https:\/\/digamac.com\/fr\/wp-json\/wp\/v2\/product_cat?post=12938"},{"taxonomy":"product_tag","embeddable":true,"href":"https:\/\/digamac.com\/fr\/wp-json\/wp\/v2\/product_tag?post=12938"}],"curies":[{"name":"wp","href":"https:\/\/api.w.org\/{rel}","templated":true}]}}