{"id":13151,"date":"2024-05-06T11:01:13","date_gmt":"2024-05-06T10:01:17","guid":{"rendered":"https:\/\/digamac.com\/producto\/apple-macbook-pro-111-133-reconditionne-core-i7-28ghz-16-gb-ram-500-gb-ssd-m2-2560x1600-fr-12168\/"},"modified":"2024-05-06T11:01:18","modified_gmt":"2024-05-06T10:01:18","slug":"apple-macbook-pro-111-133-reconditionne-core-i7-28ghz-16-gb-ram-500-gb-ssd-m2-2560x1600-fr-12168","status":"publish","type":"product","link":"https:\/\/digamac.com\/fr\/tienda\/macbook-pro-fr\/macbook-pro-13-fr\/apple-macbook-pro-111-133-reconditionne-core-i7-28ghz-16-gb-ram-500-gb-ssd-m2-2560x1600-fr-12168\/","title":{"rendered":"Apple Macbook Pro 11,1 13.3\u00a0\u00bb Reconditionn\u00e9 | Core i7 2.8GHz | 16 GB RAM | 500 GB SSD M2 2560&#215;1600"},"content":{"rendered":"<p><strong>Processeur<\/strong><br \/>Intel Core i7 4558U 2.8 GHz.<br \/><strong>M\u00e9moire RAM<\/strong><br \/>16 Gb. SO-DDR3 RAM<br \/><strong>Disque dur<\/strong><br \/>500 Gb. SSD M2<br \/><strong>Cartes<\/strong><br \/>Graphique: Intel Iris 1.5Gb<br \/><strong>Syst\u00e8me op\u00e9ratif<\/strong><br \/>macOS Big Sur<br \/><strong>Ports<\/strong><br \/>2x Thunderbolt<br \/>2x USB 3.0<br \/><strong>\u00c9cran<\/strong><br \/>Retina 13.3 \u00a0\u00bb 2K 16:9 \u00b7 R\u00e9solution 2560&#215;1600<br \/><strong>Ports vid\u00e9o<\/strong><br \/>1x HDMI<br \/><strong>Multim\u00e9dias<\/strong><br \/>Webcam<br \/>Lecteur SD<br \/><strong>Connectivit\u00e9<\/strong><br \/>WIFI<br \/>Bluetooth<br \/><strong>Notebook sp\u00e9cifique<\/strong><br \/>Langue du clavier Espagnol<br \/>Adaptateur secteur magsafe 2<br \/><strong>Autres<\/strong><br \/>hR emballage<br \/><strong>Dimensions<\/strong><br \/>31.5x22x1.5 cm.<br \/><strong>Poids<\/strong><br \/>1.60 Kg.<br \/><strong>Sp\u00e9cifications suppl\u00e9mentaires<\/strong><br \/><u>Petites rayures sur l&rsquo;\u00e9cran. Ils sont particuli\u00e8rement visibles lorsque l\u2019\u00e9cran est \u00e9teint. Avec cela, ils sont \u00e0 peine perceptibles. Batterie avec r\u00e9paration recommand\u00e9e (fonctionne correctement, seul APPLE recommande de changer la batterie)<\/u>. Le produit a le syst\u00e8me d&rsquo;exploitation install\u00e9 et pr\u00eat \u00e0 fonctionner. Sans aucun doute une belle opportunit\u00e9 de se procurer un iMac et de commencer \u00e0 profiter des avantages de l&rsquo;environnement Apple. Regardez dans \u00ab + Photos \u00bb et \u00ab Vid\u00e9o \u00bb et si vous avez des questions, appelez-nous ou utilisez notre chat pour plus d&rsquo;informations ou pour demander plus de d\u00e9tails.<br \/><strong>Commentaires<\/strong><br \/><u>Mod. A1502 (Late 2013)<\/u><\/p>\n","protected":false},"excerpt":{"rendered":"<p>Intel Core i7 4558U 2.8 GHz. \u00b7 16 Gb. SO-DDR3 RAM \u00b7 500 Gb. SSD M2 \u00b7 macOS Big Sur \u00b7 Retina 13.3 \u00a0\u00bb 2K 16:9 \u00b7<u>Comprend Apple Magic Mouse 2 sans fil \u00b7 Mod\u00e8le A1502 (fin 2013) &#8211; Gris argent\u00e9<\/u> [&#8230;]<\/p>\n<p><a class=\"btn btn-secondary understrap-read-more-link\" href=\"https:\/\/digamac.com\/fr\/tienda\/macbook-pro-fr\/macbook-pro-13-fr\/apple-macbook-pro-111-133-reconditionne-core-i7-28ghz-16-gb-ram-500-gb-ssd-m2-2560x1600-fr-12168\/\">Lire la suite\u2026<span class=\"screen-reader-text\"> from Apple Macbook Pro 11,1 13.3\u00a0\u00bb Reconditionn\u00e9 | Core i7 2.8GHz | 16 GB RAM | 500 GB SSD M2 2560&#215;1600<\/span><\/a><\/p>\n","protected":false},"featured_media":13118,"template":"","meta":[],"product_brand":[3122],"product_cat":[3064,3058],"product_tag":[],"class_list":{"0":"post-13151","1":"product","2":"type-product","3":"status-publish","4":"has-post-thumbnail","6":"product_brand-apple","7":"product_cat-macbook-pro-13-fr","8":"product_cat-macbook-pro-fr","10":"first","11":"outofstock","12":"taxable","13":"shipping-taxable","14":"purchasable","15":"product-type-simple"},"exclude_global_add_ons":true,"addons":{"keyboard-iso-upgrades":{"name":"Choisir langue du clavier","type":"multiple_choice","position":0,"required":false,"title_format":"heading","default":"","description_enable":false,"description":"","placeholder_enable":false,"placeholder":"","display":"radiobutton","restrictions_type":"any_text","adjust_price":false,"price":"","price_type":"quantity_based","restrictions":false,"min":"0","max":"0","options":[{"label":"Autocollants fran\u00e7ais [AMP00084]","price":"0.0000","price_type":"quantity_based","image":0,"visibility":true},{"label":"Autocollants portugais [AMP00083]","price":"0.0000","price_type":"quantity_based","image":0,"visibility":true}]}},"_links":{"self":[{"href":"https:\/\/digamac.com\/fr\/wp-json\/wp\/v2\/product\/13151","targetHints":{"allow":["GET"]}}],"collection":[{"href":"https:\/\/digamac.com\/fr\/wp-json\/wp\/v2\/product"}],"about":[{"href":"https:\/\/digamac.com\/fr\/wp-json\/wp\/v2\/types\/product"}],"wp:featuredmedia":[{"embeddable":true,"href":"https:\/\/digamac.com\/fr\/wp-json\/wp\/v2\/media\/13118"}],"wp:attachment":[{"href":"https:\/\/digamac.com\/fr\/wp-json\/wp\/v2\/media?parent=13151"}],"wp:term":[{"taxonomy":"product_brand","embeddable":true,"href":"https:\/\/digamac.com\/fr\/wp-json\/wp\/v2\/product_brand?post=13151"},{"taxonomy":"product_cat","embeddable":true,"href":"https:\/\/digamac.com\/fr\/wp-json\/wp\/v2\/product_cat?post=13151"},{"taxonomy":"product_tag","embeddable":true,"href":"https:\/\/digamac.com\/fr\/wp-json\/wp\/v2\/product_tag?post=13151"}],"curies":[{"name":"wp","href":"https:\/\/api.w.org\/{rel}","templated":true}]}}