{"id":16393,"date":"2025-10-23T11:45:34","date_gmt":"2025-10-23T10:45:34","guid":{"rendered":"https:\/\/digamac.com\/tienda\/non class\u00e9\/apple-mac-mini-41-mini-reconditionne-core-2-duo-266ghz-8-gb-ram-320-gb-hdd-fr-14139\/"},"modified":"2026-02-25T09:07:06","modified_gmt":"2026-02-25T08:07:06","slug":"apple-mac-mini-41-mini-reconditionne-core-2-duo-266ghz-8-gb-ram-320-gb-hdd-fr-14139","status":"publish","type":"product","link":"https:\/\/digamac.com\/fr\/tienda\/mac-mini-fr\/apple-mac-mini-41-mini-reconditionne-core-2-duo-266ghz-8-gb-ram-320-gb-hdd-fr-14139\/","title":{"rendered":"Apple Mac Mini 4,1 Mini | Reconditionn\u00e9 | Core 2 Duo 2.66GHz | 8 GB RAM | 320 GB HDD"},"content":{"rendered":"<p><strong>Processeur<\/strong><br \/>Intel Core 2 Duo P8800 2.66 GHz.<br \/><strong>Facteur de forme<\/strong><br \/>Mini<br \/><strong>M\u00e9moire RAM<\/strong><br \/>8 Gb. SO-DDR3 RAM<br \/><strong>Disque dur<\/strong><br \/>320 Gb. SATA<br \/><strong>Cartes<\/strong><br \/>Graphique: Intel HD Graphics 3000<br \/>Son: High Definition Audio<br \/>R\u00e9seau: Ethernet Gigabit<br \/><strong>Syst\u00e8me op\u00e9ratif<\/strong><br \/>macOS High Sierra<br \/><strong>Ports<\/strong><br \/>4x USB 2.0<br \/>Firewire<br \/>Thunderbolt<br \/><strong>Ports vid\u00e9o<\/strong><br \/>HDMI<br \/><strong>Multim\u00e9dias<\/strong><br \/>Lecteur SD<br \/><strong>Connectivit\u00e9<\/strong><br \/>RJ-45<br \/>WIFI<br \/>Bluetooth<br \/><strong>Autres<\/strong><br \/>hR emballage<br \/><strong>Dimensions<\/strong><br \/>20x4x20 cm.<br \/><strong>Poids<\/strong><br \/>1.00 Kg.<br \/><strong>Sp\u00e9cifications suppl\u00e9mentaires<\/strong><br \/>L\u2019Apple Mac Mini 4,1 (mod\u00e8le A1347, Mi-2010) allie l\u2019\u00e9l\u00e9gance classique d\u2019Apple \u00e0 des performances fiables pour les t\u00e2ches quotidiennes. \u00c9quip\u00e9 d\u2019un processeur Intel Core 2 Duo P8800 de 2,66 GHz, cet appareil compact ex\u00e9cute avec fluidit\u00e9 les applications bureautiques, la navigation web, la lecture multim\u00e9dia et la gestion de projets l\u00e9gers avec stabilit\u00e9 et efficacit\u00e9.Avec 8 Go de m\u00e9moire SO-DDR3 et un disque dur SATA de 320 Go, il offre l\u2019\u00e9quilibre parfait entre capacit\u00e9 de stockage et r\u00e9activit\u00e9, assurant une utilisation agile et sans interruption. Le syst\u00e8me d\u2019exploitation macOS High Sierra fournit une exp\u00e9rience intuitive et s\u00e9curis\u00e9e tout en maintenant la compatibilit\u00e9 avec les applications modernes dans la mesure du possible.La finition Silver et le design compact font du Mac Mini 4,1 un appareil discret, fonctionnel et \u00e9l\u00e9gant, id\u00e9al pour les bureaux, studios \u00e0 domicile ou tout espace valorisant le style et la fiabilit\u00e9 d\u2019Apple. Silencieux, efficace et compact, il reste un choix pratique pour ceux qui recherchent un ordinateur Apple durable et de petite taille.Bon aspect ext\u00e9rieur. Si vous avez des questions, appelez-nous ou utilisez notre chat pour obtenir plus d\u2019informations ou demander des d\u00e9tails suppl\u00e9mentaires.<br \/><strong>Commentaires<\/strong><br \/><u>Mod\u00e8le A1347 (Mid. 2010) &#8211; Couleur Silver<\/u><\/p>\n","protected":false},"excerpt":{"rendered":"<p>Intel Core 2 Duo P8800 2.66 GHz. \u00b7 8 Gb. SO-DDR3 RAM \u00b7 320 Gb. SATA \u00b7 macOS High Sierra \u00b7<br \/>\n<u>Mod\u00e8le A1347 (Mid. 2010) &#8211; Couleur Silver<br \/>\n<\/u> [&#8230;]<\/p>\n<p><a class=\"btn btn-secondary understrap-read-more-link\" href=\"https:\/\/digamac.com\/fr\/tienda\/mac-mini-fr\/apple-mac-mini-41-mini-reconditionne-core-2-duo-266ghz-8-gb-ram-320-gb-hdd-fr-14139\/\">Lire la suite\u2026<span class=\"screen-reader-text\"> from Apple Mac Mini 4,1 Mini | Reconditionn\u00e9 | Core 2 Duo 2.66GHz | 8 GB RAM | 320 GB HDD<\/span><\/a><\/p>\n","protected":false},"featured_media":16394,"template":"","meta":[],"product_brand":[3122],"product_cat":[2508],"product_tag":[],"class_list":{"0":"post-16393","1":"product","2":"type-product","3":"status-publish","4":"has-post-thumbnail","6":"product_brand-apple","7":"product_cat-mac-mini-fr","9":"first","10":"instock","11":"taxable","12":"shipping-taxable","13":"purchasable","14":"product-type-simple"},"exclude_global_add_ons":true,"addons":{"mouse-upgrades":{"name":"Extension souris","type":"multiple_choice","position":0,"required":false,"title_format":"heading","default":"","description_enable":false,"description":"","placeholder_enable":false,"placeholder":"","display":"radiobutton","restrictions_type":"any_text","adjust_price":false,"price":"","price_type":"quantity_based","restrictions":false,"min":"0","max":"0","options":[{"label":"Apple Magic Mouse 2 (A1657) [AMP00060]","price":"60.0000","price_type":"quantity_based","image":0,"visibility":true}]},"ram-memory-upgrades":{"name":"Extension RAM","type":"multiple_choice","position":0,"required":false,"title_format":"heading","default":"","description_enable":false,"description":"","placeholder_enable":false,"placeholder":"","display":"radiobutton","restrictions_type":"any_text","adjust_price":false,"price":"","price_type":"quantity_based","restrictions":false,"min":"0","max":"0","options":[{"label":"Extension de 16 Gb de RAM SODIMM DDR3 [AMP00004]","price":"50.0000","price_type":"quantity_based","image":0,"visibility":true}]},"hdd-upgrades":{"name":"Extension disque dur","type":"multiple_choice","position":0,"required":false,"title_format":"heading","default":"","description_enable":false,"description":"","placeholder_enable":false,"placeholder":"","display":"radiobutton","restrictions_type":"any_text","adjust_price":false,"price":"","price_type":"quantity_based","restrictions":false,"min":"0","max":"0","options":[{"label":"Passez au disque SSD de 240 Gb. [AMP00013]","price":"35.0000","price_type":"quantity_based","image":0,"visibility":true},{"label":"Passez au disque SSD de 480 Gb. [AMP00014]","price":"59.0000","price_type":"quantity_based","image":0,"visibility":true},{"label":"Passez au disque SSD 1 Tb. [AMP00071]","price":"95.0000","price_type":"quantity_based","image":0,"visibility":true},{"label":"Passez au disque SSD 2 Tb. M.2 2280 PCIe [AMP00171]","price":"200.0000","price_type":"quantity_based","image":0,"visibility":true}]}},"_links":{"self":[{"href":"https:\/\/digamac.com\/fr\/wp-json\/wp\/v2\/product\/16393","targetHints":{"allow":["GET"]}}],"collection":[{"href":"https:\/\/digamac.com\/fr\/wp-json\/wp\/v2\/product"}],"about":[{"href":"https:\/\/digamac.com\/fr\/wp-json\/wp\/v2\/types\/product"}],"wp:featuredmedia":[{"embeddable":true,"href":"https:\/\/digamac.com\/fr\/wp-json\/wp\/v2\/media\/16394"}],"wp:attachment":[{"href":"https:\/\/digamac.com\/fr\/wp-json\/wp\/v2\/media?parent=16393"}],"wp:term":[{"taxonomy":"product_brand","embeddable":true,"href":"https:\/\/digamac.com\/fr\/wp-json\/wp\/v2\/product_brand?post=16393"},{"taxonomy":"product_cat","embeddable":true,"href":"https:\/\/digamac.com\/fr\/wp-json\/wp\/v2\/product_cat?post=16393"},{"taxonomy":"product_tag","embeddable":true,"href":"https:\/\/digamac.com\/fr\/wp-json\/wp\/v2\/product_tag?post=16393"}],"curies":[{"name":"wp","href":"https:\/\/api.w.org\/{rel}","templated":true}]}}