{"id":16399,"date":"2025-08-06T09:16:47","date_gmt":"2025-08-06T08:16:47","guid":{"rendered":"https:\/\/digamac.com\/tienda\/non class\u00e9\/apple-macbook-air-101-133-reconditionne-m1-32ghz-8-gb-ram-256-gb-ssd-m2-2560x1600-fr-13942\/"},"modified":"2026-02-06T13:12:41","modified_gmt":"2026-02-06T12:12:41","slug":"apple-macbook-air-101-133-reconditionne-m1-32ghz-8-gb-ram-256-gb-ssd-m2-2560x1600-fr-13942","status":"publish","type":"product","link":"https:\/\/digamac.com\/fr\/tienda\/macbook-air-fr\/apple-macbook-air-101-133-reconditionne-m1-32ghz-8-gb-ram-256-gb-ssd-m2-2560x1600-fr-13942\/","title":{"rendered":"Apple MacBook Air 10,1 13.3\u00a0\u00bb | Reconditionn\u00e9 | M1 3.2GHz | 8 GB RAM | 256 GB SSD M2 2560&#215;1600"},"content":{"rendered":"<p><strong>Processeur<\/strong><br \/>Apple M1 3.2 GHz.<br \/><strong>M\u00e9moire RAM<\/strong><br \/>8 Gb. SO-DDR4 RAM<br \/><strong>Disque dur<\/strong><br \/>256 Gb. SSD M2<br \/><strong>Cartes<\/strong><br \/>Graphique: Apple G13G<br \/><strong>Syst\u00e8me op\u00e9ratif<\/strong><br \/>macOS Sequoia<br \/><strong>Ports<\/strong><br \/>2x USB-C<br \/><strong>\u00c9cran<\/strong><br \/>Led 13.3 \u00a0\u00bb 2K 16:9 \u00b7 R\u00e9solution 2560&#215;1600<br \/><strong>Multim\u00e9dias<\/strong><br \/>Webcam<br \/><strong>Connectivit\u00e9<\/strong><br \/>WIFI<br \/>Bluetooth<br \/><strong>Notebook sp\u00e9cifique<\/strong><br \/>Langue du clavier International (autocollants espagnols)<br \/><strong>Autres<\/strong><br \/>hR emballage<br \/><strong>Dimensions<\/strong><br \/>30.4&#215;21.2&#215;1.6 cm.<br \/><strong>Poids<\/strong><br \/>1.30 Kg.<br \/><strong>Sp\u00e9cifications suppl\u00e9mentaires<\/strong><br \/>\u00c9l\u00e9gant, silencieux et plus puissant que vous ne l&rsquo;imaginez. Le MacBook Air 13,3 pouces (A2337) (2020) couleur Argent marque le d\u00e9but d&rsquo;une nouvelle \u00e8re avec la puce Apple M1 cadenc\u00e9e \u00e0 3,2 GHz, r\u00e9volutionnant votre fa\u00e7on de travailler, de cr\u00e9er et de profiter de vos contenus sur un ordinateur portable ultral\u00e9ger. Avec 8 Go de RAM DDR4 et un SSD M.2 de 250 Go, il offre une exp\u00e9rience fluide et r\u00e9active d\u00e8s la premi\u00e8re seconde : lancement instantan\u00e9 des applications, multit\u00e2che sans latence et excellente autonomie. Id\u00e9al pour les \u00e9tudiants et les professionnels qui recherchent de v\u00e9ritables performances en d\u00e9placement. L&rsquo;\u00e9cran LED Retina 13,3 pouces avec une r\u00e9solution 2K (2560 x 1600) offre des images \u00e9clatantes et des textes nets. Id\u00e9al pour un design l\u00e9ger, une navigation intensive ou tout simplement pour profiter de s\u00e9ries et d&rsquo;appels vid\u00e9o de haute qualit\u00e9 gr\u00e2ce \u00e0 sa webcam HD int\u00e9gr\u00e9e. Le tout sous macOS Sequoia, le syst\u00e8me d&rsquo;exploitation le plus avanc\u00e9 d&rsquo;Apple \u00e0 ce jour. Fin, robuste et au design impeccable, ce MacBook Air (A2337) prouve qu&rsquo;il n&rsquo;est pas n\u00e9cessaire d&rsquo;\u00eatre grand pour \u00eatre incroyablement performant. Son design est superbe. Consultez la section \u00ab + Photos \u00bb et, pour toute question, appelez-nous ou utilisez notre chat pour plus d&rsquo;informations ou pour demander plus de d\u00e9tails.<br \/><strong>Commentaires<\/strong><br \/><u>Mod\u00e8le A2337 (2020) &#8211; Couleur Silver<\/u><\/p>\n","protected":false},"excerpt":{"rendered":"<p><strong>Apple M1 3.2 GHz.<\/strong> \u00b7 8 Gb. SO-DDR4 RAM \u00b7 256 Gb. SSD M2 \u00b7 macOS Sequoia \u00b7 Led 13.3 \u00a0\u00bb 2K 16:9 \u00b7 R\u00e9solution 2560&#215;1600 \u00b7 Webcam \u00b7<br \/>\n<u>Mod\u00e8le A2337 (2020) &#8211; Couleur Silver<br \/>\n<\/u> [&#8230;]<\/p>\n<p><a class=\"btn btn-secondary understrap-read-more-link\" href=\"https:\/\/digamac.com\/fr\/tienda\/macbook-air-fr\/apple-macbook-air-101-133-reconditionne-m1-32ghz-8-gb-ram-256-gb-ssd-m2-2560x1600-fr-13942\/\">Lire la suite\u2026<span class=\"screen-reader-text\"> from Apple MacBook Air 10,1 13.3\u00a0\u00bb | Reconditionn\u00e9 | M1 3.2GHz | 8 GB RAM | 256 GB SSD M2 2560&#215;1600<\/span><\/a><\/p>\n","protected":false},"featured_media":16405,"template":"","meta":[],"product_brand":[3122],"product_cat":[3061],"product_tag":[],"class_list":{"0":"post-16399","1":"product","2":"type-product","3":"status-publish","4":"has-post-thumbnail","6":"product_brand-apple","7":"product_cat-macbook-air-fr","9":"first","10":"outofstock","11":"taxable","12":"shipping-taxable","13":"purchasable","14":"product-type-simple"},"exclude_global_add_ons":true,"addons":{"keyboard-iso-upgrades":{"name":"Choisir langue du clavier","type":"multiple_choice","position":0,"required":false,"title_format":"heading","default":"","description_enable":false,"description":"","placeholder_enable":false,"placeholder":"","display":"radiobutton","restrictions_type":"any_text","adjust_price":false,"price":"","price_type":"quantity_based","restrictions":false,"min":"0","max":"0","options":[{"label":"Autocollants espagnols [AMP00082]","price":"0.0000","price_type":"quantity_based","image":0,"visibility":true},{"label":"Autocollants fran\u00e7ais [AMP00084]","price":"0.0000","price_type":"quantity_based","image":0,"visibility":true},{"label":"Autocollants portugais [AMP00083]","price":"0.0000","price_type":"quantity_based","image":0,"visibility":true}]},"mouse-upgrades":{"name":"Extension souris","type":"multiple_choice","position":0,"required":false,"title_format":"heading","default":"","description_enable":false,"description":"","placeholder_enable":false,"placeholder":"","display":"radiobutton","restrictions_type":"any_text","adjust_price":false,"price":"","price_type":"quantity_based","restrictions":false,"min":"0","max":"0","options":[{"label":"Apple Magic Mouse 2 (A1657) [AMP00060]","price":"60.0000","price_type":"quantity_based","image":0,"visibility":true}]}},"_links":{"self":[{"href":"https:\/\/digamac.com\/fr\/wp-json\/wp\/v2\/product\/16399","targetHints":{"allow":["GET"]}}],"collection":[{"href":"https:\/\/digamac.com\/fr\/wp-json\/wp\/v2\/product"}],"about":[{"href":"https:\/\/digamac.com\/fr\/wp-json\/wp\/v2\/types\/product"}],"wp:featuredmedia":[{"embeddable":true,"href":"https:\/\/digamac.com\/fr\/wp-json\/wp\/v2\/media\/16405"}],"wp:attachment":[{"href":"https:\/\/digamac.com\/fr\/wp-json\/wp\/v2\/media?parent=16399"}],"wp:term":[{"taxonomy":"product_brand","embeddable":true,"href":"https:\/\/digamac.com\/fr\/wp-json\/wp\/v2\/product_brand?post=16399"},{"taxonomy":"product_cat","embeddable":true,"href":"https:\/\/digamac.com\/fr\/wp-json\/wp\/v2\/product_cat?post=16399"},{"taxonomy":"product_tag","embeddable":true,"href":"https:\/\/digamac.com\/fr\/wp-json\/wp\/v2\/product_tag?post=16399"}],"curies":[{"name":"wp","href":"https:\/\/api.w.org\/{rel}","templated":true}]}}