{"id":16458,"date":"2025-05-16T08:09:59","date_gmt":"2025-05-16T07:09:59","guid":{"rendered":"https:\/\/digamac.com\/tienda\/non%20class\u00e9\/telephone-portable-apple-iphone-7-black-reconditionne-fr-13315\/"},"modified":"2026-02-25T09:07:08","modified_gmt":"2026-02-25T08:07:08","slug":"telephone-portable-apple-iphone-7-black-reconditionne-fr-13315","status":"publish","type":"product","link":"https:\/\/digamac.com\/fr\/tienda\/iphone-fr\/telephone-portable-apple-iphone-7-black-reconditionne-fr-13315\/","title":{"rendered":"T\u00e9l\u00e9phone portable Apple iPhone 7 Black | Reconditionn\u00e9"},"content":{"rendered":"<p><strong>Processeur:<\/strong><br \/>Apple A10 Fusion<br \/><strong>M\u00e9moire:<\/strong><br \/>2 Go de RAM<br \/><strong>Stockage:<\/strong><br \/>32 Go de m\u00e9moire Flash<br \/><strong>\u00c9cran:<\/strong><br \/>R\u00e9tine HD. \u00c9cran LCD multi-touch IPS de 4,7 pouces<br \/><strong>ID tactile:<\/strong><br \/>Capteur d&#8217;empreintes digitales int\u00e9gr\u00e9 au bouton d&rsquo;accueil<br \/><strong>Cam\u00e9ra:<\/strong><br \/>Appareil photo 12 Mpx. Enregistrement vid\u00e9o 4K<br \/><strong>Cam\u00e9ra FaceTime HD :<\/strong><br \/>appareil photo 7 Mpx<br \/><strong>Connectivit\u00e9:<\/strong><br \/>Wi-Fi, Bluetooth, 4G, GPS<br \/><strong>Mod\u00e8le:<\/strong><br \/>Mod\u00e8leA1396 (2011)<br \/><strong>Syst\u00e8me op\u00e9rateur:<\/strong><br \/>iOS 9.3.5<br \/><strong>Couleur:<\/strong><br \/>Noir<br \/><strong>Dimensions:<\/strong><br \/>13,83 cm x 6,71 cm &#8211; 0,71 cm<br \/><strong>Poids:<\/strong><br \/>138 grammes<br \/><strong>Autres:<\/strong><br \/>Comprend un c\u00e2ble Lightning<\/p>\n","protected":false},"excerpt":{"rendered":"<p>Apple A10 Fusion &#8211; 2 Go RAM &#8211; 32 Go Flash &#8211; \u00c9cran Retina Multi-Touch 4,7&Prime; &#8211; Appareil photo 12 MP et enregistrement 4K &#8211; Cam\u00e9ra FaceTime HD &#8211; Wi-Fi &#8211; Bluetooth &#8211; 4G &#8211; GPS &#8211; Mod\u00e8le A1396 (2011) &#8211; iOS 9.3.5 &#8211; Noir [&#8230;]<\/p>\n<p><a class=\"btn btn-secondary understrap-read-more-link\" href=\"https:\/\/digamac.com\/fr\/tienda\/iphone-fr\/telephone-portable-apple-iphone-7-black-reconditionne-fr-13315\/\">Lire la suite\u2026<span class=\"screen-reader-text\"> from T\u00e9l\u00e9phone portable Apple iPhone 7 Black | Reconditionn\u00e9<\/span><\/a><\/p>\n","protected":false},"featured_media":16460,"template":"","meta":[],"product_brand":[3122],"product_cat":[3430],"product_tag":[],"class_list":{"0":"post-16458","1":"product","2":"type-product","3":"status-publish","4":"has-post-thumbnail","6":"product_brand-apple","7":"product_cat-iphone-fr","9":"first","10":"instock","11":"taxable","12":"shipping-taxable","13":"purchasable","14":"product-type-simple"},"exclude_global_add_ons":[],"addons":[],"_links":{"self":[{"href":"https:\/\/digamac.com\/fr\/wp-json\/wp\/v2\/product\/16458","targetHints":{"allow":["GET"]}}],"collection":[{"href":"https:\/\/digamac.com\/fr\/wp-json\/wp\/v2\/product"}],"about":[{"href":"https:\/\/digamac.com\/fr\/wp-json\/wp\/v2\/types\/product"}],"wp:featuredmedia":[{"embeddable":true,"href":"https:\/\/digamac.com\/fr\/wp-json\/wp\/v2\/media\/16460"}],"wp:attachment":[{"href":"https:\/\/digamac.com\/fr\/wp-json\/wp\/v2\/media?parent=16458"}],"wp:term":[{"taxonomy":"product_brand","embeddable":true,"href":"https:\/\/digamac.com\/fr\/wp-json\/wp\/v2\/product_brand?post=16458"},{"taxonomy":"product_cat","embeddable":true,"href":"https:\/\/digamac.com\/fr\/wp-json\/wp\/v2\/product_cat?post=16458"},{"taxonomy":"product_tag","embeddable":true,"href":"https:\/\/digamac.com\/fr\/wp-json\/wp\/v2\/product_tag?post=16458"}],"curies":[{"name":"wp","href":"https:\/\/api.w.org\/{rel}","templated":true}]}}