{"id":16494,"date":"2025-12-05T13:23:29","date_gmt":"2025-12-05T12:23:29","guid":{"rendered":"https:\/\/digamac.com\/tienda\/non%20class\u00e9\/samsung-s24d300h-24-led-169-reconditionne-1920x1080-fr-14173\/"},"modified":"2026-02-25T09:07:51","modified_gmt":"2026-02-25T08:07:51","slug":"samsung-s24d300h-24-led-169-reconditionne-1920x1080-fr-14173","status":"publish","type":"product","link":"https:\/\/digamac.com\/fr\/tienda\/moniteurs-fr\/samsung-s24d300h-24-led-169-reconditionne-1920x1080-fr-14173\/","title":{"rendered":"Samsung S24D300H 24\u00a0\u00bb Led 16:9 | Reconditionn\u00e9 | 1920&#215;1080"},"content":{"rendered":"<p><strong>\u00c9cran<\/strong><br \/>Led 24 \u00a0\u00bb FullHD 16:9 \u00b7 R\u00e9solution 1920&#215;1080<br \/>Dot pitch 0.276 mm<br \/>R\u00e9ponse 2 ms<br \/>Contraste 1000:1<br \/>Luminosit\u00e9 250 cd\/m2<br \/>Angle vision 170\u00b0v\/160\u00b0h<br \/><strong>Ports vid\u00e9o<\/strong><br \/>VGA<br \/>HDMI<br \/><strong>Affichage sp\u00e9cifique<\/strong><br \/>Chargeur externe<br \/>Tension d&rsquo;alimentation externe 14V<br \/>Base<br \/><strong>Autres<\/strong><br \/>hR emballage<br \/><strong>Dimensions<\/strong><br \/>57x42x20 cm.<br \/><strong>Poids<\/strong><br \/>3.10 Kg.<br \/><strong>Sp\u00e9cifications suppl\u00e9mentaires<\/strong><br \/>D\u00e9couvrez le Samsung S24D300H, un moniteur con\u00e7u pour ceux qui souhaitent allier performance et confort visuel dans leur espace de travail ou de divertissement. Parfait \u00e0 la fois pour les professionnels qui ont besoin de pr\u00e9cision dans chaque d\u00e9tail et pour les utilisateurs qui appr\u00e9cient le contenu multim\u00e9dia en qualit\u00e9 FullHD.Son \u00e9cran LED de 24\u2019\u2019 avec une r\u00e9solution de 1920&#215;1080 et un format 16:9 offre des images nettes et des couleurs vives, tandis que le temps de r\u00e9ponse de 2 ms et le contraste de 1000:1 garantissent une exp\u00e9rience fluide et sans flou. Avec une luminosit\u00e9 de 250 cd\/m\u00b2 et des angles de vision de 170\u00b0\/160\u00b0, chaque image reste claire quelle que soit la position. De plus, la connectivit\u00e9 HDMI et VGA vous permet de connecter rapidement et facilement vos appareils, avec tous les c\u00e2bles n\u00e9cessaires inclus.Avec le Samsung S24D300H, vous profiterez d\u2019un moniteur qui non seulement augmente votre productivit\u00e9 mais prot\u00e8ge \u00e9galement vos yeux lors de longues journ\u00e9es. Son design \u00e9l\u00e9gant et fonctionnel s\u2019int\u00e8gre dans tous les environnements, am\u00e9liorant votre exp\u00e9rience devant l\u2019\u00e9cran et offrant une valeur ajout\u00e9e alliant style, polyvalence et efficacit\u00e9.Bonne apparence ext\u00e9rieure. Si vous avez des questions, appelez-nous ou utilisez notre chat pour obtenir plus d\u2019informations ou demander des d\u00e9tails suppl\u00e9mentaires.<br \/><strong>Commentaires<\/strong><br \/><u>C\u00e2ble d&rsquo;alimentation et VGA inclus<\/u><\/p>\n","protected":false},"excerpt":{"rendered":"<p>Led 24 \u00a0\u00bb FullHD 16:9 \u00b7 R\u00e9solution 1920&#215;1080 \u00b7 Dot pitch 0.276 mm \u00b7 R\u00e9ponse 2 ms \u00b7 Contraste 1000:1 \u00b7 Luminosit\u00e9 250 cd\/m2 \u00b7 VGA \u00b7 HDMI \u00b7<br \/>\n<u>C\u00e2ble d&rsquo;alimentation et VGA inclus<br \/>\n<\/u> [&#8230;]<\/p>\n<p><a class=\"btn btn-secondary understrap-read-more-link\" href=\"https:\/\/digamac.com\/fr\/tienda\/moniteurs-fr\/samsung-s24d300h-24-led-169-reconditionne-1920x1080-fr-14173\/\">Lire la suite\u2026<span class=\"screen-reader-text\"> from Samsung S24D300H 24\u00a0\u00bb Led 16:9 | Reconditionn\u00e9 | 1920&#215;1080<\/span><\/a><\/p>\n","protected":false},"featured_media":16502,"template":"","meta":[],"product_brand":[3124],"product_cat":[2514],"product_tag":[],"class_list":{"0":"post-16494","1":"product","2":"type-product","3":"status-publish","4":"has-post-thumbnail","6":"product_brand-samsung","7":"product_cat-moniteurs-fr","9":"first","10":"instock","11":"taxable","12":"shipping-taxable","13":"purchasable","14":"product-type-simple"},"exclude_global_add_ons":true,"addons":{"webcam-upgrades":{"name":"Extension Webcam","type":"multiple_choice","position":0,"required":false,"title_format":"heading","default":"","description_enable":false,"description":"","placeholder_enable":false,"placeholder":"","display":"radiobutton","restrictions_type":"any_text","adjust_price":false,"price":"","price_type":"quantity_based","restrictions":false,"min":"0","max":"0","options":[{"label":"Conceptronic AMDIS FullHD [AMP00085]","price":"29.0000","price_type":"quantity_based","image":0,"visibility":true}]},"hdmi-upgrades":{"name":"Extension c\u00e2ble","type":"multiple_choice","position":0,"required":false,"title_format":"heading","default":"","description_enable":false,"description":"","placeholder_enable":false,"placeholder":"","display":"radiobutton","restrictions_type":"any_text","adjust_price":false,"price":"","price_type":"quantity_based","restrictions":false,"min":"0","max":"0","options":[{"label":"C\u00e2ble HDMI 2 mts. [AMP00104]","price":"6.0000","price_type":"quantity_based","image":0,"visibility":true}]}},"_links":{"self":[{"href":"https:\/\/digamac.com\/fr\/wp-json\/wp\/v2\/product\/16494","targetHints":{"allow":["GET"]}}],"collection":[{"href":"https:\/\/digamac.com\/fr\/wp-json\/wp\/v2\/product"}],"about":[{"href":"https:\/\/digamac.com\/fr\/wp-json\/wp\/v2\/types\/product"}],"wp:featuredmedia":[{"embeddable":true,"href":"https:\/\/digamac.com\/fr\/wp-json\/wp\/v2\/media\/16502"}],"wp:attachment":[{"href":"https:\/\/digamac.com\/fr\/wp-json\/wp\/v2\/media?parent=16494"}],"wp:term":[{"taxonomy":"product_brand","embeddable":true,"href":"https:\/\/digamac.com\/fr\/wp-json\/wp\/v2\/product_brand?post=16494"},{"taxonomy":"product_cat","embeddable":true,"href":"https:\/\/digamac.com\/fr\/wp-json\/wp\/v2\/product_cat?post=16494"},{"taxonomy":"product_tag","embeddable":true,"href":"https:\/\/digamac.com\/fr\/wp-json\/wp\/v2\/product_tag?post=16494"}],"curies":[{"name":"wp","href":"https:\/\/api.w.org\/{rel}","templated":true}]}}