{"id":16520,"date":"2025-10-23T08:56:29","date_gmt":"2025-10-23T07:56:29","guid":{"rendered":"https:\/\/digamac.com\/tienda\/non class\u00e9\/apple-mac-mini-61-reconditionne-core-i7-23ghz-8-gb-ram-2048-gb-ssd-fr-14132\/"},"modified":"2026-02-25T09:06:58","modified_gmt":"2026-02-25T08:06:58","slug":"apple-mac-mini-61-reconditionne-core-i7-23ghz-8-gb-ram-2048-gb-ssd-fr-14132","status":"publish","type":"product","link":"https:\/\/digamac.com\/fr\/tienda\/mac-mini-fr\/apple-mac-mini-61-reconditionne-core-i7-23ghz-8-gb-ram-2048-gb-ssd-fr-14132\/","title":{"rendered":"Apple Mac Mini 6,1 | Reconditionn\u00e9 | Core i7 2.3GHz | 8 GB RAM | 2048 GB SSD"},"content":{"rendered":"<p><strong>Processeur<\/strong><br \/>Intel Core i7 3615QM 2.3 GHz.<br \/><strong>M\u00e9moire RAM<\/strong><br \/>8 Gb. SO-DDR3 RAM<br \/><strong>Disque dur<\/strong><br \/>2.00 Tb. SSD<br \/><strong>Cartes<\/strong><br \/>Graphique: Intel HD Graphics 4000<br \/>Son: High Definition Audio<br \/>R\u00e9seau: Broadcom BCM57766<br \/><strong>Syst\u00e8me op\u00e9ratif<\/strong><br \/>macOS Catalina<br \/><strong>Ports<\/strong><br \/>4x USB 2.0<br \/>Firewire<br \/>Thunderbolt<br \/><strong>Ports vid\u00e9o<\/strong><br \/>HDMI<br \/><strong>Multim\u00e9dias<\/strong><br \/>Lecteur SD<br \/><strong>Connectivit\u00e9<\/strong><br \/>RJ-45<br \/>WIFI<br \/>Bluetooth<br \/><strong>Autres<\/strong><br \/>hR emballage<br \/><strong>Dimensions<\/strong><br \/>20x4x20 cm.<br \/><strong>Poids<\/strong><br \/>1.00 Kg.<br \/><strong>Sp\u00e9cifications suppl\u00e9mentaires<\/strong><br \/>L\u2019Apple Mac Mini 6,1 (mod\u00e8le A1347, Fin 2012) est un parfait exemple d\u2019\u00e9quilibre entre puissance, fiabilit\u00e9 et design minimaliste. \u00c9quip\u00e9 d\u2019un processeur Intel Core i7 3615QM \u00e0 2,3 GHz, cet ordinateur compact offre des performances solides, capables de g\u00e9rer sans difficult\u00e9 des t\u00e2ches exigeantes, de l\u2019\u00e9dition vid\u00e9o et audio au multit\u00e2che avanc\u00e9.Ses 8 Go de m\u00e9moire SO-DDR3 et son SSD rapide de 2 To offrent un syst\u00e8me r\u00e9actif, stable et dot\u00e9 d\u2019un espace largement suffisant pour tous vos projets. Avec macOS Catalina, les performances restent optimis\u00e9es et l\u2019exp\u00e9rience utilisateur est aussi intuitive et efficace que toujours chez Apple.La finition \u00e9l\u00e9gante Silver met en valeur son design intemporel, s\u2019adaptant \u00e0 tout environnement, qu\u2019il soit professionnel ou domestique. Le Mac Mini 6,1 demeure un choix tr\u00e8s appr\u00e9ci\u00e9 pour ceux qui recherchent un ordinateur fiable, silencieux et performant dans un format compact, fid\u00e8le \u00e0 l\u2019esprit d\u2019innovation d\u2019Apple.Bon aspect ext\u00e9rieur. Si vous avez des questions, appelez-nous ou utilisez notre chat pour obtenir plus d\u2019informations ou demander des d\u00e9tails suppl\u00e9mentaires.<br \/><strong>Commentaires<\/strong><br \/><u>Mod\u00e8le A1347 (Late 2012) &#8211; Couleur Silver<\/u><\/p>\n","protected":false},"excerpt":{"rendered":"<p>Intel Core i7 3615QM 2.3 GHz. \u00b7 8 Gb. SO-DDR3 RAM \u00b7 2.00 Tb. SSD \u00b7 macOS Catalina \u00b7<br \/>\n<u>Mod\u00e8le A1347 (Late 2012) &#8211; Couleur Silver<br \/>\n<\/u> [&#8230;]<\/p>\n<p><a class=\"btn btn-secondary understrap-read-more-link\" href=\"https:\/\/digamac.com\/fr\/tienda\/mac-mini-fr\/apple-mac-mini-61-reconditionne-core-i7-23ghz-8-gb-ram-2048-gb-ssd-fr-14132\/\">Lire la suite\u2026<span class=\"screen-reader-text\"> from Apple Mac Mini 6,1 | Reconditionn\u00e9 | Core i7 2.3GHz | 8 GB RAM | 2048 GB SSD<\/span><\/a><\/p>\n","protected":false},"featured_media":16525,"template":"","meta":[],"product_brand":[3122],"product_cat":[2508],"product_tag":[],"class_list":{"0":"post-16520","1":"product","2":"type-product","3":"status-publish","4":"has-post-thumbnail","6":"product_brand-apple","7":"product_cat-mac-mini-fr","9":"first","10":"instock","11":"taxable","12":"shipping-taxable","13":"purchasable","14":"product-type-simple"},"exclude_global_add_ons":true,"addons":{"mouse-upgrades":{"name":"Extension souris","type":"multiple_choice","position":0,"required":false,"title_format":"heading","default":"","description_enable":false,"description":"","placeholder_enable":false,"placeholder":"","display":"radiobutton","restrictions_type":"any_text","adjust_price":false,"price":"","price_type":"quantity_based","restrictions":false,"min":"0","max":"0","options":[{"label":"Apple Magic Mouse 2 (A1657) [AMP00060]","price":"60.0000","price_type":"quantity_based","image":0,"visibility":true}]},"ram-memory-upgrades":{"name":"Extension RAM","type":"multiple_choice","position":0,"required":false,"title_format":"heading","default":"","description_enable":false,"description":"","placeholder_enable":false,"placeholder":"","display":"radiobutton","restrictions_type":"any_text","adjust_price":false,"price":"","price_type":"quantity_based","restrictions":false,"min":"0","max":"0","options":[{"label":"Extension de 16 Gb de RAM SODIMM DDR3 [AMP00004]","price":"50.0000","price_type":"quantity_based","image":0,"visibility":true}]}},"_links":{"self":[{"href":"https:\/\/digamac.com\/fr\/wp-json\/wp\/v2\/product\/16520","targetHints":{"allow":["GET"]}}],"collection":[{"href":"https:\/\/digamac.com\/fr\/wp-json\/wp\/v2\/product"}],"about":[{"href":"https:\/\/digamac.com\/fr\/wp-json\/wp\/v2\/types\/product"}],"wp:featuredmedia":[{"embeddable":true,"href":"https:\/\/digamac.com\/fr\/wp-json\/wp\/v2\/media\/16525"}],"wp:attachment":[{"href":"https:\/\/digamac.com\/fr\/wp-json\/wp\/v2\/media?parent=16520"}],"wp:term":[{"taxonomy":"product_brand","embeddable":true,"href":"https:\/\/digamac.com\/fr\/wp-json\/wp\/v2\/product_brand?post=16520"},{"taxonomy":"product_cat","embeddable":true,"href":"https:\/\/digamac.com\/fr\/wp-json\/wp\/v2\/product_cat?post=16520"},{"taxonomy":"product_tag","embeddable":true,"href":"https:\/\/digamac.com\/fr\/wp-json\/wp\/v2\/product_tag?post=16520"}],"curies":[{"name":"wp","href":"https:\/\/api.w.org\/{rel}","templated":true}]}}