{"id":16738,"date":"2026-02-08T17:23:49","date_gmt":"2026-02-08T16:23:49","guid":{"rendered":"https:\/\/digamac.com\/tienda\/non%20class\u00e9\/apple-macbook-pro-171-133-reconditionne-m1-32ghz-8-gb-ram-500-gb-ssd-m2-2560x1600-fr-14326\/"},"modified":"2026-02-23T13:41:33","modified_gmt":"2026-02-23T12:41:33","slug":"apple-macbook-pro-171-133-reconditionne-m1-32ghz-8-gb-ram-500-gb-ssd-m2-2560x1600-fr-14326","status":"publish","type":"product","link":"https:\/\/digamac.com\/fr\/tienda\/macbook-pro-fr\/macbook-pro-13-fr\/apple-macbook-pro-171-133-reconditionne-m1-32ghz-8-gb-ram-500-gb-ssd-m2-2560x1600-fr-14326\/","title":{"rendered":"Apple MacBook Pro 17,1 13.3\u00a0\u00bb | Reconditionn\u00e9 | M1 3.2GHz | 16 GB RAM | 500 GB SSD M2 2560&#215;1600"},"content":{"rendered":"<p><strong>Processeur<\/strong><br \/>Apple M1 3.2 GHz.<br \/><strong>M\u00e9moire RAM<\/strong><br \/>16 Gb. SO-DDR4 RAM<br \/><strong>Disque dur<\/strong><br \/>500 Gb. SSD M2<br \/><strong>Cartes<\/strong><br \/>Graphique: Apple G13G<br \/>Son: HD Audio Dolby Atmos<br \/><strong>Syst\u00e8me op\u00e9ratif<\/strong><br \/>macOS Tahoe<br \/><strong>Ports<\/strong><br \/>2x USB-C<br \/><strong>\u00c9cran<\/strong><br \/>Retina 13.3 \u00a0\u00bb 2K 16:9  \u00b7 R\u00e9solution 2560&#215;1600<br \/><strong>Multim\u00e9dias<\/strong><br \/>Webcam<br \/><strong>Connectivit\u00e9<\/strong><br \/>WIFI<br \/>Bluetooth<br \/><strong>Notebook sp\u00e9cifique<\/strong><br \/>Langue du clavier Espagnol<br \/><strong>Autres<\/strong><br \/>hR emballage<br \/><strong>Dimensions<\/strong><br \/>30.4&#215;21.2&#215;1.6 cm.<br \/><strong>Poids<\/strong><br \/>1.40 Kg.<br \/><strong>Sp\u00e9cifications suppl\u00e9mentaires<\/strong><br \/>L\u2019Apple MacBook Pro 17,1 (A2338) marque un tournant en mati\u00e8re de performances et d\u2019efficacit\u00e9 gr\u00e2ce \u00e0 la puce r\u00e9volutionnaire Apple M1 \u00e0 3,2 GHz, le premier processeur con\u00e7u par Apple pour le Mac. Avec 16 Go de m\u00e9moire unifi\u00e9e DDR4 et 500 Go de stockage SSD M.2, il offre une fluidit\u00e9 exceptionnelle, capable de g\u00e9rer le multit\u00e2che, le montage vid\u00e9o en haute r\u00e9solution ou l\u2019utilisation de logiciels professionnels avec une vitesse surprenante. Son \u00e9cran Retina de 13,3 pouces 2K (2560&#215;1600) offre une qualit\u00e9 d\u2019image remarquable, avec une pr\u00e9cision des couleurs et une nettet\u00e9 qui portent l\u2019exp\u00e9rience visuelle \u00e0 un autre niveau.<br \/>macOS Tahoe exploite pleinement l\u2019architecture de la puce M1, garantissant un syst\u00e8me rapide, stable et \u00e9conome en \u00e9nergie. La Touch Bar apporte contr\u00f4le et polyvalence dans chaque application, tandis que le clavier espagnol r\u00e9tro\u00e9clair\u00e9 assure une frappe confortable et silencieuse, id\u00e9ale pour les environnements professionnels. Son design Space Grey allie \u00e9l\u00e9gance et minimalisme, refl\u00e9tant l\u2019ADN inimitable d\u2019Apple. L\u00e9ger, puissant et dot\u00e9 d\u2019une excellente autonomie, le MacBook Pro 17,1 est le choix parfait pour ceux qui recherchent l\u2019\u00e9quilibre id\u00e9al entre performance, portabilit\u00e9 et style.<br \/>Bon aspect ext\u00e9rieur. <b>Il pr\u00e9sente des marques d\u2019autocollants sur le ch\u00e2ssis de l\u2019\u00e9cran<\/b>. Consultez \u201c+ Photos\u201d et si vous avez la moindre question, appelez-nous ou utilisez notre chat pour obtenir plus d\u2019informations ou demander plus de d\u00e9tails.<br \/><strong>Commentaires<\/strong><br \/><u>TouchBar \u2013 Clavier espagnol &#8211; Modelo A2338 (2020) \u2013 Couleur Space Grey<\/u><\/p>\n","protected":false},"excerpt":{"rendered":"<p><strong>Apple M1 3.2 GHz.<\/strong> \u00b7 16 Gb. SO-DDR4 RAM \u00b7 500 Gb. SSD M2 \u00b7 macOS Tahoe \u00b7 Retina 13.3 \u00a0\u00bb 2K 16:9 \u00b7 Webcam \u00b7<br \/>\n<strong>TouchBar \u2013 Clavier espagnol<\/strong> &#8211; <u>Modelo A2338 (2020) \u2013 Couleur Space Grey \u00b7Marques d&rsquo;autocollants sur le bo\u00eetier de l&rsquo;\u00e9cran (Voir dans \u00ab\u00a0+ Photos\u00a0\u00bb)<\/u> [&#8230;]<\/p>\n<p><a class=\"btn btn-secondary understrap-read-more-link\" href=\"https:\/\/digamac.com\/fr\/tienda\/macbook-pro-fr\/macbook-pro-13-fr\/apple-macbook-pro-171-133-reconditionne-m1-32ghz-8-gb-ram-500-gb-ssd-m2-2560x1600-fr-14326\/\">Lire la suite\u2026<span class=\"screen-reader-text\"> from Apple MacBook Pro 17,1 13.3\u00a0\u00bb | Reconditionn\u00e9 | M1 3.2GHz | 16 GB RAM | 500 GB SSD M2 2560&#215;1600<\/span><\/a><\/p>\n","protected":false},"featured_media":16696,"template":"","meta":[],"product_brand":[3122],"product_cat":[3064,3058],"product_tag":[],"class_list":{"0":"post-16738","1":"product","2":"type-product","3":"status-publish","4":"has-post-thumbnail","6":"product_brand-apple","7":"product_cat-macbook-pro-13-fr","8":"product_cat-macbook-pro-fr","10":"first","11":"outofstock","12":"taxable","13":"shipping-taxable","14":"purchasable","15":"product-type-simple"},"exclude_global_add_ons":true,"addons":{"keyboard-iso-upgrades":{"name":"Choisir langue du clavier","type":"multiple_choice","position":0,"required":false,"title_format":"heading","default":"","description_enable":false,"description":"","placeholder_enable":false,"placeholder":"","display":"radiobutton","restrictions_type":"any_text","adjust_price":false,"price":"","price_type":"quantity_based","restrictions":false,"min":"0","max":"0","options":[{"label":"Autocollants fran\u00e7ais [AMP00084]","price":"0.0000","price_type":"quantity_based","image":0,"visibility":true},{"label":"Autocollants portugais [AMP00083]","price":"0.0000","price_type":"quantity_based","image":0,"visibility":true}]},"mouse-upgrades":{"name":"Extension souris","type":"multiple_choice","position":0,"required":false,"title_format":"heading","default":"","description_enable":false,"description":"","placeholder_enable":false,"placeholder":"","display":"radiobutton","restrictions_type":"any_text","adjust_price":false,"price":"","price_type":"quantity_based","restrictions":false,"min":"0","max":"0","options":[{"label":"Apple Magic Mouse 2 (A1657) [AMP00060]","price":"60.0000","price_type":"quantity_based","image":0,"visibility":true}]},"os-upgrades":{"name":"Expansion SO","type":"multiple_choice","position":0,"required":false,"title_format":"heading","default":"","description_enable":false,"description":"","placeholder_enable":false,"placeholder":"","display":"radiobutton","restrictions_type":"any_text","adjust_price":false,"price":"","price_type":"quantity_based","restrictions":false,"min":"0","max":"0","options":[{"label":"Changer la langue en fran\u00e7ais [AMP00125]","price":"0.0000","price_type":"quantity_based","image":0,"visibility":true},{"label":"Changer la langue en anglais [AMP00008]","price":"0.0000","price_type":"quantity_based","image":0,"visibility":true},{"label":"Changer la langue en portugais [AMP00009]","price":"0.0000","price_type":"quantity_based","image":0,"visibility":true}]}},"_links":{"self":[{"href":"https:\/\/digamac.com\/fr\/wp-json\/wp\/v2\/product\/16738","targetHints":{"allow":["GET"]}}],"collection":[{"href":"https:\/\/digamac.com\/fr\/wp-json\/wp\/v2\/product"}],"about":[{"href":"https:\/\/digamac.com\/fr\/wp-json\/wp\/v2\/types\/product"}],"wp:featuredmedia":[{"embeddable":true,"href":"https:\/\/digamac.com\/fr\/wp-json\/wp\/v2\/media\/16696"}],"wp:attachment":[{"href":"https:\/\/digamac.com\/fr\/wp-json\/wp\/v2\/media?parent=16738"}],"wp:term":[{"taxonomy":"product_brand","embeddable":true,"href":"https:\/\/digamac.com\/fr\/wp-json\/wp\/v2\/product_brand?post=16738"},{"taxonomy":"product_cat","embeddable":true,"href":"https:\/\/digamac.com\/fr\/wp-json\/wp\/v2\/product_cat?post=16738"},{"taxonomy":"product_tag","embeddable":true,"href":"https:\/\/digamac.com\/fr\/wp-json\/wp\/v2\/product_tag?post=16738"}],"curies":[{"name":"wp","href":"https:\/\/api.w.org\/{rel}","templated":true}]}}