{"id":2300,"date":"2020-08-04T08:17:31","date_gmt":"2020-08-04T07:17:33","guid":{"rendered":"https:\/\/digamac.com\/producto\/apple-macbook-pro-92-133-core-i7-29ghz-8-gb-ram-128-gb-ssd-1280x800-fr-4996\/"},"modified":"2022-09-08T11:43:48","modified_gmt":"2022-09-08T10:43:48","slug":"apple-macbook-pro-92-133-core-i7-29ghz-8-gb-ram-128-gb-ssd-1280x800-fr-4996","status":"publish","type":"product","link":"https:\/\/digamac.com\/fr\/tienda\/sin-categorizar\/apple-macbook-pro-92-133-core-i7-29ghz-8-gb-ram-128-gb-ssd-1280x800-fr-4996\/","title":{"rendered":"Apple MacBook Pro 9,2 13.3\u00a0\u00bb | Reconditionn\u00e9 | Core i7 2.9GHz | 8 GB RAM | 128 GB SSD 1280&#215;800"},"content":{"rendered":"<p><strong>Processeur<\/strong><br \/>Intel Core i7 3520M 2.9 GHz.<br \/><strong>M\u00e9moire RAM<\/strong><br \/>8 Gb. SO-DDR3 RAM<br \/><strong>Disque dur<\/strong><br \/>128 Gb. SSD<br \/><strong>Lecteur optique<\/strong><br \/>DVD-RW<br \/><strong>Cartes<\/strong><br \/>Graphique: Intel HD Graphics 4000<br \/>Son: HD Audio<br \/>R\u00e9seau: Ethernet Gigabit<br \/><strong>Syst\u00e8me op\u00e9ratif<\/strong><br \/>macOS Catalina<br \/><strong>Ports<\/strong><br \/>1x Firewire<br \/>1x Thunderbolt<br \/>2x USB 3.0<br \/><strong>\u00c9cran<\/strong><br \/>Led 13.3 \u00a0\u00bb HD  16:9  \u00b7 R\u00e9solution 1280&#215;800<br \/><strong>Multim\u00e9dias<\/strong><br \/>Webcam<br \/>Lecteur SD<br \/>Cam\u00e9ra frontale<br \/><strong>Connectivit\u00e9<\/strong><br \/>1x RJ-45<br \/>WIFI<br \/>Bluetooth<br \/><strong>Notebook sp\u00e9cifique<\/strong><br \/>Langue du clavier International (autocollants espagnols)<br \/>Adaptateur secteur magsafe 1<br \/><strong>Autres<\/strong><br \/>hR emballage<br \/><strong>Dimensions<\/strong><br \/>32.5x23x2.4 cm.<br \/><strong>Poids<\/strong><br \/>2.20 Kg.<br \/><strong>Sp\u00e9cifications suppl\u00e9mentaires<\/strong><br \/><u>Batterie test\u00e9e : dur\u00e9e minimum 2 heures. <\/u>Ces ordinateurs portables ont quelques rayures ou \u00e9raflures mineures sur leur bo\u00eetier sur les c\u00f4t\u00e9s. Ce sont de petites marques d&rsquo;usage au niveau esth\u00e9tique, rien de plus. Sinon, l&rsquo;\u00e9quipement est en parfait \u00e9tat de fonctionnement et ne pr\u00e9sente aucun \u00e9cran, clavier ou tout autre composant touch\u00e9. Regardez dans \u00ab\u00a0+ Photos\u00a0\u00bb et \u00ab\u00a0Vid\u00e9o\u00a0\u00bb et si vous avez des questions, appelez-nous ou utilisez notre chat pour d\u00e9velopper les informations ou demander plus de d\u00e9tails.<br \/><strong>Commentaires<\/strong><br \/><u>Mod. A1278 (Mid. 2012)<\/u><\/p>\n","protected":false},"excerpt":{"rendered":"<p>Intel Core i7 3520M 2.9 GHz. \u00b7 8 Gb. SO-DDR3 RAM \u00b7 128 Gb. SSD \u00b7 DVD-RW \u00b7 macOS Catalina \u00b7 Led 13.3 \u00a0\u00bb HD  16:9  \u00b7 R\u00e9solution 1280&#215;800 \u00b7 Webcam \u00b7 Lecteur SD \u00b7 Cam\u00e9ra frontale \u00b7 <u>Mod. A1278 (Mid. 2012)<\/u> [&#8230;]<\/p>\n<p><a class=\"btn btn-secondary understrap-read-more-link\" href=\"https:\/\/digamac.com\/fr\/tienda\/sin-categorizar\/apple-macbook-pro-92-133-core-i7-29ghz-8-gb-ram-128-gb-ssd-1280x800-fr-4996\/\">Lire la suite\u2026<span class=\"screen-reader-text\"> from Apple MacBook Pro 9,2 13.3\u00a0\u00bb | Reconditionn\u00e9 | Core i7 2.9GHz | 8 GB RAM | 128 GB SSD 1280&#215;800<\/span><\/a><\/p>\n","protected":false},"featured_media":8256,"template":"","meta":[],"product_brand":[3122],"product_cat":[15,18],"product_tag":[],"class_list":{"0":"post-2300","1":"product","2":"type-product","3":"status-publish","4":"has-post-thumbnail","6":"product_brand-apple","7":"product_cat-sin-categorizar","8":"product_cat-non-classifiee","10":"first","11":"outofstock","12":"taxable","13":"shipping-taxable","14":"purchasable","15":"product-type-simple"},"exclude_global_add_ons":true,"addons":{"keyboard-iso-upgrades":{"name":"Choisir langue du clavier","type":"multiple_choice","position":0,"required":false,"title_format":"heading","default":"","description_enable":false,"description":"","placeholder_enable":false,"placeholder":"","display":"radiobutton","restrictions_type":"any_text","adjust_price":false,"price":"","price_type":"quantity_based","restrictions":false,"min":"0","max":"0","options":[{"label":"Autocollants espagnols [AMP00082]","price":"0.0000","price_type":"quantity_based","image":0,"visibility":true},{"label":"Autocollants fran\u00e7ais [AMP00084]","price":"0.0000","price_type":"quantity_based","image":0,"visibility":true},{"label":"Autocollants portugais [AMP00083]","price":"0.0000","price_type":"quantity_based","image":0,"visibility":true}]},"mouse-upgrades":{"name":"Extension souris","type":"multiple_choice","position":0,"required":false,"title_format":"heading","default":"","description_enable":false,"description":"","placeholder_enable":false,"placeholder":"","display":"radiobutton","restrictions_type":"any_text","adjust_price":false,"price":"","price_type":"quantity_based","restrictions":false,"min":"0","max":"0","options":[{"label":"Apple Magic Mouse 2 (A1657) [AMP00060]","price":"60.0000","price_type":"quantity_based","image":0,"visibility":true},{"label":"Souris USB Apple (A1152) [AMP00053]","price":"15.0000","price_type":"quantity_based","image":0,"visibility":true}]},"ram-memory-upgrades":{"name":"Extension RAM","type":"multiple_choice","position":0,"required":false,"title_format":"heading","default":"","description_enable":false,"description":"","placeholder_enable":false,"placeholder":"","display":"radiobutton","restrictions_type":"any_text","adjust_price":false,"price":"","price_type":"quantity_based","restrictions":false,"min":"0","max":"0","options":[{"label":"Extension de 16 Gb de RAM SODIMM [AMP00004]","price":"50.0000","price_type":"quantity_based","image":0,"visibility":true}]},"hdd-upgrades":{"name":"Extension disque dur","type":"multiple_choice","position":0,"required":false,"title_format":"heading","default":"","description_enable":false,"description":"","placeholder_enable":false,"placeholder":"","display":"radiobutton","restrictions_type":"any_text","adjust_price":false,"price":"","price_type":"quantity_based","restrictions":false,"min":"0","max":"0","options":[{"label":"Passez au disque SSD de 240 Gb. [AMP00013]","price":"39.0000","price_type":"quantity_based","image":0,"visibility":true},{"label":"Passez au disque SSD de 480 Gb. [AMP00014]","price":"55.0000","price_type":"quantity_based","image":0,"visibility":true},{"label":"Passez au disque SSD 1 Tb. [AMP00071]","price":"95.0000","price_type":"quantity_based","image":0,"visibility":true}]}},"_links":{"self":[{"href":"https:\/\/digamac.com\/fr\/wp-json\/wp\/v2\/product\/2300","targetHints":{"allow":["GET"]}}],"collection":[{"href":"https:\/\/digamac.com\/fr\/wp-json\/wp\/v2\/product"}],"about":[{"href":"https:\/\/digamac.com\/fr\/wp-json\/wp\/v2\/types\/product"}],"wp:featuredmedia":[{"embeddable":true,"href":"https:\/\/digamac.com\/fr\/wp-json\/wp\/v2\/media\/8256"}],"wp:attachment":[{"href":"https:\/\/digamac.com\/fr\/wp-json\/wp\/v2\/media?parent=2300"}],"wp:term":[{"taxonomy":"product_brand","embeddable":true,"href":"https:\/\/digamac.com\/fr\/wp-json\/wp\/v2\/product_brand?post=2300"},{"taxonomy":"product_cat","embeddable":true,"href":"https:\/\/digamac.com\/fr\/wp-json\/wp\/v2\/product_cat?post=2300"},{"taxonomy":"product_tag","embeddable":true,"href":"https:\/\/digamac.com\/fr\/wp-json\/wp\/v2\/product_tag?post=2300"}],"curies":[{"name":"wp","href":"https:\/\/api.w.org\/{rel}","templated":true}]}}