{"id":16910,"date":"2025-10-23T11:45:34","date_gmt":"2025-10-23T10:45:34","guid":{"rendered":"https:\/\/digamac.com\/tienda\/senza-categoria\/apple-mac-mini-41-mini-ricondizionato-core-2-duo-266ghz-8-gb-ram-320-gb-hdd-it-14139\/"},"modified":"2026-02-25T09:07:08","modified_gmt":"2026-02-25T08:07:08","slug":"apple-mac-mini-41-mini-ricondizionato-core-2-duo-266ghz-8-gb-ram-320-gb-hdd-it-14139","status":"publish","type":"product","link":"https:\/\/digamac.com\/it\/tienda\/mac-mini-it\/apple-mac-mini-41-mini-ricondizionato-core-2-duo-266ghz-8-gb-ram-320-gb-hdd-it-14139\/","title":{"rendered":"Apple Mac Mini 4,1 Mini | Ricondizionato | Core 2 Duo 2.66GHz | 8 GB RAM | 320 GB HDD"},"content":{"rendered":"<p><strong>Processore<\/strong><br \/>Intel Core 2 Duo P8800 2.66 GHz.<br \/><strong>Formato<\/strong><br \/>Mini<br \/><strong>Memoria RAM<\/strong><br \/>8 Gb. SO-DDR3 RAM<br \/><strong>Disco duro<\/strong><br \/>320 Gb. SATA<br \/><strong>Carte<\/strong><br \/>Grafica: Intel HD Graphics 3000<br \/>Suono: High Definition Audio<br \/>Rete: Ethernet Gigabit<br \/><strong>Sistema operativo<\/strong><br \/>macOS High Sierra<br \/><strong>Porte<\/strong><br \/>4x USB 2.0<br \/>Firewire<br \/>Thunderbolt<br \/><strong>Porte video<\/strong><br \/>HDMI<br \/><strong>Multimedia<\/strong><br \/>Lettore SD<br \/><strong>Connettivit\u00e0<\/strong><br \/>RJ-45<br \/>WIFI<br \/>Bluetooth<br \/><strong>Altri<\/strong><br \/>Imballaggio hR<br \/><strong>Dimensioni<\/strong><br \/>20x4x20 cm.<br \/><strong>Peso<\/strong><br \/>1.00 Kg.<br \/><strong>Specifiche aggiuntive<\/strong><br \/>L\u2019Apple Mac Mini 4,1 (modello A1347, Met\u00e0 2010) combina l\u2019eleganza classica di Apple con prestazioni affidabili per le attivit\u00e0 quotidiane. Dotato di un processore Intel Core 2 Duo P8800 da 2.66 GHz, questo dispositivo compatto gestisce senza problemi applicazioni d\u2019ufficio, navigazione web, riproduzione multimediale e gestione di progetti leggeri con stabilit\u00e0 ed efficienza.Con 8 GB di memoria SO-DDR3 e un disco rigido SATA da 320 GB, offre il perfetto equilibrio tra capacit\u00e0 di archiviazione e reattivit\u00e0, garantendo un utilizzo fluido e senza interruzioni. Il sistema operativo macOS High Sierra offre un\u2019esperienza intuitiva e sicura, mantenendo la compatibilit\u00e0 con le applicazioni moderne entro i limiti del dispositivo.La finitura Silver e il design compatto rendono il Mac Mini 4,1 un dispositivo discreto, funzionale ed elegante, ideale per uffici, studi domestici o qualsiasi spazio che valorizzi lo stile e l\u2019affidabilit\u00e0 Apple. Silenzioso, efficiente e compatto, rimane una scelta pratica per chi cerca un computer Apple durevole e compatto.Buon aspetto esterno. Se hai domande, chiamaci o utilizza la nostra chat per ottenere ulteriori informazioni o richiedere pi\u00f9 dettagli.<br \/><strong>Commenti<\/strong><br \/><u>Modello A1347 (Mid. 2010) &#8211; Colore Silver<\/u><\/p>\n","protected":false},"excerpt":{"rendered":"<p>Intel Core 2 Duo P8800 2.66 GHz. \u00b7 8 Gb. SO-DDR3 RAM \u00b7 320 Gb. SATA \u00b7 macOS High Sierra \u00b7<br \/>\n<u>Modello A1347 (Mid. 2010) &#8211; Colore Silver<br \/>\n<\/u> [&#8230;]<\/p>\n<p><a class=\"btn btn-secondary understrap-read-more-link\" href=\"https:\/\/digamac.com\/it\/tienda\/mac-mini-it\/apple-mac-mini-41-mini-ricondizionato-core-2-duo-266ghz-8-gb-ram-320-gb-hdd-it-14139\/\">Leggi di pi\u00f9&#8230;<span class=\"screen-reader-text\"> from Apple Mac Mini 4,1 Mini | Ricondizionato | Core 2 Duo 2.66GHz | 8 GB RAM | 320 GB HDD<\/span><\/a><\/p>\n","protected":false},"featured_media":16911,"template":"","meta":[],"product_brand":[3122],"product_cat":[3414],"product_tag":[],"class_list":{"0":"post-16910","1":"product","2":"type-product","3":"status-publish","4":"has-post-thumbnail","6":"product_brand-apple","7":"product_cat-mac-mini-it","9":"first","10":"instock","11":"taxable","12":"shipping-taxable","13":"purchasable","14":"product-type-simple"},"exclude_global_add_ons":true,"addons":{"mouse-upgrades":{"name":"Estensione mouse","type":"multiple_choice","position":0,"required":false,"title_format":"heading","default":"","description_enable":false,"description":"","placeholder_enable":false,"placeholder":"","display":"radiobutton","restrictions_type":"any_text","adjust_price":false,"price":"","price_type":"quantity_based","restrictions":false,"min":"0","max":"0","options":[{"label":"Apple Magic Mouse 2 (A1657) [AMP00060]","price":"60.0000","price_type":"quantity_based","image":0,"visibility":true}]},"ram-memory-upgrades":{"name":"Espansione RAM","type":"multiple_choice","position":0,"required":false,"title_format":"heading","default":"","description_enable":false,"description":"","placeholder_enable":false,"placeholder":"","display":"radiobutton","restrictions_type":"any_text","adjust_price":false,"price":"","price_type":"quantity_based","restrictions":false,"min":"0","max":"0","options":[{"label":"DDR3 16 Gb SODIM RAM extension [AMP00004]","price":"50.0000","price_type":"quantity_based","image":0,"visibility":true}]},"hdd-upgrades":{"name":"Estensione HDD","type":"multiple_choice","position":0,"required":false,"title_format":"heading","default":"","description_enable":false,"description":"","placeholder_enable":false,"placeholder":"","display":"radiobutton","restrictions_type":"any_text","adjust_price":false,"price":"","price_type":"quantity_based","restrictions":false,"min":"0","max":"0","options":[{"label":"SSD 240 Gb. Upgrade [AMP00013]","price":"35.0000","price_type":"quantity_based","image":0,"visibility":true},{"label":"SSD 480 Gb. Upgrade [AMP00014]","price":"59.0000","price_type":"quantity_based","image":0,"visibility":true},{"label":"SSD 1 Tb. Upgrade [AMP00071]","price":"95.0000","price_type":"quantity_based","image":0,"visibility":true},{"label":"SSD 2 Tb. M.2 2280 PCIe Upgrade [AMP00171]","price":"200.0000","price_type":"quantity_based","image":0,"visibility":true}]}},"_links":{"self":[{"href":"https:\/\/digamac.com\/it\/wp-json\/wp\/v2\/product\/16910","targetHints":{"allow":["GET"]}}],"collection":[{"href":"https:\/\/digamac.com\/it\/wp-json\/wp\/v2\/product"}],"about":[{"href":"https:\/\/digamac.com\/it\/wp-json\/wp\/v2\/types\/product"}],"wp:featuredmedia":[{"embeddable":true,"href":"https:\/\/digamac.com\/it\/wp-json\/wp\/v2\/media\/16911"}],"wp:attachment":[{"href":"https:\/\/digamac.com\/it\/wp-json\/wp\/v2\/media?parent=16910"}],"wp:term":[{"taxonomy":"product_brand","embeddable":true,"href":"https:\/\/digamac.com\/it\/wp-json\/wp\/v2\/product_brand?post=16910"},{"taxonomy":"product_cat","embeddable":true,"href":"https:\/\/digamac.com\/it\/wp-json\/wp\/v2\/product_cat?post=16910"},{"taxonomy":"product_tag","embeddable":true,"href":"https:\/\/digamac.com\/it\/wp-json\/wp\/v2\/product_tag?post=16910"}],"curies":[{"name":"wp","href":"https:\/\/api.w.org\/{rel}","templated":true}]}}