{"id":16924,"date":"2025-06-26T09:34:55","date_gmt":"2025-06-26T08:34:55","guid":{"rendered":"https:\/\/digamac.com\/tienda\/senza-categoria\/apple-macbook-pro-152-impecable-133-ricondizionato-core-i5-23ghz-16-gb-ram-500-gb-ssd-m2-2560x1600-it-13390\/"},"modified":"2026-02-25T09:08:11","modified_gmt":"2026-02-25T08:08:11","slug":"apple-macbook-pro-152-impecable-133-ricondizionato-core-i5-23ghz-16-gb-ram-500-gb-ssd-m2-2560x1600-it-13390","status":"publish","type":"product","link":"https:\/\/digamac.com\/it\/tienda\/macbook-pro-it\/macbook-pro-13-it\/apple-macbook-pro-152-impecable-133-ricondizionato-core-i5-23ghz-16-gb-ram-500-gb-ssd-m2-2560x1600-it-13390\/","title":{"rendered":"Apple MacBook Pro 15,2-Impecable 13.3&#8221; | Ricondizionato | Core i5 2.3GHz | 16 GB RAM | 500 GB SSD M2 2560&#215;1600"},"content":{"rendered":"<p><strong>Processore<\/strong><br \/>Intel Core i5 8259U 2.3 GHz.<br \/><strong>Memoria RAM<\/strong><br \/>16 Gb. SO-DDR3 RAM<br \/><strong>Disco duro<\/strong><br \/>500 Gb. SSD M2<br \/><strong>Carte<\/strong><br \/>Grafica: Intel Iris Plus Graphics 655<br \/>Suono: HD Audio<br \/><strong>Sistema operativo<\/strong><br \/>macOS Sequoia<br \/><strong>Porte<\/strong><br \/>4x USB-C<br \/><strong>Schermo<\/strong><br \/>Retina 13.3 &#8221; 2K 16:9  \u00b7 Risoluzione 2560&#215;1600<br \/><strong>Multimedia<\/strong><br \/>Webcam<br \/><strong>Connettivit\u00e0<\/strong><br \/>WIFI<br \/>Bluetooth<br \/><strong>Specifico portatile<\/strong><br \/>Lingua tastiera Internazionale (adesivi spagnoli)<br \/><strong>Altri<\/strong><br \/>Imballaggio hR<br \/><strong>Dimensioni<\/strong><br \/>34.9&#215;13.7&#215;1.5 cm.<br \/><strong>Peso<\/strong><br \/>1.83 Kg.<br \/><strong>Specifiche aggiuntive<\/strong><br \/>Il MacBook Pro da 13,3 pollici (modello A1989) (2018) \u00e8 la scelta perfetta per chi cerca un notebook Apple potente e compatto, con quell&#8217;equilibrio ineguagliabile tra prestazioni ed eleganza.<br \/>Con un processore Intel Core i5 8259U da 2,3 GHz, 16 GB di RAM DDR3 e un SSD M.2 da 500 GB, questo dispositivo \u00e8 pronto ad affrontare qualsiasi progetto: dall&#8217;editing di documenti pi\u00f9 impegnativo, all&#8217;uso di software creativi o al multitasking intensivo. La fluidit\u00e0 \u00e8 costante, l&#8217;esperienza stabile e veloce.<br \/>Il suo display Retina IPS da 13,3 pollici con risoluzione 2K (2560&#215;1600) offre un dettaglio impressionante, ideale per designer, fotografi o semplicemente per chi ama i contenuti ad alta definizione. Inoltre, la Touch Bar consente di accedere rapidamente a strumenti e funzionalit\u00e0 che si adattano al contesto di ogni app.<br \/>E con macOS Sequoia, tutto si muove con la fluidit\u00e0 e l&#8217;efficienza che solo Apple pu\u00f2 offrire. Compatto, professionale e pronto all&#8217;uso quotidiano, il MacBook Pro A1989 (2018) \u00e8 uno di quei dispositivi che continua a suscitare grande interesse. L&#8217;aspetto esterno \u00e8 impeccabile. Consultate &#8220;+ Foto&#8221; e &#8220;Video&#8221; e, per qualsiasi domanda, chiamateci o usate la nostra chat per maggiori informazioni o per richiedere maggiori dettagli.<br \/><strong>Commenti<\/strong><br \/><u>TouchBar &#8211; Modello A1989 (2018) &#8211; Colore Space Grey<\/u><\/p>\n","protected":false},"excerpt":{"rendered":"<p>Intel Core i5 8259U 2.3 GHz. \u00b7 16 Gb. SO-DDR3 RAM \u00b7 500 Gb. SSD M2 \u00b7 macOS Sequoia \u00b7 Retina 13.3 &#8221; 2K 16:9 \u00b7 Risoluzione 2560&#215;1600 \u00b7 Webcam \u00b7<br \/>\n<strong>TouchBar<\/strong> &#8211; <u>Modello A1989 (2018) &#8211; Colore Space Grey<br \/>\n<\/u> [&#8230;]<\/p>\n<p><a class=\"btn btn-secondary understrap-read-more-link\" href=\"https:\/\/digamac.com\/it\/tienda\/macbook-pro-it\/macbook-pro-13-it\/apple-macbook-pro-152-impecable-133-ricondizionato-core-i5-23ghz-16-gb-ram-500-gb-ssd-m2-2560x1600-it-13390\/\">Leggi di pi\u00f9&#8230;<span class=\"screen-reader-text\"> from Apple MacBook Pro 15,2-Impecable 13.3&#8221; | Ricondizionato | Core i5 2.3GHz | 16 GB RAM | 500 GB SSD M2 2560&#215;1600<\/span><\/a><\/p>\n","protected":false},"featured_media":16937,"template":"","meta":[],"product_brand":[3122],"product_cat":[3418,3483],"product_tag":[],"class_list":{"0":"post-16924","1":"product","2":"type-product","3":"status-publish","4":"has-post-thumbnail","6":"product_brand-apple","7":"product_cat-macbook-pro-it","8":"product_cat-macbook-pro-13-it","10":"first","11":"outofstock","12":"taxable","13":"shipping-taxable","14":"purchasable","15":"product-type-simple"},"exclude_global_add_ons":true,"addons":{"keyboard-iso-upgrades":{"name":"Seleziona lingua della tastiera","type":"multiple_choice","position":0,"required":false,"title_format":"heading","default":"","description_enable":false,"description":"","placeholder_enable":false,"placeholder":"","display":"radiobutton","restrictions_type":"any_text","adjust_price":false,"price":"","price_type":"quantity_based","restrictions":false,"min":"0","max":"0","options":[{"label":"Spanish Stickers [AMP00082]","price":"0.0000","price_type":"quantity_based","image":0,"visibility":true},{"label":"French Stickers [AMP00084]","price":"0.0000","price_type":"quantity_based","image":0,"visibility":true},{"label":"Portuguese Stickers [AMP00083]","price":"0.0000","price_type":"quantity_based","image":0,"visibility":true}]},"mouse-upgrades":{"name":"Estensione mouse","type":"multiple_choice","position":0,"required":false,"title_format":"heading","default":"","description_enable":false,"description":"","placeholder_enable":false,"placeholder":"","display":"radiobutton","restrictions_type":"any_text","adjust_price":false,"price":"","price_type":"quantity_based","restrictions":false,"min":"0","max":"0","options":[{"label":"Apple Magic Mouse 2 (A1657) [AMP00060]","price":"60.0000","price_type":"quantity_based","image":0,"visibility":true}]}},"_links":{"self":[{"href":"https:\/\/digamac.com\/it\/wp-json\/wp\/v2\/product\/16924","targetHints":{"allow":["GET"]}}],"collection":[{"href":"https:\/\/digamac.com\/it\/wp-json\/wp\/v2\/product"}],"about":[{"href":"https:\/\/digamac.com\/it\/wp-json\/wp\/v2\/types\/product"}],"wp:featuredmedia":[{"embeddable":true,"href":"https:\/\/digamac.com\/it\/wp-json\/wp\/v2\/media\/16937"}],"wp:attachment":[{"href":"https:\/\/digamac.com\/it\/wp-json\/wp\/v2\/media?parent=16924"}],"wp:term":[{"taxonomy":"product_brand","embeddable":true,"href":"https:\/\/digamac.com\/it\/wp-json\/wp\/v2\/product_brand?post=16924"},{"taxonomy":"product_cat","embeddable":true,"href":"https:\/\/digamac.com\/it\/wp-json\/wp\/v2\/product_cat?post=16924"},{"taxonomy":"product_tag","embeddable":true,"href":"https:\/\/digamac.com\/it\/wp-json\/wp\/v2\/product_tag?post=16924"}],"curies":[{"name":"wp","href":"https:\/\/api.w.org\/{rel}","templated":true}]}}