{"id":16947,"date":"2025-10-23T08:46:39","date_gmt":"2025-10-23T07:46:39","guid":{"rendered":"https:\/\/digamac.com\/tienda\/senza-categoria\/apple-mac-mini-61-ricondizionato-core-i7-23ghz-8-gb-ram-1024-gb-fusion-drive-it-14131\/"},"modified":"2026-02-25T09:06:49","modified_gmt":"2026-02-25T08:06:49","slug":"apple-mac-mini-61-ricondizionato-core-i7-23ghz-8-gb-ram-1024-gb-fusion-drive-it-14131","status":"publish","type":"product","link":"https:\/\/digamac.com\/it\/tienda\/mac-mini-it\/apple-mac-mini-61-ricondizionato-core-i7-23ghz-8-gb-ram-1024-gb-fusion-drive-it-14131\/","title":{"rendered":"Apple Mac Mini 6,1 | Ricondizionato | Core i7 2.3GHz | 8 GB RAM | 1024 GB Fusion Drive"},"content":{"rendered":"<p><strong>Processore<\/strong><br \/>Intel Core i7 3615QM 2.3 GHz.<br \/><strong>Memoria RAM<\/strong><br \/>8 Gb. SO-DDR3 RAM<br \/><strong>Disco duro<\/strong><br \/>1.00 Tb. Fusion Drive<br \/><strong>Carte<\/strong><br \/>Grafica: Intel HD Graphics 4000<br \/>Suono: High Definition Audio<br \/>Rete: Broadcom BCM57766<br \/><strong>Sistema operativo<\/strong><br \/>macOS Catalina<br \/><strong>Porte<\/strong><br \/>4x USB 2.0<br \/>Firewire<br \/>Thunderbolt<br \/><strong>Porte video<\/strong><br \/>HDMI<br \/><strong>Multimedia<\/strong><br \/>Lettore SD<br \/><strong>Connettivit\u00e0<\/strong><br \/>RJ-45<br \/>WIFI<br \/>Bluetooth<br \/><strong>Altri<\/strong><br \/>Imballaggio hR<br \/><strong>Dimensioni<\/strong><br \/>20x4x20 cm.<br \/><strong>Peso<\/strong><br \/>1.00 Kg.<br \/><strong>Specifiche aggiuntive<\/strong><br \/>L\u2019Apple Mac Mini 6,1 (modello A1347, Fine 2012) \u00e8 un perfetto esempio di equilibrio tra potenza, affidabilit\u00e0 e design minimalista. Dotato di un processore Intel Core i7 3615QM da 2.3 GHz, questo computer compatto offre prestazioni solide, in grado di gestire senza problemi attivit\u00e0 impegnative, dall\u2019editing video e audio al multitasking avanzato.<br \/>I suoi 8 GB di memoria SO-DDR3 e il veloce Fusion Drive da 1 TB combinano la velocit\u00e0 di un\u2019unit\u00e0 SSD con la capacit\u00e0 di un disco tradizionale, offrendo un sistema reattivo, stabile e con spazio pi\u00f9 che sufficiente per tutti i tuoi progetti. Con macOS Catalina, le prestazioni rimangono ottimizzate e l\u2019esperienza utente \u00e8 intuitiva ed efficiente come sempre con Apple.<br \/>La raffinata finitura Silver esalta il suo design senza tempo, adattandosi a qualsiasi ambiente, sia professionale che domestico. Il Mac Mini 6,1 rimane una scelta molto apprezzata da chi cerca un computer affidabile, silenzioso e ad alte prestazioni in un formato compatto, fedele allo spirito innovativo di Apple.<br \/>Buon aspetto esterno. Se hai domande, chiamaci o utilizza la nostra chat per ottenere ulteriori informazioni o richiedere pi\u00f9 dettagli.<br \/><strong>Commenti<\/strong><br \/><u>Modello A1347 (Late 2012) &#8211; Colore Silver<\/u><\/p>\n","protected":false},"excerpt":{"rendered":"<p>Intel Core i7 3615QM 2.3 GHz. \u00b7 8 Gb. SO-DDR3 RAM \u00b7 1.00 Tb. Fusion Drive \u00b7 macOS Catalina \u00b7<br \/>\n<u>Modello A1347 (Late 2012) &#8211; Colore Silver<br \/>\n<\/u> [&#8230;]<\/p>\n<p><a class=\"btn btn-secondary understrap-read-more-link\" href=\"https:\/\/digamac.com\/it\/tienda\/mac-mini-it\/apple-mac-mini-61-ricondizionato-core-i7-23ghz-8-gb-ram-1024-gb-fusion-drive-it-14131\/\">Leggi di pi\u00f9&#8230;<span class=\"screen-reader-text\"> from Apple Mac Mini 6,1 | Ricondizionato | Core i7 2.3GHz | 8 GB RAM | 1024 GB Fusion Drive<\/span><\/a><\/p>\n","protected":false},"featured_media":16956,"template":"","meta":[],"product_brand":[3122],"product_cat":[3414],"product_tag":[],"class_list":{"0":"post-16947","1":"product","2":"type-product","3":"status-publish","4":"has-post-thumbnail","6":"product_brand-apple","7":"product_cat-mac-mini-it","9":"first","10":"instock","11":"taxable","12":"shipping-taxable","13":"purchasable","14":"product-type-simple"},"exclude_global_add_ons":true,"addons":{"mouse-upgrades":{"name":"Estensione mouse","type":"multiple_choice","position":0,"required":false,"title_format":"heading","default":"","description_enable":false,"description":"","placeholder_enable":false,"placeholder":"","display":"radiobutton","restrictions_type":"any_text","adjust_price":false,"price":"","price_type":"quantity_based","restrictions":false,"min":"0","max":"0","options":[{"label":"Apple Magic Mouse 2 (A1657) [AMP00060]","price":"60.0000","price_type":"quantity_based","image":0,"visibility":true}]},"ram-memory-upgrades":{"name":"Espansione RAM","type":"multiple_choice","position":0,"required":false,"title_format":"heading","default":"","description_enable":false,"description":"","placeholder_enable":false,"placeholder":"","display":"radiobutton","restrictions_type":"any_text","adjust_price":false,"price":"","price_type":"quantity_based","restrictions":false,"min":"0","max":"0","options":[{"label":"DDR3 16 Gb SODIM RAM extension [AMP00004]","price":"50.0000","price_type":"quantity_based","image":0,"visibility":true}]}},"_links":{"self":[{"href":"https:\/\/digamac.com\/it\/wp-json\/wp\/v2\/product\/16947","targetHints":{"allow":["GET"]}}],"collection":[{"href":"https:\/\/digamac.com\/it\/wp-json\/wp\/v2\/product"}],"about":[{"href":"https:\/\/digamac.com\/it\/wp-json\/wp\/v2\/types\/product"}],"wp:featuredmedia":[{"embeddable":true,"href":"https:\/\/digamac.com\/it\/wp-json\/wp\/v2\/media\/16956"}],"wp:attachment":[{"href":"https:\/\/digamac.com\/it\/wp-json\/wp\/v2\/media?parent=16947"}],"wp:term":[{"taxonomy":"product_brand","embeddable":true,"href":"https:\/\/digamac.com\/it\/wp-json\/wp\/v2\/product_brand?post=16947"},{"taxonomy":"product_cat","embeddable":true,"href":"https:\/\/digamac.com\/it\/wp-json\/wp\/v2\/product_cat?post=16947"},{"taxonomy":"product_tag","embeddable":true,"href":"https:\/\/digamac.com\/it\/wp-json\/wp\/v2\/product_tag?post=16947"}],"curies":[{"name":"wp","href":"https:\/\/api.w.org\/{rel}","templated":true}]}}