{"id":16983,"date":"2026-02-07T18:41:01","date_gmt":"2026-02-07T17:41:01","guid":{"rendered":"https:\/\/digamac.com\/tienda\/senza-categoria\/apple-macbook-air-101-impecable-133-ricondizionato-m1-32ghz-8-gb-ram-250-gb-ssd-m2-2560x1600-it-14273\/"},"modified":"2026-02-25T09:07:26","modified_gmt":"2026-02-25T08:07:26","slug":"apple-macbook-air-101-impecable-133-ricondizionato-m1-32ghz-8-gb-ram-250-gb-ssd-m2-2560x1600-it-14273","status":"publish","type":"product","link":"https:\/\/digamac.com\/it\/tienda\/macbook-air-it\/apple-macbook-air-101-impecable-133-ricondizionato-m1-32ghz-8-gb-ram-250-gb-ssd-m2-2560x1600-it-14273\/","title":{"rendered":"Apple MacBook Air 10,1-Impecable 13.3&#8221; | Ricondizionato | M1 3.2GHz | 8 GB RAM | 250 GB SSD M2 2560&#215;1600"},"content":{"rendered":"<p><strong>Processore<\/strong><br \/>Apple M1 3.2 GHz.<br \/><strong>Memoria RAM<\/strong><br \/>8 Gb. SO-DDR4 RAM<br \/><strong>Disco duro<\/strong><br \/>250 Gb. SSD M2<br \/><strong>Carte<\/strong><br \/>Grafica: Apple G13G<br \/><strong>Sistema operativo<\/strong><br \/>macOS Tahoe<br \/><strong>Porte<\/strong><br \/>2x USB-C<br \/><strong>Schermo<\/strong><br \/>Led 13.3 &#8221; 2K 16:9 \u00b7 Risoluzione 2560&#215;1600<br \/><strong>Multimedia<\/strong><br \/>Webcam<br \/><strong>Connettivit\u00e0<\/strong><br \/>WIFI<br \/>Bluetooth<br \/><strong>Specifico portatile<\/strong><br \/>Lingua tastiera Spagnolo<br \/><strong>Altri<\/strong><br \/>Imballaggio hR<br \/><strong>Dimensioni<\/strong><br \/>30.4&#215;21.2&#215;1.6 cm.<br \/><strong>Peso<\/strong><br \/>1.30 Kg.<br \/><strong>Specifiche aggiuntive<\/strong><br \/>Elegante, silenzioso e pi\u00f9 potente di quanto immagini. Il MacBook Air 13.3&#8243; modello A2337 (2020) in Space Grey segna l\u2019inizio di una nuova era con il chip Apple M1 a 3.2 GHz, che rivoluziona il modo di lavorare, creare e fruire dei contenuti su un laptop ultraleggero.Grazie ai suoi 8 GB di RAM DDR4 e SSD M.2 da 250 GB, offre un\u2019esperienza fluida e reattiva fin dal primo secondo: apertura istantanea delle app, multitasking senza blocchi e eccellente autonomia. Ideale sia per studenti sia per professionisti che necessitano di prestazioni reali in movimento.Il display LED Retina da 13,3 pollici, con risoluzione 2K (2560&#215;1600), offre immagini vivide e testi perfettamente definiti. Perfetto per design leggero, navigazione intensiva o semplicemente per godersi serie e videoconferenze in alta qualit\u00e0 con la webcam HD integrata. Tutto funzionante con macOS Sequoia, il sistema operativo pi\u00f9 avanzato di Apple fino ad oggi.Sottile, robusto e dal design impeccabile, questo MacBook Air A2337 dimostra che non \u00e8 necessario essere grandi per essere incredibilmente capaci.<strong>Aspetto esterno impeccabile.<\/strong> Guarda in \u201c+ Foto\u201d e se hai qualche dubbio chiamaci o utilizza la nostra chat per ampliare le informazioni o per richiedere maggiori dettagli.<br \/><strong>Commenti<\/strong><br \/><u>Modello A2337 (2020) \u2013 Colore Space Grey<\/u><\/p>\n","protected":false},"excerpt":{"rendered":"<p><strong>Apple M1 3.2 GHz.<\/strong> \u00b7 8 Gb. SO-DDR4 RAM \u00b7 250 Gb. SSD M2 \u00b7 macOS Tahoe \u00b7 Led 13.3 &#8221; 2K 16:9 \u00b7 Webcam \u00b7<strong>Tastiera spagnola<\/strong> \u00b7<u>Modello A2337 (2020) \u2013 Colore Space Grey<br \/>\n<\/u> [&#8230;]<\/p>\n<p><a class=\"btn btn-secondary understrap-read-more-link\" href=\"https:\/\/digamac.com\/it\/tienda\/macbook-air-it\/apple-macbook-air-101-impecable-133-ricondizionato-m1-32ghz-8-gb-ram-250-gb-ssd-m2-2560x1600-it-14273\/\">Leggi di pi\u00f9&#8230;<span class=\"screen-reader-text\"> from Apple MacBook Air 10,1-Impecable 13.3&#8221; | Ricondizionato | M1 3.2GHz | 8 GB RAM | 250 GB SSD M2 2560&#215;1600<\/span><\/a><\/p>\n","protected":false},"featured_media":16992,"template":"","meta":[],"product_brand":[3122],"product_cat":[3419],"product_tag":[],"class_list":{"0":"post-16983","1":"product","2":"type-product","3":"status-publish","4":"has-post-thumbnail","6":"product_brand-apple","7":"product_cat-macbook-air-it","9":"first","10":"outofstock","11":"taxable","12":"shipping-taxable","13":"purchasable","14":"product-type-simple"},"exclude_global_add_ons":true,"addons":{"keyboard-iso-upgrades":{"name":"Seleziona lingua della tastiera","type":"multiple_choice","position":0,"required":false,"title_format":"heading","default":"","description_enable":false,"description":"","placeholder_enable":false,"placeholder":"","display":"radiobutton","restrictions_type":"any_text","adjust_price":false,"price":"","price_type":"quantity_based","restrictions":false,"min":"0","max":"0","options":[{"label":"French Stickers [AMP00084]","price":"0.0000","price_type":"quantity_based","image":0,"visibility":true},{"label":"Portuguese Stickers [AMP00083]","price":"0.0000","price_type":"quantity_based","image":0,"visibility":true}]},"mouse-upgrades":{"name":"Estensione mouse","type":"multiple_choice","position":0,"required":false,"title_format":"heading","default":"","description_enable":false,"description":"","placeholder_enable":false,"placeholder":"","display":"radiobutton","restrictions_type":"any_text","adjust_price":false,"price":"","price_type":"quantity_based","restrictions":false,"min":"0","max":"0","options":[{"label":"Apple Magic Mouse 2 (A1657) [AMP00060]","price":"60.0000","price_type":"quantity_based","image":0,"visibility":true}]},"os-upgrades":{"name":"Estensione SO","type":"multiple_choice","position":0,"required":false,"title_format":"heading","default":"","description_enable":false,"description":"","placeholder_enable":false,"placeholder":"","display":"radiobutton","restrictions_type":"any_text","adjust_price":false,"price":"","price_type":"quantity_based","restrictions":false,"min":"0","max":"0","options":[{"label":"Change language to French [AMP00125]","price":"0.0000","price_type":"quantity_based","image":0,"visibility":true},{"label":"Change language to English [AMP00008]","price":"0.0000","price_type":"quantity_based","image":0,"visibility":true},{"label":"Change language to Portuguese [AMP00009]","price":"0.0000","price_type":"quantity_based","image":0,"visibility":true}]}},"_links":{"self":[{"href":"https:\/\/digamac.com\/it\/wp-json\/wp\/v2\/product\/16983","targetHints":{"allow":["GET"]}}],"collection":[{"href":"https:\/\/digamac.com\/it\/wp-json\/wp\/v2\/product"}],"about":[{"href":"https:\/\/digamac.com\/it\/wp-json\/wp\/v2\/types\/product"}],"wp:featuredmedia":[{"embeddable":true,"href":"https:\/\/digamac.com\/it\/wp-json\/wp\/v2\/media\/16992"}],"wp:attachment":[{"href":"https:\/\/digamac.com\/it\/wp-json\/wp\/v2\/media?parent=16983"}],"wp:term":[{"taxonomy":"product_brand","embeddable":true,"href":"https:\/\/digamac.com\/it\/wp-json\/wp\/v2\/product_brand?post=16983"},{"taxonomy":"product_cat","embeddable":true,"href":"https:\/\/digamac.com\/it\/wp-json\/wp\/v2\/product_cat?post=16983"},{"taxonomy":"product_tag","embeddable":true,"href":"https:\/\/digamac.com\/it\/wp-json\/wp\/v2\/product_tag?post=16983"}],"curies":[{"name":"wp","href":"https:\/\/api.w.org\/{rel}","templated":true}]}}