{"id":17085,"date":"2025-10-23T11:27:58","date_gmt":"2025-10-23T10:27:58","guid":{"rendered":"https:\/\/digamac.com\/tienda\/senza-categoria\/apple-mac-mini-51-mini-ricondizionato-core-i5-23ghz-8-gb-ram-500-gb-hdd-it-2902\/"},"modified":"2026-02-25T09:07:45","modified_gmt":"2026-02-25T08:07:45","slug":"apple-mac-mini-51-mini-ricondizionato-core-i5-23ghz-8-gb-ram-500-gb-hdd-it-2902","status":"publish","type":"product","link":"https:\/\/digamac.com\/it\/tienda\/mac-mini-it\/apple-mac-mini-51-mini-ricondizionato-core-i5-23ghz-8-gb-ram-500-gb-hdd-it-2902\/","title":{"rendered":"Apple Mac Mini 5,1 Mini | Ricondizionato | Core i5 2.3GHz | 8 GB RAM | 500 GB HDD"},"content":{"rendered":"<p><strong>Processore<\/strong><br \/>Intel Core i5 2415M 2.3 GHz.<br \/><strong>Formato<\/strong><br \/>Mini<br \/><strong>Memoria RAM<\/strong><br \/>8 Gb. SO-DDR3 RAM<br \/><strong>Disco duro<\/strong><br \/>500 Gb. SATA<br \/><strong>Carte<\/strong><br \/>Grafica: Intel HD Graphics 3000<br \/>Suono: High Definition Audio<br \/>Rete: Ethernet Gigabit<br \/><strong>Sistema operativo<\/strong><br \/>Mac OSX El Capitan<br \/><strong>Porte<\/strong><br \/>4x USB 2.0<br \/>Firewire<br \/>Thunderbolt<br \/><strong>Porte video<\/strong><br \/>HDMI<br \/><strong>Multimedia<\/strong><br \/>Lettore SD<br \/><strong>Connettivit\u00e0<\/strong><br \/>RJ-45<br \/>WIFI<br \/>Bluetooth<br \/><strong>Altri<\/strong><br \/>Imballaggio hR<br \/><strong>Dimensioni<\/strong><br \/>20x4x20 cm.<br \/><strong>Peso<\/strong><br \/>1.00 Kg.<br \/><strong>Specifiche aggiuntive<\/strong><br \/>L\u2019Apple Mac Mini 5,1 (modello A1347, Met\u00e0 2011) rappresenta l\u2019essenza del design intelligente di Apple: compatto, elegante e sorprendentemente capace. Dotato di un processore Intel Core i5 2415M da 2.3 GHz, offre prestazioni equilibrate ed efficienti, perfette per le attivit\u00e0 quotidiane come lavoro d\u2019ufficio, navigazione web, riproduzione multimediale o gestione di contenuti digitali.<br \/>Gli 8 GB di memoria DDR3 garantiscono una buona fluidit\u00e0 nel multitasking, mentre il disco rigido SATA da 500 GB offre lo spazio necessario per archiviare documenti, foto e applicazioni in tutta comodit\u00e0. Il sistema operativo Mac OS X El Capitan (COA) mantiene la stabilit\u00e0, la sicurezza e la facilit\u00e0 d\u2019uso tipiche dell\u2019ecosistema Apple, offrendo un\u2019esperienza fluida e piacevole.<br \/>Con la sua finitura Silver e il design compatto, il Mac Mini 5,1 si adatta perfettamente a qualsiasi scrivania, aggiungendo un tocco professionale e sobrio. \u00c8 la scelta ideale per chi cerca un computer Apple affidabile, silenzioso e funzionale, capace di offrire prestazioni costanti senza rinunciare allo stile e alla qualit\u00e0 che definiscono il marchio.<br \/>Buon aspetto esterno. Se hai domande, chiamaci o utilizza la nostra chat per ottenere ulteriori informazioni o richiedere pi\u00f9 dettagli.<br \/><strong>Commenti<\/strong><br \/><u>Modello A1347 (Mid. 2011) &#8211; Colore Silver<\/u><\/p>\n","protected":false},"excerpt":{"rendered":"<p>Intel Core i5 2415M 2.3 GHz. \u00b7 8 Gb. SO-DDR3 RAM \u00b7 500 Gb. SATA \u00b7 Mac OSX El Capitan \u00b7<br \/>\n<u>Modello A1347 (Mid. 2011) &#8211; Colore Silver<br \/>\n<\/u> [&#8230;]<\/p>\n<p><a class=\"btn btn-secondary understrap-read-more-link\" href=\"https:\/\/digamac.com\/it\/tienda\/mac-mini-it\/apple-mac-mini-51-mini-ricondizionato-core-i5-23ghz-8-gb-ram-500-gb-hdd-it-2902\/\">Leggi di pi\u00f9&#8230;<span class=\"screen-reader-text\"> from Apple Mac Mini 5,1 Mini | Ricondizionato | Core i5 2.3GHz | 8 GB RAM | 500 GB HDD<\/span><\/a><\/p>\n","protected":false},"featured_media":17086,"template":"","meta":[],"product_brand":[3122],"product_cat":[3414],"product_tag":[],"class_list":{"0":"post-17085","1":"product","2":"type-product","3":"status-publish","4":"has-post-thumbnail","6":"product_brand-apple","7":"product_cat-mac-mini-it","9":"first","10":"instock","11":"taxable","12":"shipping-taxable","13":"purchasable","14":"product-type-simple"},"exclude_global_add_ons":true,"addons":{"mouse-upgrades":{"name":"Estensione mouse","type":"multiple_choice","position":0,"required":false,"title_format":"heading","default":"","description_enable":false,"description":"","placeholder_enable":false,"placeholder":"","display":"radiobutton","restrictions_type":"any_text","adjust_price":false,"price":"","price_type":"quantity_based","restrictions":false,"min":"0","max":"0","options":[{"label":"Apple Magic Mouse 2 (A1657) [AMP00060]","price":"60.0000","price_type":"quantity_based","image":0,"visibility":true}]},"ram-memory-upgrades":{"name":"Espansione RAM","type":"multiple_choice","position":0,"required":false,"title_format":"heading","default":"","description_enable":false,"description":"","placeholder_enable":false,"placeholder":"","display":"radiobutton","restrictions_type":"any_text","adjust_price":false,"price":"","price_type":"quantity_based","restrictions":false,"min":"0","max":"0","options":[{"label":"DDR3 16 Gb SODIM RAM extension [AMP00004]","price":"50.0000","price_type":"quantity_based","image":0,"visibility":true}]},"hdd-upgrades":{"name":"Estensione HDD","type":"multiple_choice","position":0,"required":false,"title_format":"heading","default":"","description_enable":false,"description":"","placeholder_enable":false,"placeholder":"","display":"radiobutton","restrictions_type":"any_text","adjust_price":false,"price":"","price_type":"quantity_based","restrictions":false,"min":"0","max":"0","options":[{"label":"1 Tb. SATA 2,5&quot; Upgrade [AMP00035]","price":"45.0000","price_type":"quantity_based","image":0,"visibility":true},{"label":"SSD 120 Gb. Upgrade [AMP00012]","price":"25.0000","price_type":"quantity_based","image":0,"visibility":true},{"label":"SSD 240 Gb. Upgrade [AMP00013]","price":"35.0000","price_type":"quantity_based","image":0,"visibility":true},{"label":"SSD 480 Gb. Upgrade [AMP00014]","price":"59.0000","price_type":"quantity_based","image":0,"visibility":true}]}},"_links":{"self":[{"href":"https:\/\/digamac.com\/it\/wp-json\/wp\/v2\/product\/17085","targetHints":{"allow":["GET"]}}],"collection":[{"href":"https:\/\/digamac.com\/it\/wp-json\/wp\/v2\/product"}],"about":[{"href":"https:\/\/digamac.com\/it\/wp-json\/wp\/v2\/types\/product"}],"wp:featuredmedia":[{"embeddable":true,"href":"https:\/\/digamac.com\/it\/wp-json\/wp\/v2\/media\/17086"}],"wp:attachment":[{"href":"https:\/\/digamac.com\/it\/wp-json\/wp\/v2\/media?parent=17085"}],"wp:term":[{"taxonomy":"product_brand","embeddable":true,"href":"https:\/\/digamac.com\/it\/wp-json\/wp\/v2\/product_brand?post=17085"},{"taxonomy":"product_cat","embeddable":true,"href":"https:\/\/digamac.com\/it\/wp-json\/wp\/v2\/product_cat?post=17085"},{"taxonomy":"product_tag","embeddable":true,"href":"https:\/\/digamac.com\/it\/wp-json\/wp\/v2\/product_tag?post=17085"}],"curies":[{"name":"wp","href":"https:\/\/api.w.org\/{rel}","templated":true}]}}