{"id":19907,"date":"2026-05-05T10:53:39","date_gmt":"2026-05-05T09:53:39","guid":{"rendered":"https:\/\/digamac.com\/tienda\/senza-categoria\/apple-macbook-pro-162-impecable-133-ricondizionato-core-i7-23ghz-16-gb-ram-500-gb-ssd-m2-2560x1600-it-14991\/"},"modified":"2026-05-05T10:53:52","modified_gmt":"2026-05-05T09:53:52","slug":"apple-macbook-pro-162-impecable-133-ricondizionato-core-i7-23ghz-16-gb-ram-500-gb-ssd-m2-2560x1600-it-14991","status":"publish","type":"product","link":"https:\/\/digamac.com\/it\/tienda\/macbook-pro-it\/macbook-pro-13-it\/apple-macbook-pro-162-impecable-133-ricondizionato-core-i7-23ghz-16-gb-ram-500-gb-ssd-m2-2560x1600-it-14991\/","title":{"rendered":"Apple MacBook Pro 16,2-Impecable 13.3&#8221; | Ricondizionato | Core i7 2.3GHz | 16 GB RAM | 500 GB SSD M2 2560&#215;1600"},"content":{"rendered":"<p><strong>Processore<\/strong><br \/>Intel Core i7 1068NG7 2.3 GHz.<br \/><strong>Memoria RAM<\/strong><br \/>16 Gb. SO-DDR4 RAM<br \/><strong>Disco duro<\/strong><br \/>500 Gb. SSD M2<br \/><strong>Carte<\/strong><br \/>Grafica: Intel Iris 1.5Gb<br \/>Suono: HD Audio Dolby Atmos<br \/><strong>Sistema operativo<\/strong><br \/>macOS Tahoe<br \/><strong>Porte<\/strong><br \/>4x USB-C<br \/><strong>Schermo<\/strong><br \/>Retina 13.3 &#8221; 2K 16:9  \u00b7 Risoluzione 2560&#215;1600<br \/><strong>Multimedia<\/strong><br \/>Webcam<br \/><strong>Connettivit\u00e0<\/strong><br \/>WIFI<br \/>Bluetooth<br \/><strong>Specifico portatile<\/strong><br \/>Lingua tastiera Internazionale (adesivi spagnoli)<br \/><strong>Altri<\/strong><br \/>Imballaggio hR<br \/><strong>Dimensioni<\/strong><br \/>30.4&#215;21.2&#215;1.6 cm.<br \/><strong>Peso<\/strong><br \/>1.40 Kg.<br \/><strong>Specifiche aggiuntive<\/strong><br \/>L\u2019Apple MacBook Pro da 13,3 pollici modello A2251 del 2020, identificato internamente come MacBook Pro 16,2, \u00e8 il portatile professionale pi\u00f9 avanzato della gamma MacBook Pro Intel di Apple in questo formato, dotato nella sua configurazione superiore di processore Intel Core i7 che lo distingue chiaramente dalle versioni i5 e lo posiziona come lo strumento di lavoro pi\u00f9 potente disponibile in questo fattore di forma all\u2019interno della generazione 2020. Progettato per creativi esigenti, sviluppatori professionisti, produttori di contenuti e qualsiasi utente che necessiti della massima potenza sostenuta della piattaforma MacBook Pro in formato compatto, questo dispositivo rappresenta il culmine della linea Intel Pro di Apple prima della transizione al chip in silicio proprietario. Il suo processore Intel Core i7-1068NG7 a 2,3 GHz, chip Ice Lake di decima generazione con quattro core e otto thread appositamente selezionato e ottimizzato da Apple per la configurazione ad alte prestazioni del MacBook Pro 13 pollici 2020, offre una potenza di calcolo superiore con frequenze turbo significativamente pi\u00f9 elevate rispetto alla versione i5, traducendosi in una risposta notevolmente pi\u00f9 rapida nelle attivit\u00e0 di editing video, compilazione di codice, progettazione 3D, produzione musicale e qualsiasi carico di lavoro professionale sostenuto e intensivo. I 16 GB di memoria RAM SO-DDR4 garantiscono una gestione fluida e senza limitazioni di molteplici flussi di lavoro simultanei, ambienti di sviluppo complessi e applicazioni creative ad alta richiesta. L\u2019archiviazione \u00e8 un SSD M.2 da 500 GB con la velocit\u00e0 e l\u2019affidabilit\u00e0 caratteristiche della piattaforma Apple, offrendo tempi di accesso e trasferimento che rendono ogni operazione un\u2019esperienza fluida e immediata. Il display Retina da 13,3 pollici con risoluzione 2K di 2560&#215;1600 pixel \u00e8 uno degli elementi pi\u00f9 iconici del MacBook Pro, offrendo nitidezza, precisione cromatica e fedelt\u00e0 dei colori che hanno reso il display Retina di Apple lo standard di riferimento assoluto per il lavoro creativo professionale su portatili. La TouchBar integrata sopra la tastiera \u00e8 il sistema di interazione contestuale esclusivo di Apple che trasforma la fila dei tasti funzione in una barra touch OLED dinamica che adatta i suoi controlli a ogni applicazione attiva, accelerando i flussi di lavoro creativi e tecnici con scorciatoie intelligenti, slider di editing, controlli di riproduzione e funzioni specifiche delle applicazioni pi\u00f9 utilizzate. La webcam integrata copre tutte le esigenze di comunicazione remota e videoconferenza dell\u2019ambiente professionale attuale. Il dispositivo arriva con macOS Tahoe installato ed \u00e8 presentato in finitura Space Grey. Un MacBook Pro A2251 in configurazione i7 ricondizionato in condizioni impeccabili \u2014 l\u2019opzione pi\u00f9 potente e completa della gamma per chi non accetta compromessi.<br \/><b>Aspetto Esterno Impeccabile<\/b>. Se hai qualche dubbio chiamaci o utilizza la nostra chat per ampliare le informazioni o richiedere maggiori dettagli.<br \/><strong>Commenti<\/strong><br \/><u>TouchBar \u2013 Modello A2251 (2020) \u2013 Colore Space Grey<\/u><\/p>\n","protected":false},"excerpt":{"rendered":"<p>Intel Core i7 1068NG7 2.3 GHz. \u00b7 16 Gb. SO-DDR4 RAM \u00b7 500 Gb. SSD M2 \u00b7 macOS Tahoe \u00b7 Retina 13.3 &#8221; 2K 16:9 \u00b7 Webcam \u00b7<br \/>\n<strong>TouchBar<\/strong>\u00b7 <u>Modello A2251 (2020) \u2013 Colore Space Grey<\/u> [&#8230;]<\/p>\n<p><a class=\"btn btn-secondary understrap-read-more-link\" href=\"https:\/\/digamac.com\/it\/tienda\/macbook-pro-it\/macbook-pro-13-it\/apple-macbook-pro-162-impecable-133-ricondizionato-core-i7-23ghz-16-gb-ram-500-gb-ssd-m2-2560x1600-it-14991\/\">Leggi di pi\u00f9&#8230;<span class=\"screen-reader-text\"> from Apple MacBook Pro 16,2-Impecable 13.3&#8221; | Ricondizionato | Core i7 2.3GHz | 16 GB RAM | 500 GB SSD M2 2560&#215;1600<\/span><\/a><\/p>\n","protected":false},"featured_media":19833,"template":"","meta":[],"product_brand":[3122],"product_cat":[3418,3483],"product_tag":[],"class_list":{"0":"post-19907","1":"product","2":"type-product","3":"status-publish","4":"has-post-thumbnail","6":"product_brand-apple","7":"product_cat-macbook-pro-it","8":"product_cat-macbook-pro-13-it","10":"first","11":"instock","12":"taxable","13":"shipping-taxable","14":"purchasable","15":"product-type-simple"},"exclude_global_add_ons":true,"addons":{"keyboard-iso-upgrades":{"name":"Seleziona lingua della tastiera","type":"multiple_choice","position":0,"required":false,"title_format":"heading","default":"","description_enable":false,"description":"","placeholder_enable":false,"placeholder":"","display":"radiobutton","restrictions_type":"any_text","adjust_price":false,"price":"","price_type":"quantity_based","restrictions":false,"min":"0","max":"0","options":[{"label":"Spanish Stickers [AMP00082]","price":"0.0000","price_type":"quantity_based","image":0,"visibility":true},{"label":"French Stickers [AMP00084]","price":"0.0000","price_type":"quantity_based","image":0,"visibility":true},{"label":"Portuguese Stickers [AMP00083]","price":"0.0000","price_type":"quantity_based","image":0,"visibility":true}]},"mouse-upgrades":{"name":"Estensione mouse","type":"multiple_choice","position":0,"required":false,"title_format":"heading","default":"","description_enable":false,"description":"","placeholder_enable":false,"placeholder":"","display":"radiobutton","restrictions_type":"any_text","adjust_price":false,"price":"","price_type":"quantity_based","restrictions":false,"min":"0","max":"0","options":[{"label":"Apple Magic Mouse 2 (A1657) [AMP00060]","price":"60.0000","price_type":"quantity_based","image":0,"visibility":true}]},"os-upgrades":{"name":"Estensione SO","type":"multiple_choice","position":0,"required":false,"title_format":"heading","default":"","description_enable":false,"description":"","placeholder_enable":false,"placeholder":"","display":"radiobutton","restrictions_type":"any_text","adjust_price":false,"price":"","price_type":"quantity_based","restrictions":false,"min":"0","max":"0","options":[{"label":"Change language to French [AMP00125]","price":"0.0000","price_type":"quantity_based","image":0,"visibility":true},{"label":"Change language to English [AMP00008]","price":"0.0000","price_type":"quantity_based","image":0,"visibility":true},{"label":"Change language to Portuguese [AMP00009]","price":"0.0000","price_type":"quantity_based","image":0,"visibility":true}]}},"_links":{"self":[{"href":"https:\/\/digamac.com\/it\/wp-json\/wp\/v2\/product\/19907","targetHints":{"allow":["GET"]}}],"collection":[{"href":"https:\/\/digamac.com\/it\/wp-json\/wp\/v2\/product"}],"about":[{"href":"https:\/\/digamac.com\/it\/wp-json\/wp\/v2\/types\/product"}],"wp:featuredmedia":[{"embeddable":true,"href":"https:\/\/digamac.com\/it\/wp-json\/wp\/v2\/media\/19833"}],"wp:attachment":[{"href":"https:\/\/digamac.com\/it\/wp-json\/wp\/v2\/media?parent=19907"}],"wp:term":[{"taxonomy":"product_brand","embeddable":true,"href":"https:\/\/digamac.com\/it\/wp-json\/wp\/v2\/product_brand?post=19907"},{"taxonomy":"product_cat","embeddable":true,"href":"https:\/\/digamac.com\/it\/wp-json\/wp\/v2\/product_cat?post=19907"},{"taxonomy":"product_tag","embeddable":true,"href":"https:\/\/digamac.com\/it\/wp-json\/wp\/v2\/product_tag?post=19907"}],"curies":[{"name":"wp","href":"https:\/\/api.w.org\/{rel}","templated":true}]}}