{"id":17750,"date":"2026-03-05T09:03:00","date_gmt":"2026-03-05T08:03:00","guid":{"rendered":"https:\/\/digamac.com\/politica-de-privacidade\/"},"modified":"2026-03-05T09:03:00","modified_gmt":"2026-03-05T08:03:00","slug":"politica-de-privacidade","status":"publish","type":"page","link":"https:\/\/digamac.com\/pt-pt\/politica-de-privacidade\/","title":{"rendered":"Pol\u00edtica de privacidade"},"content":{"rendered":"\n<h3 class=\"wp-block-heading mt-5\">Pol\u00edtica de privacidade<\/h3>\n\n<p>Em conformidade com a legisla\u00e7\u00e3o de Prote\u00e7\u00e3o de Dados Pessoais, informamos que fornece os seus dados pessoais ao Respons\u00e1vel pelo Tratamento: Grupo Digalco, SL (doravante, &#8220;A ENTIDADE&#8221;), com sede em PI BERGONDO PARCELA R.7 -R.8, 15165 &#8211; BERGONDO (A CORU\u00d1A).<\/p>\n\n<p><strong>Empresa:<\/strong> Grupo Digalco SL<\/p>\n\n<p><strong>CIF:<\/strong> B15639792<\/p>\n\n<p><strong>ENDERE\u00c7O:<\/strong> P.I. BERGONDO PARCELA R.7-R.8, 15165 &#8211; BERGONDO (A CORU\u00d1A)<\/p>\n\n<p>Registo comercial<strong>:<\/strong> O documento acima encontra-se registado no tomo 2065 do Arquivo da Sec\u00e7\u00e3o Geral, ao f\u00f3lio 174, folha n\u00famero C-20399, inscri\u00e7\u00e3o 1.<\/p>\n\n<h5 class=\"wp-block-heading\">1. Finalidade do Tratamento<\/h5>\n\n<p>A ENTIDADE poder\u00e1 tratar os seus dados pessoais para as seguintes finalidades:<\/p>\n\n<ol class=\"wp-block-list\">\n<li>Gerir a sua navega\u00e7\u00e3o no Site Web.<\/li>\n\n\n\n<li>Gerir o servi\u00e7o de Apoio ao Cliente, para responder a d\u00favidas, reclama\u00e7\u00f5es, coment\u00e1rios ou preocupa\u00e7\u00f5es relativas \u00e0 informa\u00e7\u00e3o inclu\u00edda no Site Web, bem como a qualquer outra consulta que possa ter.<\/li>\n\n\n\n<li>Tratar os seus dados para fins comerciais, desde que tenha consentido o respetivo tratamento de dados pessoais. Para nos dar o seu consentimento para lhe enviar informa\u00e7\u00f5es sobre os nossos servi\u00e7os, dever\u00e1 marcar a caixa &#8220;Sim, gostaria de receber informa\u00e7\u00f5es comerciais&#8221;. Caso contr\u00e1rio, n\u00e3o poderemos utilizar os seus dados pessoais para este fim.  <\/li>\n\n\n\n<li>Gerir o cumprimento, manuten\u00e7\u00e3o, desenvolvimento e controlo de qualquer rela\u00e7\u00e3o que A ENTIDADE mantenha consigo.<\/li>\n\n\n\n<li>Gerir a cobran\u00e7a dos produtos e\/ou servi\u00e7os adquiridos por si, atrav\u00e9s das passarelas de pagamento contratadas para o efeito. A informa\u00e7\u00e3o financeira que fornecer poder\u00e1 ser conservada nessas passarelas para facilitar a realiza\u00e7\u00e3o de pagamentos recorrentes. <\/li>\n\n\n\n<li>Gerir o seu registo de utilizador e identific\u00e1-lo como &#8220;utilizador registado&#8221; para que possa realizar compras sem ter de introduzir repetidamente os seus dados pessoais.<\/li>\n<\/ol>\n\n<p>A falta de fornecimento de determinadas informa\u00e7\u00f5es designadas como obrigat\u00f3rias pode significar que n\u00e3o ser\u00e1 poss\u00edvel gerir o seu registo como utilizador ou a utiliza\u00e7\u00e3o de certas funcionalidades ou servi\u00e7os dispon\u00edveis atrav\u00e9s da Plataforma.<\/p>\n\n<p>O utilizador (voc\u00ea) garante que os Dados Pessoais fornecidos s\u00e3o verdadeiros e exatos e compromete-se a comunicar qualquer altera\u00e7\u00e3o ou modifica\u00e7\u00e3o dos mesmos. Caso forne\u00e7a Dados Pessoais de terceiros, \u00e9 respons\u00e1vel por os ter informado e por ter obtido o seu consentimento para os fornecer para as finalidades indicadas nas sec\u00e7\u00f5es correspondentes desta Pol\u00edtica de Privacidade. <\/p>\n\n<p>Qualquer perda ou dano causado \u00e0 Plataforma, aos Respons\u00e1veis pelo tratamento ou a qualquer terceiro atrav\u00e9s da comunica\u00e7\u00e3o de informa\u00e7\u00e3o errada, inexata ou incompleta nos formul\u00e1rios de registo ser\u00e1 da exclusiva responsabilidade do utilizador.<\/p>\n\n<h5 class=\"wp-block-heading\">2. Base de legitimidade para o tratamento dos seus dados pessoais<\/h5>\n\n<p>A base de legitimidade assenta no consentimento que nos presta ao clicar no bot\u00e3o \u201cACEITO A POL\u00cdTICA DE PROTE\u00c7\u00c3O DE DADOS\u201d.<\/p>\n\n<h5 class=\"wp-block-heading\">3. Destinat\u00e1rios de transfer\u00eancias<\/h5>\n\n<p>N\u00e3o cederemos os seus dados a terceiros, salvo obriga\u00e7\u00e3o legal.<\/p>\n\n<h5 class=\"wp-block-heading\">4. Direitos<\/h5>\n\n<p>Informamo-lo dos seus direitos em mat\u00e9ria de prote\u00e7\u00e3o de dados:<\/p>\n\n<ul class=\"wp-block-list\">\n<li>Direito de solicitar o acesso aos seus dados pessoais.<\/li>\n\n\n\n<li>Direito de solicitar a retifica\u00e7\u00e3o ou elimina\u00e7\u00e3o (direito ao esquecimento).<\/li>\n\n\n\n<li>Direito de solicitar a limita\u00e7\u00e3o do tratamento e de se opor ao tratamento.<\/li>\n\n\n\n<li>Direito \u00e0 portabilidade dos dados.<\/li>\n<\/ul>\n\n<p>Para exercer os seus direitos, pode alterar as suas prefer\u00eancias e dados pessoais no seu perfil de utilizador, ou apresentar um pedido por escrito acompanhado de uma c\u00f3pia do seu documento de identifica\u00e7\u00e3o. Grupo Digalco, SL disp\u00f5e de formul\u00e1rios adequados para o efeito. Basta solicit\u00e1-los ou enviar o seu pr\u00f3prio pedido escrito para Grupo Digalco, SL <a>administracion@grupodigalco.com<\/a>.  <\/p>\n\n<h5 class=\"wp-block-heading\">5. Medidas de Seguran\u00e7a<\/h5>\n\n<p>Grupo Digalco, SL implementou as medidas t\u00e9cnicas e organizativas necess\u00e1rias para garantir a seguran\u00e7a dos seus dados pessoais e evitar a sua altera\u00e7\u00e3o, perda, tratamento e\/ou acesso n\u00e3o autorizado, tendo em conta o estado da tecnologia, a natureza dos dados armazenados e os riscos decorrentes da a\u00e7\u00e3o humana ou do meio f\u00edsico e natural a que est\u00e3o expostos.<\/p>\n","protected":false},"excerpt":{"rendered":"<p>Pol\u00edtica de privacidade Em conformidade com a legisla\u00e7\u00e3o de Prote\u00e7\u00e3o de Dados Pessoais, informamos que fornece os seus dados pessoais ao Respons\u00e1vel pelo Tratamento: Grupo Digalco, SL (doravante, &#8220;A ENTIDADE&#8221;), com sede em PI BERGONDO PARCELA R.7 -R.8, 15165 &#8211; BERGONDO (A CORU\u00d1A). Empresa: Grupo Digalco SL CIF: B15639792 ENDERE\u00c7O: P.I. BERGONDO PARCELA R.7-R.8, 15165 [&#8230;]<\/p>\n<p><a class=\"btn btn-secondary understrap-read-more-link\" href=\"https:\/\/digamac.com\/pt-pt\/politica-de-privacidade\/\">Continuar a ler&#8230;<span class=\"screen-reader-text\"> from Pol\u00edtica de privacidade<\/span><\/a><\/p>\n","protected":false},"author":5,"featured_media":0,"parent":0,"menu_order":0,"comment_status":"closed","ping_status":"closed","template":"","meta":{"footnotes":""},"class_list":["post-17750","page","type-page","status-publish","hentry"],"_links":{"self":[{"href":"https:\/\/digamac.com\/pt-pt\/wp-json\/wp\/v2\/pages\/17750","targetHints":{"allow":["GET"]}}],"collection":[{"href":"https:\/\/digamac.com\/pt-pt\/wp-json\/wp\/v2\/pages"}],"about":[{"href":"https:\/\/digamac.com\/pt-pt\/wp-json\/wp\/v2\/types\/page"}],"author":[{"embeddable":true,"href":"https:\/\/digamac.com\/pt-pt\/wp-json\/wp\/v2\/users\/5"}],"replies":[{"embeddable":true,"href":"https:\/\/digamac.com\/pt-pt\/wp-json\/wp\/v2\/comments?post=17750"}],"version-history":[{"count":1,"href":"https:\/\/digamac.com\/pt-pt\/wp-json\/wp\/v2\/pages\/17750\/revisions"}],"predecessor-version":[{"id":17751,"href":"https:\/\/digamac.com\/pt-pt\/wp-json\/wp\/v2\/pages\/17750\/revisions\/17751"}],"wp:attachment":[{"href":"https:\/\/digamac.com\/pt-pt\/wp-json\/wp\/v2\/media?parent=17750"}],"curies":[{"name":"wp","href":"https:\/\/api.w.org\/{rel}","templated":true}]}}