{"id":10818,"date":"2023-04-26T14:59:09","date_gmt":"2023-04-26T13:59:12","guid":{"rendered":"https:\/\/digamac.com\/producto\/apple-macbook-pro-101-retina-154-recondicionado-core-i7-24ghz-8-gb-ram-256-gb-ssd-2880x1800-pt-3166\/"},"modified":"2023-04-26T14:59:12","modified_gmt":"2023-04-26T13:59:12","slug":"apple-macbook-pro-101-retina-154-recondicionado-core-i7-24ghz-8-gb-ram-256-gb-ssd-2880x1800-pt-3166","status":"publish","type":"product","link":"https:\/\/digamac.com\/pt-pt\/loja\/macbook-pro-pt\/apple-macbook-pro-101-retina-154-recondicionado-core-i7-24ghz-8-gb-ram-256-gb-ssd-2880x1800-pt-3166\/","title":{"rendered":"Apple MacBook Pro 10,1 Retina 15.4&#8221; | Recondicionado | Core i7 2.4GHz | 8 GB RAM | 256 GB SSD 2880&#215;1800"},"content":{"rendered":"<p><strong>Processador<\/strong><br \/>Intel Core i7 3635QM 2.4 GHz.<br \/><strong>Mem\u00f3ria RAM<\/strong><br \/>8 Gb. SO-DDR3 RAM<br \/><strong>Disco r\u00edgido<\/strong><br \/>256 Gb. SSD<br \/><strong>Cart\u00f5es<\/strong><br \/>Placa gr\u00e1fica: Intel HD Graphics 4000 \/ Nvidia GeForce GT650M<br \/>Som: HD Audio<br \/><strong>Sistema operativo<\/strong><br \/>macOS Catalina<br \/><strong>Portos<\/strong><br \/>2x Thunderbolt<br \/>2x USB 3.0<br \/><strong>Tela<\/strong><br \/>Retina 15.4 &#8221; 2K  16:10  \u00b7 Resolu\u00e7\u00e3o 2880&#215;1800<br \/><strong>Portas de v\u00eddeo<\/strong><br \/>1x HDMI<br \/><strong>Multim\u00eddia<\/strong><br \/>Webcam<br \/>Leitor SD<br \/><strong>Conectividade<\/strong><br \/>WIFI<br \/>Bluetooth<br \/><strong>Espec\u00edfico laptop<\/strong><br \/>Layout do teclado Internacional (adesivos espanhol)<br \/>Adaptador de energia magsafe 2<br \/><strong>Outros<\/strong><br \/>hR embalagens<br \/><strong>Dimens\u00f5es<\/strong><br \/>36&#215;24.8&#215;1.7 cm.<br \/><strong>Peso<\/strong><br \/>1.35 Kg.<br \/><strong>Especifica\u00e7\u00f5es adicionais<\/strong><br \/>Boa apar\u00eancia externa. Pode apresentar leves sinais de uso na carca\u00e7a. O produto possui o Sistema Operacional instalado e pronto para funcionar. Sem d\u00favida, uma grande oportunidade de adquirir um MacBook e come\u00e7ar a usufruir dos benef\u00edcios do ambiente Apple. Veja &#8220;+ Fotos&#8221; e &#8220;V\u00eddeo&#8221; e se tiver alguma d\u00favida nos ligue ou use nosso chat para ampliar as informa\u00e7\u00f5es ou solicitar mais detalhes.<\/p>\n<p><strong>Coment\u00e1rios<\/strong><br \/><u>Modelo A1398 (Early 2013)<\/u><\/p>\n","protected":false},"excerpt":{"rendered":"<p>Intel Core i7 3635QM 2.4 GHz. \u00b7 8 Gb. SO-DDR3 RAM \u00b7 256 Gb. SSD \u00b7 macOS Catalina \u00b7 Retina 15.4 &#8221; 2K  16:10  \u00b7 Resolu\u00e7\u00e3o 2880&#215;1800 \u00b7 Webcam \u00b7 Leitor SD \u00b7 <u>Modelo A1398 (Early 2013)<\/u> [&#8230;]<\/p>\n<p><a class=\"btn btn-secondary understrap-read-more-link\" href=\"https:\/\/digamac.com\/pt-pt\/loja\/macbook-pro-pt\/apple-macbook-pro-101-retina-154-recondicionado-core-i7-24ghz-8-gb-ram-256-gb-ssd-2880x1800-pt-3166\/\">Continuar a ler&#8230;<span class=\"screen-reader-text\"> from Apple MacBook Pro 10,1 Retina 15.4&#8221; | Recondicionado | Core i7 2.4GHz | 8 GB RAM | 256 GB SSD 2880&#215;1800<\/span><\/a><\/p>\n","protected":false},"featured_media":10793,"template":"","meta":[],"product_brand":[3122],"product_cat":[3057],"product_tag":[],"class_list":{"0":"post-10818","1":"product","2":"type-product","3":"status-publish","4":"has-post-thumbnail","6":"product_brand-apple","7":"product_cat-macbook-pro-pt","9":"first","10":"outofstock","11":"taxable","12":"shipping-taxable","13":"purchasable","14":"product-type-simple"},"exclude_global_add_ons":true,"addons":{"keyboard-iso-upgrades":{"name":"Selecione idioma teclado","type":"multiple_choice","position":0,"required":false,"title_format":"heading","default":"","description_enable":false,"description":"","placeholder_enable":false,"placeholder":"","display":"radiobutton","restrictions_type":"any_text","adjust_price":false,"price":"","price_type":"quantity_based","restrictions":false,"min":"0","max":"0","options":[{"label":"Pegatinas Espanhol [AMP00082]","price":"0.0000","price_type":"quantity_based","image":0,"visibility":true},{"label":"Pegatinas Franc\u00e9s [AMP00084]","price":"0.0000","price_type":"quantity_based","image":0,"visibility":true},{"label":"Pegatinas Portugues [AMP00083]","price":"0.0000","price_type":"quantity_based","image":0,"visibility":true}]},"mouse-upgrades":{"name":"Extens\u00e3o rato","type":"multiple_choice","position":0,"required":false,"title_format":"heading","default":"","description_enable":false,"description":"","placeholder_enable":false,"placeholder":"","display":"radiobutton","restrictions_type":"any_text","adjust_price":false,"price":"","price_type":"quantity_based","restrictions":false,"min":"0","max":"0","options":[{"label":"Apple Magic Mouse 2 (A1657) [AMP00060]","price":"60.0000","price_type":"quantity_based","image":0,"visibility":true},{"label":"Rat\u00f3n Apple USB (A1152) [AMP00053]","price":"15.0000","price_type":"quantity_based","image":0,"visibility":true}]}},"_links":{"self":[{"href":"https:\/\/digamac.com\/pt-pt\/wp-json\/wp\/v2\/product\/10818","targetHints":{"allow":["GET"]}}],"collection":[{"href":"https:\/\/digamac.com\/pt-pt\/wp-json\/wp\/v2\/product"}],"about":[{"href":"https:\/\/digamac.com\/pt-pt\/wp-json\/wp\/v2\/types\/product"}],"wp:featuredmedia":[{"embeddable":true,"href":"https:\/\/digamac.com\/pt-pt\/wp-json\/wp\/v2\/media\/10793"}],"wp:attachment":[{"href":"https:\/\/digamac.com\/pt-pt\/wp-json\/wp\/v2\/media?parent=10818"}],"wp:term":[{"taxonomy":"product_brand","embeddable":true,"href":"https:\/\/digamac.com\/pt-pt\/wp-json\/wp\/v2\/product_brand?post=10818"},{"taxonomy":"product_cat","embeddable":true,"href":"https:\/\/digamac.com\/pt-pt\/wp-json\/wp\/v2\/product_cat?post=10818"},{"taxonomy":"product_tag","embeddable":true,"href":"https:\/\/digamac.com\/pt-pt\/wp-json\/wp\/v2\/product_tag?post=10818"}],"curies":[{"name":"wp","href":"https:\/\/api.w.org\/{rel}","templated":true}]}}