{"id":11449,"date":"2023-08-03T11:01:07","date_gmt":"2023-08-03T10:01:10","guid":{"rendered":"https:\/\/digamac.com\/producto\/apple-macbook-air-41-impecable-116-recondicionado-core-i5-16ghz-4-gb-ram-128-gb-ssd-1366x768-pt-11109\/"},"modified":"2025-07-04T11:55:10","modified_gmt":"2025-07-04T10:55:10","slug":"apple-macbook-air-41-impecable-116-recondicionado-core-i5-16ghz-4-gb-ram-128-gb-ssd-1366x768-pt-11109","status":"publish","type":"product","link":"https:\/\/digamac.com\/pt-pt\/loja\/macbook-air-pt\/apple-macbook-air-41-impecable-116-recondicionado-core-i5-16ghz-4-gb-ram-128-gb-ssd-1366x768-pt-11109\/","title":{"rendered":"Apple MacBook Air 4,1-Impecable 11.6&#8221; | Recondicionado | Core i5 1.6GHz | 4 GB RAM | 128 GB SSD 1366&#215;768"},"content":{"rendered":"<p><strong>Processador<\/strong><br \/>Intel Core i5 2467m 1.6 GHz.<br \/><strong>Mem\u00f3ria RAM<\/strong><br \/>4 Gb. SO-DDR3 RAM<br \/><strong>Disco r\u00edgido<\/strong><br \/>128 Gb. SSD<br \/><strong>Cart\u00f5es<\/strong><br \/>Placa gr\u00e1fica: Intel HD Graphics 3000<br \/>Som: HD Audio<br \/><strong>Sistema operativo<\/strong><br \/>Mac OSX Lion<br \/><strong>Portos<\/strong><br \/>Thunderbolt<br \/>2x USB 3.0<br \/><strong>Tela<\/strong><br \/>Led 11.6 &#8221; HD 16:10  \u00b7 Resolu\u00e7\u00e3o 1366&#215;768<br \/><strong>Multim\u00eddia<\/strong><br \/>Webcam<br \/><strong>Conectividade<\/strong><br \/>WIFI<br \/>Bluetooth<br \/><strong>Espec\u00edfico laptop<\/strong><br \/>Layout do teclado Internacional (adesivos espanhol)<br \/><strong>Outros<\/strong><br \/>hR embalagens<br \/><strong>Dimens\u00f5es<\/strong><br \/>29.9&#215;19.2&#215;1 cm.<br \/><strong>Peso<\/strong><br \/>1.07 Kg.<br \/><strong>Especifica\u00e7\u00f5es adicionais<\/strong><br \/>Apar\u00eancia externa Impec\u00e1vel. Semi novo. Solu\u00e7\u00e3o ideal para mobilidade com apenas 1 kg de peso e design ultra plano. O produto possui o Sistema Operacional instalado e pronto para funcionar. Sem d\u00favida, uma grande oportunidade de adquirir um MacBook e come\u00e7ar a usufruir dos benef\u00edcios do ambiente Apple. Veja &#8220;+ Fotos&#8221; e se tiver alguma d\u00favida nos ligue ou use nosso chat para ampliar as informa\u00e7\u00f5es ou solicitar mais detalhes.<\/p>\n<p><strong>Coment\u00e1rios<\/strong><br \/><u>Modelo A1370 (Mid. 2011) &#8211; Perfeito<\/u><\/p>\n","protected":false},"excerpt":{"rendered":"<p>Intel Core i5 2467m 1.6 GHz. \u00b7 4 Gb. SO-DDR3 RAM \u00b7 128 Gb. SSD \u00b7 Mac OSX Lion \u00b7 Led 11.6 &#8221; HD 16:10 \u00b7 Resolu\u00e7\u00e3o 1366&#215;768 \u00b7 Webcam \u00b7<br \/>\n<u>Modelo A1370 (Mid. 2011)<\/u> [&#8230;]<\/p>\n<p><a class=\"btn btn-secondary understrap-read-more-link\" href=\"https:\/\/digamac.com\/pt-pt\/loja\/macbook-air-pt\/apple-macbook-air-41-impecable-116-recondicionado-core-i5-16ghz-4-gb-ram-128-gb-ssd-1366x768-pt-11109\/\">Continuar a ler&#8230;<span class=\"screen-reader-text\"> from Apple MacBook Air 4,1-Impecable 11.6&#8221; | Recondicionado | Core i5 1.6GHz | 4 GB RAM | 128 GB SSD 1366&#215;768<\/span><\/a><\/p>\n","protected":false},"featured_media":11430,"template":"","meta":[],"product_brand":[3122],"product_cat":[3060],"product_tag":[],"class_list":{"0":"post-11449","1":"product","2":"type-product","3":"status-publish","4":"has-post-thumbnail","6":"product_brand-apple","7":"product_cat-macbook-air-pt","9":"first","10":"outofstock","11":"taxable","12":"shipping-taxable","13":"purchasable","14":"product-type-simple"},"exclude_global_add_ons":true,"addons":{"keyboard-iso-upgrades":{"name":"Selecione idioma teclado","type":"multiple_choice","position":0,"required":false,"title_format":"heading","default":"","description_enable":false,"description":"","placeholder_enable":false,"placeholder":"","display":"radiobutton","restrictions_type":"any_text","adjust_price":false,"price":"","price_type":"quantity_based","restrictions":false,"min":"0","max":"0","options":[{"label":"Pegatinas Espanhol [AMP00082]","price":"0.0000","price_type":"quantity_based","image":0,"visibility":true},{"label":"Pegatinas Franc\u00e9s [AMP00084]","price":"0.0000","price_type":"quantity_based","image":0,"visibility":true},{"label":"Pegatinas Portugues [AMP00083]","price":"0.0000","price_type":"quantity_based","image":0,"visibility":true}]},"mouse-upgrades":{"name":"Extens\u00e3o rato","type":"multiple_choice","position":0,"required":false,"title_format":"heading","default":"","description_enable":false,"description":"","placeholder_enable":false,"placeholder":"","display":"radiobutton","restrictions_type":"any_text","adjust_price":false,"price":"","price_type":"quantity_based","restrictions":false,"min":"0","max":"0","options":[{"label":"Apple Magic Mouse 2 (A1657) [AMP00060]","price":"60.0000","price_type":"quantity_based","image":0,"visibility":true}]}},"_links":{"self":[{"href":"https:\/\/digamac.com\/pt-pt\/wp-json\/wp\/v2\/product\/11449","targetHints":{"allow":["GET"]}}],"collection":[{"href":"https:\/\/digamac.com\/pt-pt\/wp-json\/wp\/v2\/product"}],"about":[{"href":"https:\/\/digamac.com\/pt-pt\/wp-json\/wp\/v2\/types\/product"}],"wp:featuredmedia":[{"embeddable":true,"href":"https:\/\/digamac.com\/pt-pt\/wp-json\/wp\/v2\/media\/11430"}],"wp:attachment":[{"href":"https:\/\/digamac.com\/pt-pt\/wp-json\/wp\/v2\/media?parent=11449"}],"wp:term":[{"taxonomy":"product_brand","embeddable":true,"href":"https:\/\/digamac.com\/pt-pt\/wp-json\/wp\/v2\/product_brand?post=11449"},{"taxonomy":"product_cat","embeddable":true,"href":"https:\/\/digamac.com\/pt-pt\/wp-json\/wp\/v2\/product_cat?post=11449"},{"taxonomy":"product_tag","embeddable":true,"href":"https:\/\/digamac.com\/pt-pt\/wp-json\/wp\/v2\/product_tag?post=11449"}],"curies":[{"name":"wp","href":"https:\/\/api.w.org\/{rel}","templated":true}]}}