{"id":11732,"date":"2023-08-29T12:59:44","date_gmt":"2023-08-29T11:59:47","guid":{"rendered":"https:\/\/digamac.com\/producto\/apple-macbook-pro-132-impecable-133-recondicionado-core-i5-29ghz-8-gb-ram-512-gb-ssd-m2-2560x1600-pt-11129\/"},"modified":"2023-11-29T16:38:29","modified_gmt":"2023-11-29T15:38:29","slug":"apple-macbook-pro-132-impecable-133-recondicionado-core-i5-29ghz-8-gb-ram-512-gb-ssd-m2-2560x1600-pt-11129","status":"publish","type":"product","link":"https:\/\/digamac.com\/pt-pt\/loja\/macbook-pro-pt\/macbook-pro-13-pt\/apple-macbook-pro-132-impecable-133-recondicionado-core-i5-29ghz-8-gb-ram-512-gb-ssd-m2-2560x1600-pt-11129\/","title":{"rendered":"Apple MacBook Pro 13,2 13.3&#8221; | Recondicionado | Core i5 2.9GHz | 8 GB RAM | 512 GB SSD M2 2560&#215;1600"},"content":{"rendered":"<p><strong>Processador<\/strong><br \/>Intel Core i5 6267U 2.9 GHz.<br \/><strong>Mem\u00f3ria RAM<\/strong><br \/>8 Gb. SO-DDR3 RAM<br \/><strong>Disco r\u00edgido<\/strong><br \/>512 Gb. SSD M2<br \/><strong>Cart\u00f5es<\/strong><br \/>Placa gr\u00e1fica: Intel Iris Graphics 550<br \/>Som: HD Audio<br \/><strong>Sistema operativo<\/strong><br \/>macOS Monterey<br \/><strong>Portos<\/strong><br \/>4x USB-C<br \/><strong>Tela<\/strong><br \/>Retina 13.3 &#8221; 2K  16:9  \u00b7 Resolu\u00e7\u00e3o 2560&#215;1600<br \/><strong>Multim\u00eddia<\/strong><br \/>Webcam<br \/><strong>Conectividade<\/strong><br \/>WIFI<br \/>Bluetooth<br \/><strong>Espec\u00edfico laptop<\/strong><br \/>Layout do teclado Internacional (adesivos espanhol)<br \/><strong>Outros<\/strong><br \/>hR embalagens<br \/><strong>Dimens\u00f5es<\/strong><br \/>21.2&#215;30.4&#215;1.4 cm.<br \/><strong>Peso<\/strong><br \/>1.40 Kg.<br \/><strong>Especifica\u00e7\u00f5es adicionais<\/strong><br \/>Boa apar\u00eancia exterior. Tela perfeita sem manchas brancas ou arranh\u00f5es. O produto possui o Sistema Operacional instalado e pronto para funcionar. Sem d\u00favida uma grande oportunidade de adquirir um MacBook e come\u00e7ar a aproveitar as vantagens do ambiente Apple. Procure em \u201c+ Fotos\u201d e \u201cV\u00eddeo\u201d e caso tenha alguma d\u00favida, ligue-nos ou utilize nosso chat para mais informa\u00e7\u00f5es ou para solicitar mais detalhes.<\/p>\n<p><strong>Coment\u00e1rios<\/strong><br \/><u>Modelo A1706 (2017)<\/u><\/p>\n","protected":false},"excerpt":{"rendered":"<p>Intel Core i5 6267U 2.9 GHz. \u00b7 8 Gb. SO-DDR3 RAM \u00b7 512 Gb. SSD M2 \u00b7 macOS Monterey \u00b7 Retina 13.3 &#8221; 2K  16:9  \u00b7 Resolu\u00e7\u00e3o 2560&#215;1600 \u00b7 Webcam \u00b7 <u>Modelo A1706 (2017)<\/u> [&#8230;]<\/p>\n<p><a class=\"btn btn-secondary understrap-read-more-link\" href=\"https:\/\/digamac.com\/pt-pt\/loja\/macbook-pro-pt\/macbook-pro-13-pt\/apple-macbook-pro-132-impecable-133-recondicionado-core-i5-29ghz-8-gb-ram-512-gb-ssd-m2-2560x1600-pt-11129\/\">Continuar a ler&#8230;<span class=\"screen-reader-text\"> from Apple MacBook Pro 13,2 13.3&#8221; | Recondicionado | Core i5 2.9GHz | 8 GB RAM | 512 GB SSD M2 2560&#215;1600<\/span><\/a><\/p>\n","protected":false},"featured_media":11710,"template":"","meta":[],"product_brand":[3122],"product_cat":[3063,3057],"product_tag":[],"class_list":{"0":"post-11732","1":"product","2":"type-product","3":"status-publish","4":"has-post-thumbnail","6":"product_brand-apple","7":"product_cat-macbook-pro-13-pt","8":"product_cat-macbook-pro-pt","10":"first","11":"outofstock","12":"taxable","13":"shipping-taxable","14":"purchasable","15":"product-type-simple"},"exclude_global_add_ons":true,"addons":{"keyboard-iso-upgrades":{"name":"Selecione idioma teclado","type":"multiple_choice","position":0,"required":false,"title_format":"heading","default":"","description_enable":false,"description":"","placeholder_enable":false,"placeholder":"","display":"radiobutton","restrictions_type":"any_text","adjust_price":false,"price":"","price_type":"quantity_based","restrictions":false,"min":"0","max":"0","options":[{"label":"Pegatinas Espanhol [AMP00082]","price":"0.0000","price_type":"quantity_based","image":0,"visibility":true},{"label":"Pegatinas Franc\u00e9s [AMP00084]","price":"0.0000","price_type":"quantity_based","image":0,"visibility":true},{"label":"Pegatinas Portugues [AMP00083]","price":"0.0000","price_type":"quantity_based","image":0,"visibility":true}]},"mouse-upgrades":{"name":"Extens\u00e3o rato","type":"multiple_choice","position":0,"required":false,"title_format":"heading","default":"","description_enable":false,"description":"","placeholder_enable":false,"placeholder":"","display":"radiobutton","restrictions_type":"any_text","adjust_price":false,"price":"","price_type":"quantity_based","restrictions":false,"min":"0","max":"0","options":[{"label":"Apple Magic Mouse 2 (A1657) [AMP00060]","price":"60.0000","price_type":"quantity_based","image":0,"visibility":true},{"label":"Rat\u00f3n Apple USB (A1152) [AMP00053]","price":"15.0000","price_type":"quantity_based","image":0,"visibility":true}]}},"_links":{"self":[{"href":"https:\/\/digamac.com\/pt-pt\/wp-json\/wp\/v2\/product\/11732","targetHints":{"allow":["GET"]}}],"collection":[{"href":"https:\/\/digamac.com\/pt-pt\/wp-json\/wp\/v2\/product"}],"about":[{"href":"https:\/\/digamac.com\/pt-pt\/wp-json\/wp\/v2\/types\/product"}],"wp:featuredmedia":[{"embeddable":true,"href":"https:\/\/digamac.com\/pt-pt\/wp-json\/wp\/v2\/media\/11710"}],"wp:attachment":[{"href":"https:\/\/digamac.com\/pt-pt\/wp-json\/wp\/v2\/media?parent=11732"}],"wp:term":[{"taxonomy":"product_brand","embeddable":true,"href":"https:\/\/digamac.com\/pt-pt\/wp-json\/wp\/v2\/product_brand?post=11732"},{"taxonomy":"product_cat","embeddable":true,"href":"https:\/\/digamac.com\/pt-pt\/wp-json\/wp\/v2\/product_cat?post=11732"},{"taxonomy":"product_tag","embeddable":true,"href":"https:\/\/digamac.com\/pt-pt\/wp-json\/wp\/v2\/product_tag?post=11732"}],"curies":[{"name":"wp","href":"https:\/\/api.w.org\/{rel}","templated":true}]}}