{"id":12000,"date":"2023-10-02T11:41:10","date_gmt":"2023-10-02T10:41:14","guid":{"rendered":"https:\/\/digamac.com\/producto\/apple-macbook-pro-142-impecable-133-recondicionado-core-i7-35ghz-16-gb-ram-1024-gb-ssd-m2-2560x1600-pt-11302\/"},"modified":"2023-11-24T10:19:25","modified_gmt":"2023-11-24T09:19:25","slug":"apple-macbook-pro-142-impecable-133-recondicionado-core-i7-35ghz-16-gb-ram-1024-gb-ssd-m2-2560x1600-pt-11302","status":"publish","type":"product","link":"https:\/\/digamac.com\/pt-pt\/loja\/macbook-pro-pt\/macbook-pro-13-pt\/apple-macbook-pro-142-impecable-133-recondicionado-core-i7-35ghz-16-gb-ram-1024-gb-ssd-m2-2560x1600-pt-11302\/","title":{"rendered":"Apple MacBook Pro 14,2-Impecable 13.3&#8221; | Recondicionado | Core i7 3.5GHz | 16 GB RAM | 1024 GB SSD M2 2560&#215;1600"},"content":{"rendered":"<p><strong>Processador<\/strong><br \/>Intel Core i7 7567U 3.5 GHz.<br \/><strong>Mem\u00f3ria RAM<\/strong><br \/>16 Gb. SO-DDR3 RAM<br \/><strong>Disco r\u00edgido<\/strong><br \/>1.00 Tb. SSD M2<br \/><strong>Cart\u00f5es<\/strong><br \/>Placa gr\u00e1fica: Intel Iris Plus Graphics 650<br \/>Som: HD Audio<br \/><strong>Sistema operativo<\/strong><br \/>macOS Monterey<br \/><strong>Portos<\/strong><br \/>4x USB-C<br \/><strong>Tela<\/strong><br \/>Retina 13.3 &#8221; 2K  16:9  \u00b7 Resolu\u00e7\u00e3o 2560&#215;1600<br \/><strong>Multim\u00eddia<\/strong><br \/>Webcam<br \/><strong>Conectividade<\/strong><br \/>WIFI<br \/>Bluetooth<br \/><strong>Espec\u00edfico laptop<\/strong><br \/>Layout do teclado Internacional (adesivos espanhol)<br \/><strong>Outros<\/strong><br \/>hR embalagens<br \/><strong>Dimens\u00f5es<\/strong><br \/>30.4&#215;21.2&#215;1.4 cm.<br \/><strong>Peso<\/strong><br \/>1.40 Kg.<br \/><strong>Especifica\u00e7\u00f5es adicionais<\/strong><br \/>Apar\u00eancia exterior impec\u00e1vel. Semi novo. Tela perfeita sem manchas brancas ou arranh\u00f5es. Processador i7 de 7\u00aa gera\u00e7\u00e3o, 16 GB de mem\u00f3ria, disco SSD e tela Retina o tornam muito adequado para qualquer tipo de ambiente. A n\u00edvel funcional, o Sistema Operativo est\u00e1 instalado e pronto a funcionar. Sem d\u00favida, uma \u00f3tima oportunidade para adquirir um MacBook e come\u00e7ar a aproveitar as vantagens do ambiente Apple. Procure em \u201c+ Fotos\u201d e &#8221;V\u00eddeo&#8221; e se tiver alguma d\u00favida ligue para n\u00f3s ou utilize nosso chat para mais informa\u00e7\u00f5es ou para solicitar mais detalhes.<\/p>\n<p><strong>Coment\u00e1rios<\/strong><br \/><u>Modelo A1706 (2017) &#8211; Perfeito &#8211; Space Grey<\/u><\/p>\n","protected":false},"excerpt":{"rendered":"<p>Intel Core i7 7567U 3.5 GHz. \u00b7 16 Gb. SO-DDR3 RAM \u00b7 1.00 Tb. SSD M2 \u00b7 macOS Monterey \u00b7 Retina 13.3 &#8221; 2K  16:9  \u00b7 Resolu\u00e7\u00e3o 2560&#215;1600 \u00b7 Webcam \u00b7 <u>Modelo A1706 (2017) &#8211; Perfeito &#8211; Space Grey<\/u> [&#8230;]<\/p>\n<p><a class=\"btn btn-secondary understrap-read-more-link\" href=\"https:\/\/digamac.com\/pt-pt\/loja\/macbook-pro-pt\/macbook-pro-13-pt\/apple-macbook-pro-142-impecable-133-recondicionado-core-i7-35ghz-16-gb-ram-1024-gb-ssd-m2-2560x1600-pt-11302\/\">Continuar a ler&#8230;<span class=\"screen-reader-text\"> from Apple MacBook Pro 14,2-Impecable 13.3&#8221; | Recondicionado | Core i7 3.5GHz | 16 GB RAM | 1024 GB SSD M2 2560&#215;1600<\/span><\/a><\/p>\n","protected":false},"featured_media":11978,"template":"","meta":[],"product_brand":[3122],"product_cat":[3063,3057],"product_tag":[],"class_list":{"0":"post-12000","1":"product","2":"type-product","3":"status-publish","4":"has-post-thumbnail","6":"product_brand-apple","7":"product_cat-macbook-pro-13-pt","8":"product_cat-macbook-pro-pt","10":"first","11":"outofstock","12":"taxable","13":"shipping-taxable","14":"purchasable","15":"product-type-simple"},"exclude_global_add_ons":true,"addons":{"keyboard-iso-upgrades":{"name":"Selecione idioma teclado","type":"multiple_choice","position":0,"required":false,"title_format":"heading","default":"","description_enable":false,"description":"","placeholder_enable":false,"placeholder":"","display":"radiobutton","restrictions_type":"any_text","adjust_price":false,"price":"","price_type":"quantity_based","restrictions":false,"min":"0","max":"0","options":[{"label":"Pegatinas Espanhol [AMP00082]","price":"0.0000","price_type":"quantity_based","image":0,"visibility":true},{"label":"Pegatinas Franc\u00e9s [AMP00084]","price":"0.0000","price_type":"quantity_based","image":0,"visibility":true},{"label":"Pegatinas Portugues [AMP00083]","price":"0.0000","price_type":"quantity_based","image":0,"visibility":true}]},"mouse-upgrades":{"name":"Extens\u00e3o rato","type":"multiple_choice","position":0,"required":false,"title_format":"heading","default":"","description_enable":false,"description":"","placeholder_enable":false,"placeholder":"","display":"radiobutton","restrictions_type":"any_text","adjust_price":false,"price":"","price_type":"quantity_based","restrictions":false,"min":"0","max":"0","options":[{"label":"Apple Magic Mouse 2 (A1657) [AMP00060]","price":"60.0000","price_type":"quantity_based","image":0,"visibility":true},{"label":"Rat\u00f3n Apple USB (A1152) [AMP00053]","price":"15.0000","price_type":"quantity_based","image":0,"visibility":true}]}},"_links":{"self":[{"href":"https:\/\/digamac.com\/pt-pt\/wp-json\/wp\/v2\/product\/12000","targetHints":{"allow":["GET"]}}],"collection":[{"href":"https:\/\/digamac.com\/pt-pt\/wp-json\/wp\/v2\/product"}],"about":[{"href":"https:\/\/digamac.com\/pt-pt\/wp-json\/wp\/v2\/types\/product"}],"wp:featuredmedia":[{"embeddable":true,"href":"https:\/\/digamac.com\/pt-pt\/wp-json\/wp\/v2\/media\/11978"}],"wp:attachment":[{"href":"https:\/\/digamac.com\/pt-pt\/wp-json\/wp\/v2\/media?parent=12000"}],"wp:term":[{"taxonomy":"product_brand","embeddable":true,"href":"https:\/\/digamac.com\/pt-pt\/wp-json\/wp\/v2\/product_brand?post=12000"},{"taxonomy":"product_cat","embeddable":true,"href":"https:\/\/digamac.com\/pt-pt\/wp-json\/wp\/v2\/product_cat?post=12000"},{"taxonomy":"product_tag","embeddable":true,"href":"https:\/\/digamac.com\/pt-pt\/wp-json\/wp\/v2\/product_tag?post=12000"}],"curies":[{"name":"wp","href":"https:\/\/api.w.org\/{rel}","templated":true}]}}