{"id":12211,"date":"2023-10-11T16:14:25","date_gmt":"2023-10-11T15:14:31","guid":{"rendered":"https:\/\/digamac.com\/producto\/lg-ultrafine-5k-27md5ka-27-impecable-ips-169-recondicionado-5120x2880-pt-11243\/"},"modified":"2023-10-11T16:21:25","modified_gmt":"2023-10-11T15:21:25","slug":"lg-ultrafine-5k-27md5ka-27-impecable-ips-169-recondicionado-5120x2880-pt-11243","status":"publish","type":"product","link":"https:\/\/digamac.com\/pt-pt\/loja\/sem-categoria-pt\/lg-ultrafine-5k-27md5ka-27-impecable-ips-169-recondicionado-5120x2880-pt-11243\/","title":{"rendered":"LG UltraFine 5K 27MD5KA 27&#8243;-Impecable IPS 16:9 | Recondicionado | 5120&#215;2880"},"content":{"rendered":"<p><strong>Tela<\/strong><br \/>IPS 27 &#8221; 5K  com Alto-falantes \u00b7  16:9  \u00b7 Resolu\u00e7\u00e3o 5120&#215;2880<br \/>Dot pitch 0.11 mm<br \/>Resposta 14 ms<br \/>Contraste 1100:1<br \/>Brilho 500 cd\/m2<br \/>\u00c2ngulo vis\u00e3o 178\u00b0v\/178\u00b0h<br \/><strong>Caixa<\/strong><br \/>Color preto<br \/><strong>Espec\u00edfico tela<\/strong><br \/>Pedestal<br \/>Regul\u00e1vel em altura<br \/><strong>Outros<\/strong><br \/>hR embalagens<br \/><strong>Dimens\u00f5es<\/strong><br \/>62.5&#215;46.43&#215;23.9 cm.<br \/><strong>Peso<\/strong><br \/>8.50 Kg.<br \/><strong>Especifica\u00e7\u00f5es adicionais<\/strong><br \/>Apar\u00eancia exterior impec\u00e1vel. Semi-novo. Monitor 5K de alta resolu\u00e7\u00e3o exclusivo para computadores APPLE Mac. Design ultrafino sem bot\u00f5es (liga ao conectar o computador). WebCam e som inclu\u00eddos. Procure em \u201c+ Fotos\u201d e \u201cV\u00eddeo\u201d e caso tenha alguma d\u00favida, ligue-nos ou utilize nosso chat para mais informa\u00e7\u00f5es ou para solicitar mais detalhes.<\/p>\n<p><strong>Coment\u00e1rios<\/strong><br \/><u>Apar\u00eancia Exterior Impec\u00e1vel &#8211; 1xThunderbolt &#8211; 3xUSB-C &#8211; WebCam &#8211; Produto exclusivo para APPLE<\/u><\/p>\n","protected":false},"excerpt":{"rendered":"<p>IPS 27 &#8221; 5K  com Alto-falantes \u00b7  16:9  \u00b7 Resolu\u00e7\u00e3o 5120&#215;2880 \u00b7 Dot pitch 0.11 mm \u00b7 Resposta 14 ms \u00b7 Contraste 1100:1 \u00b7 Brilho 500 cd\/m2 \u00b7 \u00c2ngulo vis\u00e3o 178\u00b0v\/178\u00b0h \u00b7 <u>Apar\u00eancia Exterior Impec\u00e1vel &#8211; 1xThunderbolt &#8211; 3xUSB-C &#8211; WebCam &#8211; Produto exclusivo para APPLE<\/u> [&#8230;]<\/p>\n<p><a class=\"btn btn-secondary understrap-read-more-link\" href=\"https:\/\/digamac.com\/pt-pt\/loja\/sem-categoria-pt\/lg-ultrafine-5k-27md5ka-27-impecable-ips-169-recondicionado-5120x2880-pt-11243\/\">Continuar a ler&#8230;<span class=\"screen-reader-text\"> from LG UltraFine 5K 27MD5KA 27&#8243;-Impecable IPS 16:9 | Recondicionado | 5120&#215;2880<\/span><\/a><\/p>\n","protected":false},"featured_media":12180,"template":"","meta":[],"product_brand":[3127],"product_cat":[3054],"product_tag":[],"class_list":{"0":"post-12211","1":"product","2":"type-product","3":"status-publish","4":"has-post-thumbnail","6":"product_brand-lg","7":"product_cat-sem-categoria-pt","9":"first","10":"outofstock","11":"taxable","12":"shipping-taxable","13":"purchasable","14":"product-type-simple"},"exclude_global_add_ons":[],"addons":[],"_links":{"self":[{"href":"https:\/\/digamac.com\/pt-pt\/wp-json\/wp\/v2\/product\/12211","targetHints":{"allow":["GET"]}}],"collection":[{"href":"https:\/\/digamac.com\/pt-pt\/wp-json\/wp\/v2\/product"}],"about":[{"href":"https:\/\/digamac.com\/pt-pt\/wp-json\/wp\/v2\/types\/product"}],"wp:featuredmedia":[{"embeddable":true,"href":"https:\/\/digamac.com\/pt-pt\/wp-json\/wp\/v2\/media\/12180"}],"wp:attachment":[{"href":"https:\/\/digamac.com\/pt-pt\/wp-json\/wp\/v2\/media?parent=12211"}],"wp:term":[{"taxonomy":"product_brand","embeddable":true,"href":"https:\/\/digamac.com\/pt-pt\/wp-json\/wp\/v2\/product_brand?post=12211"},{"taxonomy":"product_cat","embeddable":true,"href":"https:\/\/digamac.com\/pt-pt\/wp-json\/wp\/v2\/product_cat?post=12211"},{"taxonomy":"product_tag","embeddable":true,"href":"https:\/\/digamac.com\/pt-pt\/wp-json\/wp\/v2\/product_tag?post=12211"}],"curies":[{"name":"wp","href":"https:\/\/api.w.org\/{rel}","templated":true}]}}