{"id":12570,"date":"2023-11-30T11:02:05","date_gmt":"2023-11-30T10:02:08","guid":{"rendered":"https:\/\/digamac.com\/producto\/apple-imac-142-27-a1419-recondicionado-core-i5-34ghz-16-gb-ram-1000-gb-hdd-aio-pt-11487\/"},"modified":"2024-05-06T12:44:36","modified_gmt":"2024-05-06T11:44:36","slug":"apple-imac-142-27-a1419-recondicionado-core-i5-34ghz-16-gb-ram-1000-gb-hdd-aio-pt-11487","status":"publish","type":"product","link":"https:\/\/digamac.com\/pt-pt\/loja\/imac-pt\/apple-imac-142-27-a1419-recondicionado-core-i5-34ghz-16-gb-ram-1000-gb-hdd-aio-pt-11487\/","title":{"rendered":"Apple Imac 14,2 &#8211; 27&#8243; A1419 Recondicionado | Core i5 3.4GHz | 16 GB RAM | 1000 GB HDD AIO"},"content":{"rendered":"<p><strong>Processador<\/strong><br \/>Intel Core i5 4670 3.4 GHz.<br \/><strong>Fator de forma<\/strong><br \/>AIO<br \/><strong>Mem\u00f3ria RAM<\/strong><br \/>16 Gb. SO-DDR3 RAM<br \/><strong>Disco r\u00edgido<\/strong><br \/>1000 Gb. SATA<br \/><strong>Cart\u00f5es<\/strong><br \/>Placa gr\u00e1fica: GeForce GT 755M 1 Gb.<br \/>Som: HD Audio<br \/>Network: Ethernet Gigabit<br \/><strong>Sistema operativo<\/strong><br \/>macOS Catalina<br \/><strong>Portos<\/strong><br \/>2x Thunderbolt<br \/>4x USB 3.0<br \/><strong>Tela<\/strong><br \/>Led 27 &#8221; 2K  com Alto-falantes \u00b7  16:9  \u00b7 Resolu\u00e7\u00e3o 2560&#215;1440<br \/><strong>Multim\u00eddia<\/strong><br \/>Webcam<br \/>Leitor SD<br \/><strong>Espec\u00edfico tela<\/strong><br \/>Pedestal<br \/><strong>Conectividade<\/strong><br \/>1x RJ-45<br \/>WIFI<br \/>Bluetooth<br \/><strong>Outros<\/strong><br \/>hR embalagens<br \/><strong>Dimens\u00f5es<\/strong><br \/>51.6x65x20.3 cm.<br \/><strong>Peso<\/strong><br \/>9.54 Kg.<br \/><strong>Especifica\u00e7\u00f5es adicionais<\/strong><br \/>Boa apar\u00eancia exterior. O produto possui o Sistema Operacional instalado e pronto para funcionar. Sem d\u00favida uma grande oportunidade de adquirir um iMac e come\u00e7ar a aproveitar as vantagens do ambiente Apple. Procure em \u201c+ Fotos\u201d e &#8221;V\u00eddeo&#8221; e caso tenha alguma d\u00favida, ligue-nos ou utilize nosso chat para mais informa\u00e7\u00f5es ou para solicitar mais detalhes.<br \/><strong>Coment\u00e1rios<\/strong><br \/><u>APPLE iPad 2 16 GB (Wi-Fi) inclu\u00eddo&nbsp;<\/u><br \/>(Apple A5 1 GHz. \u00b7 512 Mb. SO-DDR2 RAM \u00b7 16 Gb. FLASH \u00b7 iOS \u00b7 Touch 9,7&#8221; HD 16:9 \u00b7 Resolu\u00e7\u00e3o 1024&#215;768 \u00b7 Modelo A1396 (2011) &#8211; iOS 9.3.5)<br \/><u>Modelo A1419 (final de 2013) &#8211; Teclado e mouse n\u00e3o inclu\u00eddos<\/u><\/p>\n","protected":false},"excerpt":{"rendered":"<p>Intel Core i5 4670 3.4 GHz. \u00b7 16 Gb. SO-DDR3 RAM \u00b7 1000 Gb. SATA \u00b7 macOS Catalina \u00b7 Led 27 &#8221; 2K com Alto-falantes \u00b7 16:9 \u00b7 Resolu\u00e7\u00e3o 2560&#215;1440 \u00b7 <u>Modelo A1419 (final de 2013) &#8211; Teclado e mouse n\u00e3o inclu\u00eddos<\/u> [&#8230;]<\/p>\n<p><a class=\"btn btn-secondary understrap-read-more-link\" href=\"https:\/\/digamac.com\/pt-pt\/loja\/imac-pt\/apple-imac-142-27-a1419-recondicionado-core-i5-34ghz-16-gb-ram-1000-gb-hdd-aio-pt-11487\/\">Continuar a ler&#8230;<span class=\"screen-reader-text\"> from Apple Imac 14,2 &#8211; 27&#8243; A1419 Recondicionado | Core i5 3.4GHz | 16 GB RAM | 1000 GB HDD AIO<\/span><\/a><\/p>\n","protected":false},"featured_media":12536,"template":"","meta":[],"product_brand":[3122],"product_cat":[2498],"product_tag":[],"class_list":{"0":"post-12570","1":"product","2":"type-product","3":"status-publish","4":"has-post-thumbnail","6":"product_brand-apple","7":"product_cat-imac-pt","9":"first","10":"outofstock","11":"taxable","12":"shipping-taxable","13":"purchasable","14":"product-type-simple"},"exclude_global_add_ons":true,"addons":{"hdd-upgrades":{"name":"Extens\u00e3o disco r\u00edgido","type":"multiple_choice","position":0,"required":false,"title_format":"heading","default":"","description_enable":false,"description":"","placeholder_enable":false,"placeholder":"","display":"radiobutton","restrictions_type":"any_text","adjust_price":false,"price":"","price_type":"quantity_based","restrictions":false,"min":"0","max":"0","options":[{"label":"Cambio a Disco SSD 480 Gb. iMac [AMP00056]","price":"109.0000","price_type":"quantity_based","image":0,"visibility":true},{"label":"Cambio a Disco SSD 1 Tb. iMac [AMP00093]","price":"129.0000","price_type":"quantity_based","image":0,"visibility":true}]}},"_links":{"self":[{"href":"https:\/\/digamac.com\/pt-pt\/wp-json\/wp\/v2\/product\/12570","targetHints":{"allow":["GET"]}}],"collection":[{"href":"https:\/\/digamac.com\/pt-pt\/wp-json\/wp\/v2\/product"}],"about":[{"href":"https:\/\/digamac.com\/pt-pt\/wp-json\/wp\/v2\/types\/product"}],"wp:featuredmedia":[{"embeddable":true,"href":"https:\/\/digamac.com\/pt-pt\/wp-json\/wp\/v2\/media\/12536"}],"wp:attachment":[{"href":"https:\/\/digamac.com\/pt-pt\/wp-json\/wp\/v2\/media?parent=12570"}],"wp:term":[{"taxonomy":"product_brand","embeddable":true,"href":"https:\/\/digamac.com\/pt-pt\/wp-json\/wp\/v2\/product_brand?post=12570"},{"taxonomy":"product_cat","embeddable":true,"href":"https:\/\/digamac.com\/pt-pt\/wp-json\/wp\/v2\/product_cat?post=12570"},{"taxonomy":"product_tag","embeddable":true,"href":"https:\/\/digamac.com\/pt-pt\/wp-json\/wp\/v2\/product_tag?post=12570"}],"curies":[{"name":"wp","href":"https:\/\/api.w.org\/{rel}","templated":true}]}}