{"id":12642,"date":"2023-12-05T17:56:46","date_gmt":"2023-12-05T16:56:49","guid":{"rendered":"https:\/\/digamac.com\/producto\/apple-imac-162-215-a1418-retina-recondicionado-core-i5-28ghz-8-gb-ram-1024-gb-hdd-aio-pt-11515\/"},"modified":"2024-06-19T10:35:52","modified_gmt":"2024-06-19T09:35:52","slug":"apple-imac-162-215-a1418-retina-recondicionado-core-i5-28ghz-8-gb-ram-1024-gb-hdd-aio-pt-11515","status":"publish","type":"product","link":"https:\/\/digamac.com\/pt-pt\/loja\/imac-pt\/apple-imac-162-215-a1418-retina-recondicionado-core-i5-28ghz-8-gb-ram-1024-gb-hdd-aio-pt-11515\/","title":{"rendered":"Apple iMac 16,2 &#8211; 21.5&#8243; A1418+iPad | Recondicionado"},"content":{"rendered":"<p><strong>Processador<\/strong><br \/>Intel Core i5 5575R 2.8 GHz.<br \/><strong>Fator de forma<\/strong><br \/>AIO<br \/><strong>Mem\u00f3ria RAM<\/strong><br \/>8 Gb. SO-DDR3 RAM<br \/><strong>Disco r\u00edgido<\/strong><br \/>1.00 Tb. SATA<br \/><strong>Cart\u00f5es<\/strong><br \/>Placa gr\u00e1fica: Intel Iris Pro Graphics 6200<br \/>Som: HD Audio<br \/>Network: 10\/100\/1000 Base-T<br \/><strong>Sistema operativo<\/strong><br \/>macOS Monterey<br \/><strong>Portos<\/strong><br \/>2x Thunderbolt<br \/>4x USB 3.0<br \/><strong>Tela<\/strong><br \/>Led 21.5 &#8221; FullHD  com Alto-falantes \u00b7  16:9  \u00b7 Resolu\u00e7\u00e3o 1920&#215;1080<br \/><strong>Multim\u00eddia<\/strong><br \/>Webcam<br \/>Leitor SD<br \/><strong>Espec\u00edfico tela<\/strong><br \/>Pedestal<br \/><strong>Conectividade<\/strong><br \/>1x RJ-45<br \/>WIFI<br \/>Bluetooth<br \/><strong>Outros<\/strong><br \/>hR embalagens<br \/><strong>Dimens\u00f5es<\/strong><br \/>45&#215;52.8&#215;17.5 cm.<br \/><strong>Peso<\/strong><br \/>5.68 Kg.<br \/><strong>Especifica\u00e7\u00f5es adicionais<\/strong><br \/>Boa apar\u00eancia exterior. O produto possui o Sistema Operacional instalado e pronto para funcionar. Sem d\u00favida uma grande oportunidade de adquirir um iMac e come\u00e7ar a aproveitar as vantagens do ambiente Apple. Procure em \u201c+ Fotos\u201d e &#8221;V\u00eddeo&#8221; e caso tenha alguma d\u00favida, ligue-nos ou utilize nosso chat para mais informa\u00e7\u00f5es ou para solicitar mais detalhes.<br \/><strong>Coment\u00e1rios\u00a0<\/strong><br \/><u>APPLE iPad 2 16 GB (Wi-Fi) inclu\u00eddo\u00a0<\/u><br \/>(Apple A5 1 GHz. \u00b7 512 Mb. SO-DDR2 RAM \u00b7 16 Gb. FLASH \u00b7 iOS \u00b7 Touch 9,7&#8221; HD 16:9 \u00b7 Resolu\u00e7\u00e3o 1024&#215;768 \u00b7 Modelo A1396 (2011) &#8211; iOS 9.3.5)\u00a0<br \/><u>Modelo A1418 (final de 2015) &#8211; Teclado e mouse n\u00e3o inclu\u00eddos<\/u><\/p>\n","protected":false},"excerpt":{"rendered":"<p>Intel Core i5 5575R 2.8 GHz. \u00b7 8 Gb. SO-DDR3 RAM \u00b7 1.00 Tb. SATA \u00b7 macOS Monterey \u00b7 Led 21.5 &#8221; FullHD com Alto-falantes \u00b7 16:9 \u00b7 Resolu\u00e7\u00e3o 1920&#215;1080 \u00b7 <u>Modelo A1418 (Late 2015) &#8211; Teclado e mouse n\u00e3o inclu\u00eddos<\/u> [&#8230;]<\/p>\n<p><a class=\"btn btn-secondary understrap-read-more-link\" href=\"https:\/\/digamac.com\/pt-pt\/loja\/imac-pt\/apple-imac-162-215-a1418-retina-recondicionado-core-i5-28ghz-8-gb-ram-1024-gb-hdd-aio-pt-11515\/\">Continuar a ler&#8230;<span class=\"screen-reader-text\"> from Apple iMac 16,2 &#8211; 21.5&#8243; A1418+iPad | Recondicionado<\/span><\/a><\/p>\n","protected":false},"featured_media":12611,"template":"","meta":[],"product_brand":[3122],"product_cat":[2498],"product_tag":[],"class_list":{"0":"post-12642","1":"product","2":"type-product","3":"status-publish","4":"has-post-thumbnail","6":"product_brand-apple","7":"product_cat-imac-pt","9":"first","10":"outofstock","11":"taxable","12":"shipping-taxable","13":"purchasable","14":"product-type-simple"},"exclude_global_add_ons":true,"addons":{"hdd-upgrades":{"name":"Extens\u00e3o disco r\u00edgido","type":"multiple_choice","position":0,"required":false,"title_format":"heading","default":"","description_enable":false,"description":"","placeholder_enable":false,"placeholder":"","display":"radiobutton","restrictions_type":"any_text","adjust_price":false,"price":"","price_type":"quantity_based","restrictions":false,"min":"0","max":"0","options":[{"label":"Cambio a Disco SSD 480 Gb. iMac [AMP00056]","price":"109.0000","price_type":"quantity_based","image":0,"visibility":true},{"label":"Cambio a Disco SSD 1 Tb. iMac [AMP00093]","price":"129.0000","price_type":"quantity_based","image":0,"visibility":true}]}},"_links":{"self":[{"href":"https:\/\/digamac.com\/pt-pt\/wp-json\/wp\/v2\/product\/12642","targetHints":{"allow":["GET"]}}],"collection":[{"href":"https:\/\/digamac.com\/pt-pt\/wp-json\/wp\/v2\/product"}],"about":[{"href":"https:\/\/digamac.com\/pt-pt\/wp-json\/wp\/v2\/types\/product"}],"wp:featuredmedia":[{"embeddable":true,"href":"https:\/\/digamac.com\/pt-pt\/wp-json\/wp\/v2\/media\/12611"}],"wp:attachment":[{"href":"https:\/\/digamac.com\/pt-pt\/wp-json\/wp\/v2\/media?parent=12642"}],"wp:term":[{"taxonomy":"product_brand","embeddable":true,"href":"https:\/\/digamac.com\/pt-pt\/wp-json\/wp\/v2\/product_brand?post=12642"},{"taxonomy":"product_cat","embeddable":true,"href":"https:\/\/digamac.com\/pt-pt\/wp-json\/wp\/v2\/product_cat?post=12642"},{"taxonomy":"product_tag","embeddable":true,"href":"https:\/\/digamac.com\/pt-pt\/wp-json\/wp\/v2\/product_tag?post=12642"}],"curies":[{"name":"wp","href":"https:\/\/api.w.org\/{rel}","templated":true}]}}