{"id":12714,"date":"2023-12-11T11:37:24","date_gmt":"2023-12-11T10:37:26","guid":{"rendered":"https:\/\/digamac.com\/producto\/apple-imac-142-27-a1419-recondicionado-core-i5-32ghz-16-gb-ram-1024-gb-ssd-m2-aio-pt-11517\/"},"modified":"2023-12-11T11:37:26","modified_gmt":"2023-12-11T10:37:26","slug":"apple-imac-142-27-a1419-recondicionado-core-i5-32ghz-16-gb-ram-1024-gb-ssd-m2-aio-pt-11517","status":"publish","type":"product","link":"https:\/\/digamac.com\/pt-pt\/loja\/imac-pt\/apple-imac-142-27-a1419-recondicionado-core-i5-32ghz-16-gb-ram-1024-gb-ssd-m2-aio-pt-11517\/","title":{"rendered":"Apple iMac 14,2 &#8211;  27&#8243; A1419 | Recondicionado | Core i5 3.2GHz | 16 GB RAM | 1024 GB SSD M2 AIO"},"content":{"rendered":"<p><strong>Processador<\/strong><br \/>Intel Core i5 4570 3.2 GHz.<br \/><strong>Fator de forma<\/strong><br \/>AIO<br \/><strong>Mem\u00f3ria RAM<\/strong><br \/>16 Gb. SO-DDR3 RAM<br \/><strong>Disco r\u00edgido<\/strong><br \/>1.00 Tb. SSD M2<br \/><strong>Cart\u00f5es<\/strong><br \/>Placa gr\u00e1fica: Nvidea GeForce GTX775M<br \/>Som: HD Audio<br \/>Network: Ethernet Gigabit<br \/><strong>Sistema operativo<\/strong><br \/>macOS Mojave<br \/><strong>Portos<\/strong><br \/>2x Thunderbolt<br \/>4x USB 3.0<br \/><strong>Tela<\/strong><br \/>Led 27 &#8221; 2K  16:9  \u00b7 Resolu\u00e7\u00e3o 2560&#215;1440<br \/><strong>Multim\u00eddia<\/strong><br \/>Webcam<br \/>Leitor SD<br \/><strong>Conectividade<\/strong><br \/>1x RJ-45<br \/>WIFI<br \/>Bluetooth<br \/><strong>Dimens\u00f5es<\/strong><br \/>51.6x65x20.3 cm.<br \/><strong>Peso<\/strong><br \/>9.04 Kg.<br \/><strong>Especifica\u00e7\u00f5es adicionais&nbsp;<\/strong><br \/>Boa apar\u00eancia exterior. O produto possui o Sistema Operacional instalado e pronto para funcionar. Sem d\u00favida uma grande oportunidade de adquirir um iMac e come\u00e7ar a aproveitar as vantagens do ambiente Apple. Procure em \u201c+ Fotos\u201d e &#8221;V\u00eddeo&#8221; e caso tenha alguma d\u00favida, ligue-nos ou utilize nosso chat para mais informa\u00e7\u00f5es ou para solicitar mais detalhes.&nbsp;<br \/><strong>Coment\u00e1rios&nbsp;<\/strong><br \/><u>APPLE iPad 2 16 GB (Wi-Fi) inclu\u00eddo<\/u><br \/>&nbsp;(Apple A5 1 GHz. \u00b7 512 Mb. SO-DDR2 RAM \u00b7 16 Gb. FLASH \u00b7 iOS \u00b7 Touch 9,7&#8221; HD 16:9 \u00b7 Resolu\u00e7\u00e3o 1024&#215;768 \u00b7 Modelo A1396 (2011) &#8211; iOS 9.3.5)&nbsp;<br \/><u>Modelo A1419 (Late 2013) &#8211; Teclado e mouse n\u00e3o inclu\u00eddos<\/u><\/p>\n","protected":false},"excerpt":{"rendered":"<p>Intel Core i5 4570 3.2 GHz. \u00b7 16 Gb. SO-DDR3 RAM \u00b7 1.00 Tb. SSD M2 \u00b7 macOS Mojave \u00b7 Led 27 &#8221; 2K 16:9 \u00b7 Resolu\u00e7\u00e3o 2560&#215;1440 \u00b7 <u>Modelo A1419 (Late 2013) &#8211; Teclado e mouse n\u00e3o inclu\u00eddos<\/u> [&#8230;]<\/p>\n<p><a class=\"btn btn-secondary understrap-read-more-link\" href=\"https:\/\/digamac.com\/pt-pt\/loja\/imac-pt\/apple-imac-142-27-a1419-recondicionado-core-i5-32ghz-16-gb-ram-1024-gb-ssd-m2-aio-pt-11517\/\">Continuar a ler&#8230;<span class=\"screen-reader-text\"> from Apple iMac 14,2 &#8211;  27&#8243; A1419 | Recondicionado | Core i5 3.2GHz | 16 GB RAM | 1024 GB SSD M2 AIO<\/span><\/a><\/p>\n","protected":false},"featured_media":12683,"template":"","meta":[],"product_brand":[3122],"product_cat":[2498],"product_tag":[],"class_list":{"0":"post-12714","1":"product","2":"type-product","3":"status-publish","4":"has-post-thumbnail","6":"product_brand-apple","7":"product_cat-imac-pt","9":"first","10":"outofstock","11":"taxable","12":"shipping-taxable","13":"purchasable","14":"product-type-simple"},"exclude_global_add_ons":[],"addons":[],"_links":{"self":[{"href":"https:\/\/digamac.com\/pt-pt\/wp-json\/wp\/v2\/product\/12714","targetHints":{"allow":["GET"]}}],"collection":[{"href":"https:\/\/digamac.com\/pt-pt\/wp-json\/wp\/v2\/product"}],"about":[{"href":"https:\/\/digamac.com\/pt-pt\/wp-json\/wp\/v2\/types\/product"}],"wp:featuredmedia":[{"embeddable":true,"href":"https:\/\/digamac.com\/pt-pt\/wp-json\/wp\/v2\/media\/12683"}],"wp:attachment":[{"href":"https:\/\/digamac.com\/pt-pt\/wp-json\/wp\/v2\/media?parent=12714"}],"wp:term":[{"taxonomy":"product_brand","embeddable":true,"href":"https:\/\/digamac.com\/pt-pt\/wp-json\/wp\/v2\/product_brand?post=12714"},{"taxonomy":"product_cat","embeddable":true,"href":"https:\/\/digamac.com\/pt-pt\/wp-json\/wp\/v2\/product_cat?post=12714"},{"taxonomy":"product_tag","embeddable":true,"href":"https:\/\/digamac.com\/pt-pt\/wp-json\/wp\/v2\/product_tag?post=12714"}],"curies":[{"name":"wp","href":"https:\/\/api.w.org\/{rel}","templated":true}]}}