{"id":12774,"date":"2023-12-27T17:02:36","date_gmt":"2023-12-27T16:02:39","guid":{"rendered":"https:\/\/digamac.com\/producto\/apple-macbook-pro-115-bateria-nueva-154-recondicionado-core-i7-28ghz-16-gb-ram-1024-gb-ssd-2880x1800-pt-11418\/"},"modified":"2024-03-18T13:04:59","modified_gmt":"2024-03-18T12:04:59","slug":"apple-macbook-pro-115-bateria-nueva-154-recondicionado-core-i7-28ghz-16-gb-ram-1024-gb-ssd-2880x1800-pt-11418","status":"publish","type":"product","link":"https:\/\/digamac.com\/pt-pt\/loja\/macbook-pro-pt\/macbook-pro-15-pt\/apple-macbook-pro-115-bateria-nueva-154-recondicionado-core-i7-28ghz-16-gb-ram-1024-gb-ssd-2880x1800-pt-11418\/","title":{"rendered":"Apple MacBook Pro 11,5-Bater\u00eda Nueva 15.4&#8221; Recondicionado | Core i7 2.8GHz | 16 GB RAM | 1024 GB SSD 2880&#215;1800"},"content":{"rendered":"<p><strong>Processador<\/strong><br \/>Intel Core i7 4980HQ 2.8 GHz.<br \/><strong>Mem\u00f3ria RAM<\/strong><br \/>16 Gb. SO-DDR3 RAM<br \/><strong>Disco r\u00edgido<\/strong><br \/>1.00 Tb. SSD<br \/><strong>Cart\u00f5es<\/strong><br \/>Placa gr\u00e1fica: GeForce GT 750M 2 Gb.<br \/>Som: HD Audio<br \/><strong>Sistema operativo<\/strong><br \/>macOS Mojave<br \/><strong>Portos<\/strong><br \/>2x Thunderbolt<br \/>2x USB 3.0<br \/><strong>Tela<\/strong><br \/>Retina 15.4 &#8221; 2K  16:10  \u00b7 Resolu\u00e7\u00e3o 2880&#215;1800<br \/><strong>Portas de v\u00eddeo<\/strong><br \/>1x HDMI<br \/><strong>Multim\u00eddia<\/strong><br \/>Webcam<br \/>Leitor SD<br \/><strong>Conectividade<\/strong><br \/>WIFI<br \/>Bluetooth<br \/><strong>Espec\u00edfico laptop<\/strong><br \/>Layout do teclado Internacional (adesivos espanhol)<br \/><strong>Outros<\/strong><br \/>hR embalagens<br \/><strong>Dimens\u00f5es<\/strong><br \/>35.8&#215;24.8&#215;1.8 cm.<br \/><strong>Peso<\/strong><br \/>2.00 Kg.<br \/><strong>Especifica\u00e7\u00f5es adicionais<\/strong><br \/>Apar\u00eancia exterior impec\u00e1vel. Semi novo. Tela perfeita sem manchas brancas ou arranh\u00f5es. Processador i7 de 4\u00aa gera\u00e7\u00e3o, 16 GB de mem\u00f3ria, SSD, placa gr\u00e1fica GeForce GT 750M de 2 GB e tela Retina o tornam muito adequado para qualquer tipo de ambiente. A n\u00edvel funcional, o Sistema Operativo est\u00e1 instalado e pronto a funcionar. Sem d\u00favida, uma \u00f3tima oportunidade para adquirir um MacBook e come\u00e7ar a aproveitar as vantagens do ambiente Apple. Procure em \u201c+ Fotos\u201d e &#8221;V\u00eddeo&#8221; e se tiver alguma d\u00favida ligue para n\u00f3s ou utilize nosso chat para mais informa\u00e7\u00f5es ou para solicitar mais detalhes.<\/p>\n<p><strong>Coment\u00e1rios<\/strong><br \/><u>Nova bateria &#8211; Modelo A1398 (MId 2015) &#8211;  nVidia GeForce GT 750M 2 Gb. &#8211; Perfeito &#8211; Silver Grey<\/u><\/p>\n","protected":false},"excerpt":{"rendered":"<p>Intel Core i7 4980HQ 2.8 GHz. \u00b7 16 Gb. SO-DDR3 RAM \u00b7 1.00 Tb. SSD \u00b7 macOS Mojave \u00b7 Retina 15.4 &#8221; 2K  16:10  \u00b7 Resolu\u00e7\u00e3o 2880&#215;1800 \u00b7 Webcam \u00b7 Leitor SD \u00b7 <u>Nova bateria &#8211; Modelo A1398 (MId 2015) &#8211;  nVidia GeForce GT 750M 2 Gb. &#8211; Perfeito &#8211; Silver Grey<\/u> [&#8230;]<\/p>\n<p><a class=\"btn btn-secondary understrap-read-more-link\" href=\"https:\/\/digamac.com\/pt-pt\/loja\/macbook-pro-pt\/macbook-pro-15-pt\/apple-macbook-pro-115-bateria-nueva-154-recondicionado-core-i7-28ghz-16-gb-ram-1024-gb-ssd-2880x1800-pt-11418\/\">Continuar a ler&#8230;<span class=\"screen-reader-text\"> from Apple MacBook Pro 11,5-Bater\u00eda Nueva 15.4&#8221; Recondicionado | Core i7 2.8GHz | 16 GB RAM | 1024 GB SSD 2880&#215;1800<\/span><\/a><\/p>\n","protected":false},"featured_media":12755,"template":"","meta":[],"product_brand":[3122],"product_cat":[3066,3057],"product_tag":[],"class_list":{"0":"post-12774","1":"product","2":"type-product","3":"status-publish","4":"has-post-thumbnail","6":"product_brand-apple","7":"product_cat-macbook-pro-15-pt","8":"product_cat-macbook-pro-pt","10":"first","11":"outofstock","12":"taxable","13":"shipping-taxable","14":"purchasable","15":"product-type-simple"},"exclude_global_add_ons":true,"addons":{"keyboard-iso-upgrades":{"name":"Selecione idioma teclado","type":"multiple_choice","position":0,"required":false,"title_format":"heading","default":"","description_enable":false,"description":"","placeholder_enable":false,"placeholder":"","display":"radiobutton","restrictions_type":"any_text","adjust_price":false,"price":"","price_type":"quantity_based","restrictions":false,"min":"0","max":"0","options":[{"label":"Pegatinas Espanhol [AMP00082]","price":"0.0000","price_type":"quantity_based","image":0,"visibility":true},{"label":"Pegatinas Franc\u00e9s [AMP00084]","price":"0.0000","price_type":"quantity_based","image":0,"visibility":true},{"label":"Pegatinas Portugues [AMP00083]","price":"0.0000","price_type":"quantity_based","image":0,"visibility":true}]},"mouse-upgrades":{"name":"Extens\u00e3o rato","type":"multiple_choice","position":0,"required":false,"title_format":"heading","default":"","description_enable":false,"description":"","placeholder_enable":false,"placeholder":"","display":"radiobutton","restrictions_type":"any_text","adjust_price":false,"price":"","price_type":"quantity_based","restrictions":false,"min":"0","max":"0","options":[{"label":"Apple Magic Mouse 2 (A1657) [AMP00060]","price":"60.0000","price_type":"quantity_based","image":0,"visibility":true},{"label":"Rat\u00f3n Apple USB (A1152) [AMP00053]","price":"15.0000","price_type":"quantity_based","image":0,"visibility":true}]}},"_links":{"self":[{"href":"https:\/\/digamac.com\/pt-pt\/wp-json\/wp\/v2\/product\/12774","targetHints":{"allow":["GET"]}}],"collection":[{"href":"https:\/\/digamac.com\/pt-pt\/wp-json\/wp\/v2\/product"}],"about":[{"href":"https:\/\/digamac.com\/pt-pt\/wp-json\/wp\/v2\/types\/product"}],"wp:featuredmedia":[{"embeddable":true,"href":"https:\/\/digamac.com\/pt-pt\/wp-json\/wp\/v2\/media\/12755"}],"wp:attachment":[{"href":"https:\/\/digamac.com\/pt-pt\/wp-json\/wp\/v2\/media?parent=12774"}],"wp:term":[{"taxonomy":"product_brand","embeddable":true,"href":"https:\/\/digamac.com\/pt-pt\/wp-json\/wp\/v2\/product_brand?post=12774"},{"taxonomy":"product_cat","embeddable":true,"href":"https:\/\/digamac.com\/pt-pt\/wp-json\/wp\/v2\/product_cat?post=12774"},{"taxonomy":"product_tag","embeddable":true,"href":"https:\/\/digamac.com\/pt-pt\/wp-json\/wp\/v2\/product_tag?post=12774"}],"curies":[{"name":"wp","href":"https:\/\/api.w.org\/{rel}","templated":true}]}}