{"id":13020,"date":"2024-03-19T11:34:21","date_gmt":"2024-03-19T10:34:21","guid":{"rendered":"https:\/\/digamac.com\/producto\/tablet-grafico-wacom-cintiq-22hd-dkt-2200-recondicionado-pt-11694\/"},"modified":"2024-11-25T12:06:36","modified_gmt":"2024-11-25T11:06:36","slug":"tablet-grafico-wacom-cintiq-22hd-dkt-2200-recondicionado-pt-11694","status":"publish","type":"product","link":"https:\/\/digamac.com\/pt-pt\/loja\/sem-categoria-pt\/tablet-grafico-wacom-cintiq-22hd-dkt-2200-recondicionado-pt-11694\/","title":{"rendered":"Tableta gr\u00e1fica WACOM CINTIQ 22HD DKT-2200 | Reacondicionado"},"content":{"rendered":"<p><strong>Tecnolog\u00eda:<\/strong>H-IPS LCD<strong>Resoluci\u00f3n: <\/strong>1920&#215;1080<strong>Tama\u00f1o: <\/strong>21,5&#8243; 16:9<strong>Niveles Presi\u00f3n L\u00e1piz: <\/strong>2048<strong>Colores: <\/strong>16,7 mill.<strong>Respuesta:<\/strong> 14 ms<strong>Brillo: <\/strong>230 cd\/m2<strong>Contraste: <\/strong>1000:1<strong>Interfaces: <\/strong>1xDVI-I \/ 1xUSB<strong>Dimensiones:<\/strong>65 x 40 x 5,5 cm.<strong>Peso:<\/strong>8,5 Kgr.<\/p>\n","protected":false},"excerpt":{"rendered":"<p>Tecnolog\u00eda: H-IPS LCD &#8211; Resoluci\u00f3n: 1920&#215;1080 &#8211; Tama\u00f1o: 21,5&#8243; 16:9 &#8211; Niveles Presi\u00f3n L\u00e1piz: 2048 &#8211; Colores: 16,7 mill. &#8211; Respuesta: 14 ms &#8211; Brillo: 230 cd\/m2 &#8211; Contraste: 1000:1 &#8211; Interfaces: 1xDVI-I \/ 1xUSB &#8211; <u>Incluye l\u00e1piz Wacom<\/u> [&#8230;]<\/p>\n<p><a class=\"btn btn-secondary understrap-read-more-link\" href=\"https:\/\/digamac.com\/pt-pt\/loja\/sem-categoria-pt\/tablet-grafico-wacom-cintiq-22hd-dkt-2200-recondicionado-pt-11694\/\">Continuar a ler&#8230;<span class=\"screen-reader-text\"> from Tableta gr\u00e1fica WACOM CINTIQ 22HD DKT-2200 | Reacondicionado<\/span><\/a><\/p>\n","protected":false},"featured_media":13004,"template":"","meta":[],"product_brand":[3135],"product_cat":[3054],"product_tag":[],"class_list":{"0":"post-13020","1":"product","2":"type-product","3":"status-publish","4":"has-post-thumbnail","6":"product_brand-wacom","7":"product_cat-sem-categoria-pt","9":"first","10":"outofstock","11":"taxable","12":"shipping-taxable","13":"purchasable","14":"product-type-simple"},"exclude_global_add_ons":[],"addons":[],"_links":{"self":[{"href":"https:\/\/digamac.com\/pt-pt\/wp-json\/wp\/v2\/product\/13020","targetHints":{"allow":["GET"]}}],"collection":[{"href":"https:\/\/digamac.com\/pt-pt\/wp-json\/wp\/v2\/product"}],"about":[{"href":"https:\/\/digamac.com\/pt-pt\/wp-json\/wp\/v2\/types\/product"}],"wp:featuredmedia":[{"embeddable":true,"href":"https:\/\/digamac.com\/pt-pt\/wp-json\/wp\/v2\/media\/13004"}],"wp:attachment":[{"href":"https:\/\/digamac.com\/pt-pt\/wp-json\/wp\/v2\/media?parent=13020"}],"wp:term":[{"taxonomy":"product_brand","embeddable":true,"href":"https:\/\/digamac.com\/pt-pt\/wp-json\/wp\/v2\/product_brand?post=13020"},{"taxonomy":"product_cat","embeddable":true,"href":"https:\/\/digamac.com\/pt-pt\/wp-json\/wp\/v2\/product_cat?post=13020"},{"taxonomy":"product_tag","embeddable":true,"href":"https:\/\/digamac.com\/pt-pt\/wp-json\/wp\/v2\/product_tag?post=13020"}],"curies":[{"name":"wp","href":"https:\/\/api.w.org\/{rel}","templated":true}]}}