{"id":13082,"date":"2024-04-17T10:52:09","date_gmt":"2024-04-17T09:52:10","guid":{"rendered":"https:\/\/digamac.com\/producto\/apple-mac-mini-91-mini-recondicionado-m1-21ghz-16-gb-ram-256-gb-ssd-m2-pt-12083\/"},"modified":"2025-01-28T17:33:31","modified_gmt":"2025-01-28T16:33:31","slug":"apple-mac-mini-91-mini-recondicionado-m1-21ghz-16-gb-ram-256-gb-ssd-m2-pt-12083","status":"publish","type":"product","link":"https:\/\/digamac.com\/pt-pt\/loja\/mac-mini-pt\/apple-mac-mini-91-mini-recondicionado-m1-21ghz-16-gb-ram-256-gb-ssd-m2-pt-12083\/","title":{"rendered":"Apple Mac Mini  9,1 Mini | Recondicionado | M1 2.1GHz | 16 GB RAM | 256 GB SSD M2"},"content":{"rendered":"<p><strong>Processador<\/strong><br \/>Apple M1 APL1102 2.1 GHz.<br \/><strong>Fator de forma<\/strong><br \/>Mini<br \/><strong>Mem\u00f3ria RAM<\/strong><br \/>16 Gb. SO-DDR4 RAM<br \/><strong>Disco r\u00edgido<\/strong><br \/>256 Gb. SSD M2<br \/><strong>Cart\u00f5es<\/strong><br \/>Placa gr\u00e1fica: Apple G13G<br \/>Som: HD Audio<br \/>Network: Ethernet Gigabit<br \/><strong>Sistema operativo<\/strong><br \/>macOS Sonoma<br \/><strong>Portos<\/strong><br \/>2x USB-C<br \/>2x USB 3.1<br \/><strong>Portas de v\u00eddeo<\/strong><br \/>1x HDMI<br \/><strong>Conectividade<\/strong><br \/>1x RJ-45<br \/>WIFI<br \/>Bluetooth<br \/><strong>Dimens\u00f5es<\/strong><br \/>19.7&#215;19.7&#215;3.6 cm.<br \/><strong>Peso<\/strong><br \/>1.20 Kg.<br \/><strong>Especifica\u00e7\u00f5es adicionais<\/strong><br \/>Boa apar\u00eancia exterior. Inclui caixa original. Se voc\u00ea tiver alguma d\u00favida, ligue para n\u00f3s ou utilize nosso chat para mais informa\u00e7\u00f5es ou para solicitar mais detalhes.<\/p>\n<p><strong>Coment\u00e1rios<\/strong><br \/><u>Modelo A2348 (2020) &#8211; Inclui caixa original<\/u><\/p>\n","protected":false},"excerpt":{"rendered":"<p>Apple M1 APL1102 2.1 GHz. \u00b7 16 Gb. SO-DDR4 RAM \u00b7 256 Gb. SSD M2 \u00b7 macOS Sonoma \u00b7 <u>Modelo A2348 (2020) &#8211; Inclui caixa original<\/u> [&#8230;]<\/p>\n<p><a class=\"btn btn-secondary understrap-read-more-link\" href=\"https:\/\/digamac.com\/pt-pt\/loja\/mac-mini-pt\/apple-mac-mini-91-mini-recondicionado-m1-21ghz-16-gb-ram-256-gb-ssd-m2-pt-12083\/\">Continuar a ler&#8230;<span class=\"screen-reader-text\"> from Apple Mac Mini  9,1 Mini | Recondicionado | M1 2.1GHz | 16 GB RAM | 256 GB SSD M2<\/span><\/a><\/p>\n","protected":false},"featured_media":13069,"template":"","meta":[],"product_brand":[3122],"product_cat":[2507],"product_tag":[],"class_list":{"0":"post-13082","1":"product","2":"type-product","3":"status-publish","4":"has-post-thumbnail","6":"product_brand-apple","7":"product_cat-mac-mini-pt","9":"first","10":"outofstock","11":"taxable","12":"shipping-taxable","13":"purchasable","14":"product-type-simple"},"exclude_global_add_ons":[],"addons":[],"_links":{"self":[{"href":"https:\/\/digamac.com\/pt-pt\/wp-json\/wp\/v2\/product\/13082","targetHints":{"allow":["GET"]}}],"collection":[{"href":"https:\/\/digamac.com\/pt-pt\/wp-json\/wp\/v2\/product"}],"about":[{"href":"https:\/\/digamac.com\/pt-pt\/wp-json\/wp\/v2\/types\/product"}],"wp:featuredmedia":[{"embeddable":true,"href":"https:\/\/digamac.com\/pt-pt\/wp-json\/wp\/v2\/media\/13069"}],"wp:attachment":[{"href":"https:\/\/digamac.com\/pt-pt\/wp-json\/wp\/v2\/media?parent=13082"}],"wp:term":[{"taxonomy":"product_brand","embeddable":true,"href":"https:\/\/digamac.com\/pt-pt\/wp-json\/wp\/v2\/product_brand?post=13082"},{"taxonomy":"product_cat","embeddable":true,"href":"https:\/\/digamac.com\/pt-pt\/wp-json\/wp\/v2\/product_cat?post=13082"},{"taxonomy":"product_tag","embeddable":true,"href":"https:\/\/digamac.com\/pt-pt\/wp-json\/wp\/v2\/product_tag?post=13082"}],"curies":[{"name":"wp","href":"https:\/\/api.w.org\/{rel}","templated":true}]}}