{"id":13109,"date":"2024-04-19T12:26:32","date_gmt":"2024-04-19T11:26:34","guid":{"rendered":"https:\/\/digamac.com\/producto\/apple-mac-91-23-kit-recondicionado-pt-12089\/"},"modified":"2024-05-13T12:58:58","modified_gmt":"2024-05-13T11:58:58","slug":"apple-mac-91-23-kit-recondicionado-pt-12089","status":"publish","type":"product","link":"https:\/\/digamac.com\/pt-pt\/loja\/mac-mini-pt\/apple-mac-91-23-kit-recondicionado-pt-12089\/","title":{"rendered":"Apple Mac 9,1 + 24&#8243; Kit | Recondicionado"},"content":{"rendered":"<p><strong>Processador<\/strong><br \/>Apple M1 APL1102 2.1 GHz.<br \/><strong>Fator de forma<\/strong><br \/>Mini<br \/><strong>Mem\u00f3ria RAM<\/strong><br \/>16 Gb. SO-DDR4 RAM<br \/><strong>Disco r\u00edgido<\/strong><br \/>256 Gb. SSD M2<br \/><strong>Cart\u00f5es<\/strong><br \/>Placa gr\u00e1fica: Apple G13G<br \/>Som: HD Audio<br \/>Network: Ethernet Gigabit<br \/><strong>Sistema operativo<\/strong><br \/>macOS Sonoma<br \/><strong>Portos<\/strong><br \/>2x USB-C<br \/>2x USB 3.1<br \/><strong>Portas de v\u00eddeo<\/strong><br \/>1x HDMI<br \/><strong>Conectividade<\/strong><br \/>1x RJ-45<br \/>WIFI<br \/>Bluetooth<br \/><strong>Dimens\u00f5es<\/strong><br \/>19.7&#215;19.7&#215;3.6 cm.<br \/><strong>Peso<\/strong><br \/>1.20 Kg.<br \/><strong>Especifica\u00e7\u00f5es adicionais<\/strong><br \/>Boa apar\u00eancia exterior. Inclui caixa original. Se voc\u00ea tiver alguma d\u00favida, ligue para n\u00f3s ou utilize nosso chat para mais informa\u00e7\u00f5es ou para solicitar mais detalhes.<br \/><strong>Coment\u00e1rios<\/strong><br \/><u>Modelo A2348 (2020) &#8211; Inclui caixa original<\/u><br \/><u>Monitor Dell UltraSharp U2415B de 24&#8243;<\/u><br \/>(LED 24 &#8221; FullHD 16:10 \u00b7 Resolu\u00e7\u00e3o 1920&#215;1080 \u00b7 Dist\u00e2ncia entre pontos 0,27 mm \u00b7 Resposta 8 ms \u00b7 Contraste 1000:1 \u00b7 Brilho 300 cd\/m2 \u00b7 \u00c2ngulo de vis\u00e3o 178\u00b0v\/178\u00b0h \u00b7 2x HDMI \u00b7 2x Display Port \u00b7 1x Mini DisplayPort)<br \/><u>Teclado USB Apple espanhol<\/u><br \/>(Teclado APPLE Teclado USB &#8211; Tipo: Teclas de baixo perfil &#8211; Conex\u00e3o: USB &#8211; Idioma: Espanhol &#8211; Modelo A1242)<br \/><u>Apple Magic Mouse 2 sem fio<\/u><br \/>(APPLE Magic Mouse 2 A1657 &#8211; Sem fio &#8211; Cabo de alimenta\u00e7\u00e3o Lightning para USB inclu\u00eddo)<\/p>\n","protected":false},"excerpt":{"rendered":"<p>Apple M1 APL1102 2.1 GHz. \u00b7 16 Gb. SO-DDR4 RAM \u00b7 256 Gb. SSD M2 \u00b7 macOS Sonoma \u00b7<br \/>\nModelo A2348 (2020) \u00b7 <u>Monitor Dell UltraSharp U2415B de 24 \u00b7 Teclado USB Apple espanhol \u00b7 Apple Magic Mouse 2 sem fio<\/u> [&#8230;]<\/p>\n<p><a class=\"btn btn-secondary understrap-read-more-link\" href=\"https:\/\/digamac.com\/pt-pt\/loja\/mac-mini-pt\/apple-mac-91-23-kit-recondicionado-pt-12089\/\">Continuar a ler&#8230;<span class=\"screen-reader-text\"> from Apple Mac 9,1 + 24&#8243; Kit | Recondicionado<\/span><\/a><\/p>\n","protected":false},"featured_media":13087,"template":"","meta":[],"product_brand":[3122],"product_cat":[2507],"product_tag":[],"class_list":{"0":"post-13109","1":"product","2":"type-product","3":"status-publish","4":"has-post-thumbnail","6":"product_brand-apple","7":"product_cat-mac-mini-pt","9":"first","10":"outofstock","11":"taxable","12":"shipping-taxable","13":"purchasable","14":"product-type-simple"},"exclude_global_add_ons":[],"addons":[],"_links":{"self":[{"href":"https:\/\/digamac.com\/pt-pt\/wp-json\/wp\/v2\/product\/13109","targetHints":{"allow":["GET"]}}],"collection":[{"href":"https:\/\/digamac.com\/pt-pt\/wp-json\/wp\/v2\/product"}],"about":[{"href":"https:\/\/digamac.com\/pt-pt\/wp-json\/wp\/v2\/types\/product"}],"wp:featuredmedia":[{"embeddable":true,"href":"https:\/\/digamac.com\/pt-pt\/wp-json\/wp\/v2\/media\/13087"}],"wp:attachment":[{"href":"https:\/\/digamac.com\/pt-pt\/wp-json\/wp\/v2\/media?parent=13109"}],"wp:term":[{"taxonomy":"product_brand","embeddable":true,"href":"https:\/\/digamac.com\/pt-pt\/wp-json\/wp\/v2\/product_brand?post=13109"},{"taxonomy":"product_cat","embeddable":true,"href":"https:\/\/digamac.com\/pt-pt\/wp-json\/wp\/v2\/product_cat?post=13109"},{"taxonomy":"product_tag","embeddable":true,"href":"https:\/\/digamac.com\/pt-pt\/wp-json\/wp\/v2\/product_tag?post=13109"}],"curies":[{"name":"wp","href":"https:\/\/api.w.org\/{rel}","templated":true}]}}