{"id":13229,"date":"2024-05-29T11:33:26","date_gmt":"2024-05-29T10:33:27","guid":{"rendered":"https:\/\/digamac.com\/producto\/tablet-grafico-wacom-tableta-digital-stu-500-recondicionado-pt-5248\/"},"modified":"2024-05-29T11:33:27","modified_gmt":"2024-05-29T10:33:27","slug":"tablet-grafico-wacom-tableta-digital-stu-500-recondicionado-pt-5248","status":"publish","type":"product","link":"https:\/\/digamac.com\/pt-pt\/loja\/sem-categoria-pt\/tablet-grafico-wacom-tableta-digital-stu-500-recondicionado-pt-5248\/","title":{"rendered":"Tablet gr\u00e1fico WACOM Tableta Digital STU-500 Recondicionado"},"content":{"rendered":"<p><strong>Tecnologia:<\/strong><br \/>5 &#8221;LCD TFT Monocromo<strong><\/strong><br \/><strong>Resolu\u00e7\u00e3o:<\/strong><br \/>640 x 480<strong><\/strong><br \/><strong>Pitch de pixel:<\/strong><br \/>0,135 mm<strong><\/strong><br \/><strong>Brilho:<\/strong><br \/>168 cd \/ m2<strong><\/strong><br \/><strong>Contraste:<\/strong><br \/>600: 1<strong><\/strong><br \/><strong>Interfaces:<\/strong><br \/>1xUSB 2.0<strong><\/strong><br \/><strong>Dimens\u00f5es:<\/strong><br \/>160 x 183 x 25 mm.<strong><\/strong><br \/><strong>Peso:<\/strong><br \/>289 Grs.<strong><\/strong><br \/><strong>Outras:<\/strong><br \/><u>Caneta apontadora inclu\u00edda. Adaptador AC n\u00e3o inclu\u00eddo.<\/u><\/p>\n","protected":false},"excerpt":{"rendered":"<p>Tecnologia: 5 &#8221;LCD TFT Monocromo &#8211; Resolu\u00e7\u00e3o: 640 x 480 &#8211; Pitch de pixel: 0,135 mm &#8211; Brilho: 168 cd \/ m2 &#8211; Contraste: 600: 1 &#8211; Interfaces: 1xUSB 2.0 \u00b7 <u>Caneta apontadora inclu\u00edda<\/u> [&#8230;]<\/p>\n<p><a class=\"btn btn-secondary understrap-read-more-link\" href=\"https:\/\/digamac.com\/pt-pt\/loja\/sem-categoria-pt\/tablet-grafico-wacom-tableta-digital-stu-500-recondicionado-pt-5248\/\">Continuar a ler&#8230;<span class=\"screen-reader-text\"> from Tablet gr\u00e1fico WACOM Tableta Digital STU-500 Recondicionado<\/span><\/a><\/p>\n","protected":false},"featured_media":13222,"template":"","meta":[],"product_brand":[3135],"product_cat":[3054],"product_tag":[],"class_list":{"0":"post-13229","1":"product","2":"type-product","3":"status-publish","4":"has-post-thumbnail","6":"product_brand-wacom","7":"product_cat-sem-categoria-pt","9":"first","10":"outofstock","11":"taxable","12":"shipping-taxable","13":"purchasable","14":"product-type-simple"},"exclude_global_add_ons":[],"addons":[],"_links":{"self":[{"href":"https:\/\/digamac.com\/pt-pt\/wp-json\/wp\/v2\/product\/13229","targetHints":{"allow":["GET"]}}],"collection":[{"href":"https:\/\/digamac.com\/pt-pt\/wp-json\/wp\/v2\/product"}],"about":[{"href":"https:\/\/digamac.com\/pt-pt\/wp-json\/wp\/v2\/types\/product"}],"wp:featuredmedia":[{"embeddable":true,"href":"https:\/\/digamac.com\/pt-pt\/wp-json\/wp\/v2\/media\/13222"}],"wp:attachment":[{"href":"https:\/\/digamac.com\/pt-pt\/wp-json\/wp\/v2\/media?parent=13229"}],"wp:term":[{"taxonomy":"product_brand","embeddable":true,"href":"https:\/\/digamac.com\/pt-pt\/wp-json\/wp\/v2\/product_brand?post=13229"},{"taxonomy":"product_cat","embeddable":true,"href":"https:\/\/digamac.com\/pt-pt\/wp-json\/wp\/v2\/product_cat?post=13229"},{"taxonomy":"product_tag","embeddable":true,"href":"https:\/\/digamac.com\/pt-pt\/wp-json\/wp\/v2\/product_tag?post=13229"}],"curies":[{"name":"wp","href":"https:\/\/api.w.org\/{rel}","templated":true}]}}