{"id":13659,"date":"2024-06-10T17:01:54","date_gmt":"2024-06-10T16:01:55","guid":{"rendered":"https:\/\/digamac.com\/tienda\/sem%20categoria\/msi-g27cq4-e2-27-ips-169-recondicionado-2560x1440-pt-12251\/"},"modified":"2024-07-11T12:15:35","modified_gmt":"2024-07-11T11:15:35","slug":"msi-g27cq4-e2-27-ips-169-recondicionado-2560x1440-pt-12251","status":"publish","type":"product","link":"https:\/\/digamac.com\/pt-pt\/loja\/monitores-pt\/msi-g27cq4-e2-27-ips-169-recondicionado-2560x1440-pt-12251\/","title":{"rendered":"MSI G27CQ4 E2 27&#8221; IPS 16:9 | Novo | 2560&#215;1440"},"content":{"rendered":"<p><strong>Tela<\/strong><br \/>IPS 27 &#8221; 2K  16:9  \u00b7 Resolu\u00e7\u00e3o 2560&#215;1440<br \/>Dot pitch 0.23 mm<br \/>Resposta 1 ms<br \/>Contraste 3000:1<br \/>Brilho 250 cd\/m2<br \/>\u00c2ngulo vis\u00e3o 178\u00b0v\/178\u00b0h<br \/><strong>Portas de v\u00eddeo<\/strong><br \/>2x HDMI<br \/>1x Display Port<br \/><strong>Caixa<\/strong><br \/>Color preto<br \/><strong>Espec\u00edfico tela<\/strong><br \/>Apoio VESA<br \/>Fonte alimenta\u00e7\u00e3o externa<br \/>Tens\u00e3o fonte alimenta\u00e7\u00e3o externa 20V<br \/>Pedestal<br \/><strong>Outros<\/strong><br \/>hR embalagens<br \/><strong>Dimens\u00f5es<\/strong><br \/>61&#215;46.7&#215;21 cm.<br \/><strong>Peso<\/strong><br \/>4.50 Kg.<br \/><strong>Especifica\u00e7\u00f5es adicionais<\/strong><br \/><u>Produto novo em caixa aberta. Falta o acabamento traseiro onde a base \u00e9 parafusada (veja em &#8220;+Fotos)<\/u>. Monitor Gaming de alto desempenho com resposta de 1 ms. Ideal para jogos e aplica\u00e7\u00f5es multim\u00eddia. Procure em &#8220;+Fotos&#8221; e &#8220;V\u00eddeo&#8221; e se tiver qualquer d\u00favida Ligue-nos ou utilize nosso chat para mais informa\u00e7\u00f5es ou para solicitar mais detalhes.<br \/><strong>Coment\u00e1rios<\/strong><br \/><u>Curvatura: 1500R &#8211; Cabo de alimenta\u00e7\u00e3o e DisplayPort inclu\u00eddos<\/u><\/p>\n","protected":false},"excerpt":{"rendered":"<p>IPS 27 &#8221; 2K  16:9  \u00b7 Resolu\u00e7\u00e3o 2560&#215;1440 \u00b7 Dot pitch 0.23 mm \u00b7 Resposta 1 ms \u00b7 Contraste 3000:1 \u00b7 Brilho 250 cd\/m2 \u00b7 \u00c2ngulo vis\u00e3o 178\u00b0v\/178\u00b0h \u00b7 2x HDMI \u00b7 1x Display Port \u00b7 <u>Curvatura: 1500R &#8211; Cabo de alimenta\u00e7\u00e3o e DisplayPort inclu\u00eddos<\/u> [&#8230;]<\/p>\n<p><a class=\"btn btn-secondary understrap-read-more-link\" href=\"https:\/\/digamac.com\/pt-pt\/loja\/monitores-pt\/msi-g27cq4-e2-27-ips-169-recondicionado-2560x1440-pt-12251\/\">Continuar a ler&#8230;<span class=\"screen-reader-text\"> from MSI G27CQ4 E2 27&#8221; IPS 16:9 | Novo | 2560&#215;1440<\/span><\/a><\/p>\n","protected":false},"featured_media":13646,"template":"","meta":[],"product_brand":[3136],"product_cat":[2513],"product_tag":[],"class_list":{"0":"post-13659","1":"product","2":"type-product","3":"status-publish","4":"has-post-thumbnail","6":"product_brand-msi","7":"product_cat-monitores-pt","9":"first","10":"outofstock","11":"taxable","12":"shipping-taxable","13":"purchasable","14":"product-type-simple"},"exclude_global_add_ons":true,"addons":{"webcam-upgrades":{"name":"Extens\u00e3o Webcam","type":"multiple_choice","position":0,"required":false,"title_format":"heading","default":"","description_enable":false,"description":"","placeholder_enable":false,"placeholder":"","display":"radiobutton","restrictions_type":"any_text","adjust_price":false,"price":"","price_type":"quantity_based","restrictions":false,"min":"0","max":"0","options":[{"label":"Conceptronic AMDIS FullHD [AMP00085]","price":"29.0000","price_type":"quantity_based","image":0,"visibility":true}]},"hdmi-upgrades":{"name":"Extens\u00e3o cabo","type":"multiple_choice","position":0,"required":false,"title_format":"heading","default":"","description_enable":false,"description":"","placeholder_enable":false,"placeholder":"","display":"radiobutton","restrictions_type":"any_text","adjust_price":false,"price":"","price_type":"quantity_based","restrictions":false,"min":"0","max":"0","options":[{"label":"Cabo HDMI 2 mts. [AMP00104]","price":"6.0000","price_type":"quantity_based","image":0,"visibility":true}]}},"_links":{"self":[{"href":"https:\/\/digamac.com\/pt-pt\/wp-json\/wp\/v2\/product\/13659","targetHints":{"allow":["GET"]}}],"collection":[{"href":"https:\/\/digamac.com\/pt-pt\/wp-json\/wp\/v2\/product"}],"about":[{"href":"https:\/\/digamac.com\/pt-pt\/wp-json\/wp\/v2\/types\/product"}],"wp:featuredmedia":[{"embeddable":true,"href":"https:\/\/digamac.com\/pt-pt\/wp-json\/wp\/v2\/media\/13646"}],"wp:attachment":[{"href":"https:\/\/digamac.com\/pt-pt\/wp-json\/wp\/v2\/media?parent=13659"}],"wp:term":[{"taxonomy":"product_brand","embeddable":true,"href":"https:\/\/digamac.com\/pt-pt\/wp-json\/wp\/v2\/product_brand?post=13659"},{"taxonomy":"product_cat","embeddable":true,"href":"https:\/\/digamac.com\/pt-pt\/wp-json\/wp\/v2\/product_cat?post=13659"},{"taxonomy":"product_tag","embeddable":true,"href":"https:\/\/digamac.com\/pt-pt\/wp-json\/wp\/v2\/product_tag?post=13659"}],"curies":[{"name":"wp","href":"https:\/\/api.w.org\/{rel}","templated":true}]}}