{"id":13691,"date":"2024-06-11T11:42:46","date_gmt":"2024-06-11T10:42:48","guid":{"rendered":"https:\/\/digamac.com\/tienda\/sem%20categoria\/lg-27up850w-27-ips-169-recondicionado-3840x2160-pt-12240\/"},"modified":"2024-06-25T15:22:41","modified_gmt":"2024-06-25T14:22:41","slug":"lg-27up850w-27-ips-169-recondicionado-3840x2160-pt-12240","status":"publish","type":"product","link":"https:\/\/digamac.com\/pt-pt\/loja\/sem-categoria-pt\/lg-27up850w-27-ips-169-recondicionado-3840x2160-pt-12240\/","title":{"rendered":"LG 27UP850W 27&#8221; IPS 16:9 | Recondicionado | 3840&#215;2160"},"content":{"rendered":"<p><strong>Tela<\/strong><br \/>IPS 27 &#8221; 4K  com Alto-falantes \u00b7  16:9  \u00b7 Resolu\u00e7\u00e3o 3840&#215;2160<br \/>Resposta 5 ms<br \/>Contraste 1200:1<br \/>Brilho 400 cd\/m2<br \/>\u00c2ngulo vis\u00e3o 178\u00b0v\/178\u00b0h<br \/><strong>Portas de v\u00eddeo<\/strong><br \/>2x HDMI<br \/>1x Display Port<br \/><strong>Caixa<\/strong><br \/>Color preto<br \/><strong>Espec\u00edfico tela<\/strong><br \/>Apoio VESA<br \/>Tens\u00e3o fonte alimenta\u00e7\u00e3o externa 19V<br \/>Pedestal<br \/>Regul\u00e1vel em altura<br \/><strong>Outros<\/strong><br \/>hR embalagens<br \/><strong>Dimens\u00f5es<\/strong><br \/>61x45x29 cm.<br \/><strong>Peso<\/strong><br \/>4.00 Kg.<br \/><strong>Especifica\u00e7\u00f5es adicionais<\/strong><br \/>Boa apar\u00eancia exterior. Monitor de jogos de alto desempenho com resposta de 5 ms. ideal para jogos e aplica\u00e7\u00f5es multim\u00eddia. Se voc\u00ea tiver alguma d\u00favida, ligue para n\u00f3s ou utilize nosso chat para mais informa\u00e7\u00f5es ou para solicitar mais detalhes.<\/p>\n<p><strong>Coment\u00e1rios<\/strong><br \/><u>1x USB-C \/ 2x USB 3.0 &#8211; Cabo de alimenta\u00e7\u00e3o e DisplayPort inclu\u00eddos<\/u><\/p>\n","protected":false},"excerpt":{"rendered":"<p>IPS 27 &#8221; 4K  com Alto-falantes \u00b7  16:9  \u00b7 Resolu\u00e7\u00e3o 3840&#215;2160 \u00b7 Resposta 5 ms \u00b7 Contraste 1200:1 \u00b7 Brilho 400 cd\/m2 \u00b7 \u00c2ngulo vis\u00e3o 178\u00b0v\/178\u00b0h \u00b7 2x HDMI \u00b7 1x Display Port \u00b7 <u>1x USB-C \/ 2x USB 3.0 &#8211; Cabo de alimenta\u00e7\u00e3o e DisplayPort inclu\u00eddos<\/u> [&#8230;]<\/p>\n<p><a class=\"btn btn-secondary understrap-read-more-link\" href=\"https:\/\/digamac.com\/pt-pt\/loja\/sem-categoria-pt\/lg-27up850w-27-ips-169-recondicionado-3840x2160-pt-12240\/\">Continuar a ler&#8230;<span class=\"screen-reader-text\"> from LG 27UP850W 27&#8221; IPS 16:9 | Recondicionado | 3840&#215;2160<\/span><\/a><\/p>\n","protected":false},"featured_media":13682,"template":"","meta":[],"product_brand":[3127],"product_cat":[3054],"product_tag":[],"class_list":{"0":"post-13691","1":"product","2":"type-product","3":"status-publish","4":"has-post-thumbnail","6":"product_brand-lg","7":"product_cat-sem-categoria-pt","9":"first","10":"outofstock","11":"taxable","12":"shipping-taxable","13":"purchasable","14":"product-type-simple"},"exclude_global_add_ons":true,"addons":{"webcam-upgrades":{"name":"Extens\u00e3o Webcam","type":"multiple_choice","position":0,"required":false,"title_format":"heading","default":"","description_enable":false,"description":"","placeholder_enable":false,"placeholder":"","display":"radiobutton","restrictions_type":"any_text","adjust_price":false,"price":"","price_type":"quantity_based","restrictions":false,"min":"0","max":"0","options":[{"label":"Conceptronic AMDIS FullHD [AMP00085]","price":"29.0000","price_type":"quantity_based","image":0,"visibility":true}]},"hdmi-upgrades":{"name":"Extens\u00e3o cabo","type":"multiple_choice","position":0,"required":false,"title_format":"heading","default":"","description_enable":false,"description":"","placeholder_enable":false,"placeholder":"","display":"radiobutton","restrictions_type":"any_text","adjust_price":false,"price":"","price_type":"quantity_based","restrictions":false,"min":"0","max":"0","options":[{"label":"Cabo HDMI 2 mts. [AMP00104]","price":"6.0000","price_type":"quantity_based","image":0,"visibility":true}]}},"_links":{"self":[{"href":"https:\/\/digamac.com\/pt-pt\/wp-json\/wp\/v2\/product\/13691","targetHints":{"allow":["GET"]}}],"collection":[{"href":"https:\/\/digamac.com\/pt-pt\/wp-json\/wp\/v2\/product"}],"about":[{"href":"https:\/\/digamac.com\/pt-pt\/wp-json\/wp\/v2\/types\/product"}],"wp:featuredmedia":[{"embeddable":true,"href":"https:\/\/digamac.com\/pt-pt\/wp-json\/wp\/v2\/media\/13682"}],"wp:attachment":[{"href":"https:\/\/digamac.com\/pt-pt\/wp-json\/wp\/v2\/media?parent=13691"}],"wp:term":[{"taxonomy":"product_brand","embeddable":true,"href":"https:\/\/digamac.com\/pt-pt\/wp-json\/wp\/v2\/product_brand?post=13691"},{"taxonomy":"product_cat","embeddable":true,"href":"https:\/\/digamac.com\/pt-pt\/wp-json\/wp\/v2\/product_cat?post=13691"},{"taxonomy":"product_tag","embeddable":true,"href":"https:\/\/digamac.com\/pt-pt\/wp-json\/wp\/v2\/product_tag?post=13691"}],"curies":[{"name":"wp","href":"https:\/\/api.w.org\/{rel}","templated":true}]}}