{"id":13710,"date":"2024-06-12T11:09:54","date_gmt":"2024-06-12T10:09:56","guid":{"rendered":"https:\/\/digamac.com\/tienda\/sem%20categoria\/viewsonic-vp2768a-4k-impecable-27-ips-169-recondicionado-3840x2160-pt-12274\/"},"modified":"2024-06-26T10:27:24","modified_gmt":"2024-06-26T09:27:24","slug":"viewsonic-vp2768a-4k-impecable-27-ips-169-recondicionado-3840x2160-pt-12274","status":"publish","type":"product","link":"https:\/\/digamac.com\/pt-pt\/loja\/sem-categoria-pt\/viewsonic-vp2768a-4k-impecable-27-ips-169-recondicionado-3840x2160-pt-12274\/","title":{"rendered":"Viewsonic VP2768a-4K &#8211; Impecable 27&#8221; IPS 16:9 | Recondicionado | 3840&#215;2160"},"content":{"rendered":"<p><strong>Tela<\/strong><br \/>IPS 27 &#8221; 4K  16:9  \u00b7 Resolu\u00e7\u00e3o 3840&#215;2160<br \/>Dot pitch 0.23 mm<br \/>Resposta 6 ms<br \/>Contraste 1300:1<br \/>Brilho 350 cd\/m2<br \/>\u00c2ngulo vis\u00e3o 178\u00b0v\/178\u00b0h<br \/><strong>Portas de v\u00eddeo<\/strong><br \/>2x HDMI<br \/>1x Display Port<br \/><strong>Caixa<\/strong><br \/>Color preto<br \/><strong>Espec\u00edfico tela<\/strong><br \/>Apoio VESA<br \/>Pedestal<br \/>Regul\u00e1vel em altura<br \/><strong>Outros<\/strong><br \/>hR embalagens<br \/><strong>Dimens\u00f5es<\/strong><br \/>61.3&#215;41.3&#215;21.5 cm.<br \/><strong>Peso<\/strong><br \/>6.90 Kg.<br \/><strong>Especifica\u00e7\u00f5es adicionais<\/strong><br \/>Apar\u00eancia externa impec\u00e1vel. Se voc\u00ea tiver alguma d\u00favida, ligue para n\u00f3s ou utilize nosso chat para mais informa\u00e7\u00f5es ou para solicitar mais detalhes.<\/p>\n<p><strong>Coment\u00e1rios<\/strong><br \/><u>Cabo de alimenta\u00e7\u00e3o e DisplayPort inclu\u00eddos<\/u><\/p>\n","protected":false},"excerpt":{"rendered":"<p>IPS 27 &#8221; 4K  16:9  \u00b7 Resolu\u00e7\u00e3o 3840&#215;2160 \u00b7 Dot pitch 0.23 mm \u00b7 Resposta 6 ms \u00b7 Contraste 1300:1 \u00b7 Brilho 350 cd\/m2 \u00b7 \u00c2ngulo vis\u00e3o 178\u00b0v\/178\u00b0h \u00b7 2x HDMI \u00b7 1x Display Port \u00b7 <u>Cabo de alimenta\u00e7\u00e3o e DisplayPort inclu\u00eddos<\/u> [&#8230;]<\/p>\n<p><a class=\"btn btn-secondary understrap-read-more-link\" href=\"https:\/\/digamac.com\/pt-pt\/loja\/sem-categoria-pt\/viewsonic-vp2768a-4k-impecable-27-ips-169-recondicionado-3840x2160-pt-12274\/\">Continuar a ler&#8230;<span class=\"screen-reader-text\"> from Viewsonic VP2768a-4K &#8211; Impecable 27&#8221; IPS 16:9 | Recondicionado | 3840&#215;2160<\/span><\/a><\/p>\n","protected":false},"featured_media":13697,"template":"","meta":[],"product_brand":[3138],"product_cat":[3054],"product_tag":[],"class_list":{"0":"post-13710","1":"product","2":"type-product","3":"status-publish","4":"has-post-thumbnail","6":"product_brand-viewsonic","7":"product_cat-sem-categoria-pt","9":"first","10":"outofstock","11":"taxable","12":"shipping-taxable","13":"purchasable","14":"product-type-simple"},"exclude_global_add_ons":true,"addons":{"webcam-upgrades":{"name":"Extens\u00e3o Webcam","type":"multiple_choice","position":0,"required":false,"title_format":"heading","default":"","description_enable":false,"description":"","placeholder_enable":false,"placeholder":"","display":"radiobutton","restrictions_type":"any_text","adjust_price":false,"price":"","price_type":"quantity_based","restrictions":false,"min":"0","max":"0","options":[{"label":"Conceptronic AMDIS FullHD [AMP00085]","price":"29.0000","price_type":"quantity_based","image":0,"visibility":true}]},"hdmi-upgrades":{"name":"Extens\u00e3o cabo","type":"multiple_choice","position":0,"required":false,"title_format":"heading","default":"","description_enable":false,"description":"","placeholder_enable":false,"placeholder":"","display":"radiobutton","restrictions_type":"any_text","adjust_price":false,"price":"","price_type":"quantity_based","restrictions":false,"min":"0","max":"0","options":[{"label":"Cabo HDMI 2 mts. [AMP00104]","price":"6.0000","price_type":"quantity_based","image":0,"visibility":true}]}},"_links":{"self":[{"href":"https:\/\/digamac.com\/pt-pt\/wp-json\/wp\/v2\/product\/13710","targetHints":{"allow":["GET"]}}],"collection":[{"href":"https:\/\/digamac.com\/pt-pt\/wp-json\/wp\/v2\/product"}],"about":[{"href":"https:\/\/digamac.com\/pt-pt\/wp-json\/wp\/v2\/types\/product"}],"wp:featuredmedia":[{"embeddable":true,"href":"https:\/\/digamac.com\/pt-pt\/wp-json\/wp\/v2\/media\/13697"}],"wp:attachment":[{"href":"https:\/\/digamac.com\/pt-pt\/wp-json\/wp\/v2\/media?parent=13710"}],"wp:term":[{"taxonomy":"product_brand","embeddable":true,"href":"https:\/\/digamac.com\/pt-pt\/wp-json\/wp\/v2\/product_brand?post=13710"},{"taxonomy":"product_cat","embeddable":true,"href":"https:\/\/digamac.com\/pt-pt\/wp-json\/wp\/v2\/product_cat?post=13710"},{"taxonomy":"product_tag","embeddable":true,"href":"https:\/\/digamac.com\/pt-pt\/wp-json\/wp\/v2\/product_tag?post=13710"}],"curies":[{"name":"wp","href":"https:\/\/api.w.org\/{rel}","templated":true}]}}