{"id":13771,"date":"2024-06-19T11:09:28","date_gmt":"2024-06-19T10:09:29","guid":{"rendered":"https:\/\/digamac.com\/tienda\/sem%20categoria\/apple-imac-182-215-a1418-aio-recondicionado-core-i5-3ghz-16-gb-ram-500-gb-ssd-pt-12296\/"},"modified":"2025-01-28T17:27:36","modified_gmt":"2025-01-28T16:27:36","slug":"apple-imac-182-215-a1418-aio-recondicionado-core-i5-3ghz-16-gb-ram-500-gb-ssd-pt-12296","status":"publish","type":"product","link":"https:\/\/digamac.com\/pt-pt\/loja\/imac-pt\/apple-imac-182-215-a1418-aio-recondicionado-core-i5-3ghz-16-gb-ram-500-gb-ssd-pt-12296\/","title":{"rendered":"Apple iMac 18,2 &#8211; 21.5&#8243; A1418 AIO | Recondicionado | Core i5 3GHz | 16 GB RAM | 500 GB SSD"},"content":{"rendered":"<p><strong>Processador<\/strong><br \/>Intel Core i5 7400 3 GHz.<br \/><strong>Fator de forma<\/strong><br \/>AIO<br \/><strong>Mem\u00f3ria RAM<\/strong><br \/>16 Gb. SO-DDR4 RAM<br \/><strong>Disco r\u00edgido<\/strong><br \/>500 Gb. SSD<br \/><strong>Cart\u00f5es<\/strong><br \/>Placa gr\u00e1fica: AMD Radeon Pro 555 2 Gb. GDDR5<br \/>Som: HD Audio<br \/>Network: Gigabit Ethernet<br \/><strong>Sistema operativo<\/strong><br \/>macOS Ventura<br \/><strong>Portos<\/strong><br \/>2x Thunderbolt<br \/>4x USB 3.0<br \/><strong>Tela<\/strong><br \/>Led 21.5 &#8221; 4K com Alto-falantes \u00b7  16:9  \u00b7 Resolu\u00e7\u00e3o 4096&#215;2304<br \/><strong>Portas de v\u00eddeo<\/strong><br \/>Mini Display Port<br \/><strong>Multim\u00eddia<\/strong><br \/>Webcam<br \/>Leitor SD<br \/><strong>Espec\u00edfico tela<\/strong><br \/>Pedestal<br \/><strong>Conectividade<\/strong><br \/>RJ-45<br \/>WIFI<br \/>Bluetooth<br \/><strong>Outros<\/strong><br \/>hR embalagens<br \/><strong>Dimens\u00f5es<\/strong><br \/>45&#215;52.8&#215;17.5 cm.<br \/><strong>Peso<\/strong><br \/>5.70 Kg.<br \/><strong>Especifica\u00e7\u00f5es adicionais<\/strong><br \/>O APPLE iMac 18.2 A1418 combina pot\u00eancia e eleg\u00e2ncia em um design tudo-em-um. Com processador Intel Core i5, 16 GB de RAM e 500 GB de armazenamento SSD, oferece desempenho \u00e1gil e eficiente. Sua tela Retina 4K de 21,5&#8243; com resolu\u00e7\u00e3o 4096&#215;2304 garante imagens n\u00edtidas e cores vibrantes, ideais para trabalhos gr\u00e1ficos ou entretenimento. Equipado com macOS Ventura, proporciona uma experi\u00eancia moderna e otimizada dentro do ecossistema Apple. Al\u00e9m disso, incorpora alto-falantes integrados para um som de qualidade .Boa apar\u00eancia exterior. <br \/>O produto tem o Sistema Operacional instalado e pronto para funcionar. Sem d\u00favida uma \u00f3tima oportunidade para adquirir um iMac e come\u00e7ar a desfrutar dos recursos. vantagens do ambiente Apple. Procure em &#8220;+ Fotos\u201d e &#8220;V\u00eddeo&#8221; e se tiver alguma d\u00favida, ligue-nos ou utilize nosso chat para mais informa\u00e7\u00f5es ou para solicitar mais detalhes.<\/p>\n<p><strong>Coment\u00e1rios<\/strong><br \/><u>Modelo A1418 (Mid 2017) &#8211; 4K &#8211; Teclado e mouse n\u00e3o inclu\u00eddos<\/u><\/p>\n","protected":false},"excerpt":{"rendered":"<p>Intel Core i5 7400 3 GHz. \u00b7 16 Gb. SO-DDR4 RAM \u00b7 500 Gb. SSD \u00b7 macOS Ventura \u00b7 <strong>Led 21.5 &#8221; 4K \u00b7 AMD Radeon 555 2 Gb. GDDR5<\/strong> \u00b7 <u>Modelo A1418 (Mid 2017)<\/u>&#8211; <u>Teclado e mouse n\u00e3o inclu\u00eddos<\/u> [&#8230;]<\/p>\n<p><a class=\"btn btn-secondary understrap-read-more-link\" href=\"https:\/\/digamac.com\/pt-pt\/loja\/imac-pt\/apple-imac-182-215-a1418-aio-recondicionado-core-i5-3ghz-16-gb-ram-500-gb-ssd-pt-12296\/\">Continuar a ler&#8230;<span class=\"screen-reader-text\"> from Apple iMac 18,2 &#8211; 21.5&#8243; A1418 AIO | Recondicionado | Core i5 3GHz | 16 GB RAM | 500 GB SSD<\/span><\/a><\/p>\n","protected":false},"featured_media":13758,"template":"","meta":[],"product_brand":[3122],"product_cat":[2498],"product_tag":[],"class_list":{"0":"post-13771","1":"product","2":"type-product","3":"status-publish","4":"has-post-thumbnail","6":"product_brand-apple","7":"product_cat-imac-pt","9":"first","10":"outofstock","11":"taxable","12":"shipping-taxable","13":"purchasable","14":"product-type-simple"},"exclude_global_add_ons":true,"addons":{"mouse-upgrades":{"name":"Extens\u00e3o rato","type":"multiple_choice","position":0,"required":false,"title_format":"heading","default":"","description_enable":false,"description":"","placeholder_enable":false,"placeholder":"","display":"radiobutton","restrictions_type":"any_text","adjust_price":false,"price":"","price_type":"quantity_based","restrictions":false,"min":"0","max":"0","options":[{"label":"Apple Magic Mouse 2 (A1657) [AMP00060]","price":"60.0000","price_type":"quantity_based","image":0,"visibility":true},{"label":"Rat\u00f3n Apple USB (A1152) [AMP00053]","price":"15.0000","price_type":"quantity_based","image":0,"visibility":true}]}},"_links":{"self":[{"href":"https:\/\/digamac.com\/pt-pt\/wp-json\/wp\/v2\/product\/13771","targetHints":{"allow":["GET"]}}],"collection":[{"href":"https:\/\/digamac.com\/pt-pt\/wp-json\/wp\/v2\/product"}],"about":[{"href":"https:\/\/digamac.com\/pt-pt\/wp-json\/wp\/v2\/types\/product"}],"wp:featuredmedia":[{"embeddable":true,"href":"https:\/\/digamac.com\/pt-pt\/wp-json\/wp\/v2\/media\/13758"}],"wp:attachment":[{"href":"https:\/\/digamac.com\/pt-pt\/wp-json\/wp\/v2\/media?parent=13771"}],"wp:term":[{"taxonomy":"product_brand","embeddable":true,"href":"https:\/\/digamac.com\/pt-pt\/wp-json\/wp\/v2\/product_brand?post=13771"},{"taxonomy":"product_cat","embeddable":true,"href":"https:\/\/digamac.com\/pt-pt\/wp-json\/wp\/v2\/product_cat?post=13771"},{"taxonomy":"product_tag","embeddable":true,"href":"https:\/\/digamac.com\/pt-pt\/wp-json\/wp\/v2\/product_tag?post=13771"}],"curies":[{"name":"wp","href":"https:\/\/api.w.org\/{rel}","templated":true}]}}