{"id":13929,"date":"2024-07-02T12:24:26","date_gmt":"2024-07-02T11:24:26","guid":{"rendered":"https:\/\/digamac.com\/tienda\/sem%20categoria\/lg-24bk550y-blanco-238-ips-169-recondicionado-1920x1080-pt-12309\/"},"modified":"2025-08-29T11:11:10","modified_gmt":"2025-08-29T10:11:10","slug":"lg-24bk550y-blanco-238-ips-169-recondicionado-1920x1080-pt-12309","status":"publish","type":"product","link":"https:\/\/digamac.com\/pt-pt\/loja\/sin-categorizar\/lg-24bk550y-blanco-238-ips-169-recondicionado-1920x1080-pt-12309\/","title":{"rendered":"LG 24BK550Y Blanco 23.8&#8221; IPS 16:9 | Recondicionado | 1920&#215;1080"},"content":{"rendered":"<p><strong>Tela<\/strong><br \/>IPS 23.8 &#8221; FullHD com Alto-falantes \u00b7  16:9  \u00b7 Resolu\u00e7\u00e3o 1920&#215;1080<br \/>Dot pitch 0.275 mm<br \/>Resposta 5 ms<br \/>Contraste 1000:1<br \/>Brilho 250 cd\/m2<br \/>\u00c2ngulo vis\u00e3o 178\u00b0v\/178\u00b0h<br \/><strong>Portas de v\u00eddeo<\/strong><br \/>VGA<br \/>HDMI<br \/>Display Port<br \/>DVI<br \/><strong>Espec\u00edfico tela<\/strong><br \/>Apoio VESA<br \/>Pedestal<br \/>Regul\u00e1vel em altura<br \/><strong>Outros<\/strong><br \/>hR embalagens<br \/><strong>Dimens\u00f5es<\/strong><br \/>55.5x39x24 cm.<br \/><strong>Peso<\/strong><br \/>5.85 Kg.<br \/><strong>Especifica\u00e7\u00f5es adicionais<\/strong><br \/>Boa apar\u00eancia exterior. Procure em \u201c+ Fotos\u201d e \u201cV\u00eddeo\u201d e caso tenha alguma d\u00favida, ligue-nos ou utilize nosso chat para mais informa\u00e7\u00f5es ou para solicitar mais detalhes.<br \/><strong>Coment\u00e1rios<\/strong><br \/><u>2xUSB 2.0 &#8211; Cabo de alimenta\u00e7\u00e3o e VGA inclu\u00eddos<\/u><\/p>\n","protected":false},"excerpt":{"rendered":"<p>IPS 23.8 &#8221; FullHD com Alto-falantes \u00b7  16:9  \u00b7 Resolu\u00e7\u00e3o 1920&#215;1080 \u00b7 Dot pitch 0.275 mm \u00b7 Resposta 5 ms \u00b7 Contraste 1000:1 \u00b7 Brilho 250 cd\/m2 \u00b7 \u00c2ngulo vis\u00e3o 178\u00b0v\/178\u00b0h \u00b7 VGA \u00b7 HDMI \u00b7 Display Port \u00b7 DVI \u00b7 <u>2xUSB 2.0 &#8211; Cabo de alimenta\u00e7\u00e3o e VGA inclu\u00eddos<\/u> [&#8230;]<\/p>\n<p><a class=\"btn btn-secondary understrap-read-more-link\" href=\"https:\/\/digamac.com\/pt-pt\/loja\/sin-categorizar\/lg-24bk550y-blanco-238-ips-169-recondicionado-1920x1080-pt-12309\/\">Continuar a ler&#8230;<span class=\"screen-reader-text\"> from LG 24BK550Y Blanco 23.8&#8221; IPS 16:9 | Recondicionado | 1920&#215;1080<\/span><\/a><\/p>\n","protected":false},"featured_media":13919,"template":"","meta":[],"product_brand":[3127],"product_cat":[15,3054],"product_tag":[],"class_list":{"0":"post-13929","1":"product","2":"type-product","3":"status-publish","4":"has-post-thumbnail","6":"product_brand-lg","7":"product_cat-sin-categorizar","8":"product_cat-sem-categoria-pt","10":"first","11":"outofstock","12":"taxable","13":"shipping-taxable","14":"purchasable","15":"product-type-simple"},"exclude_global_add_ons":true,"addons":{"webcam-upgrades":{"name":"Extens\u00e3o Webcam","type":"multiple_choice","position":0,"required":false,"title_format":"heading","default":"","description_enable":false,"description":"","placeholder_enable":false,"placeholder":"","display":"radiobutton","restrictions_type":"any_text","adjust_price":false,"price":"","price_type":"quantity_based","restrictions":false,"min":"0","max":"0","options":[{"label":"Conceptronic AMDIS FullHD [AMP00085]","price":"29.0000","price_type":"quantity_based","image":0,"visibility":true}]},"hdmi-upgrades":{"name":"Extens\u00e3o cabo","type":"multiple_choice","position":0,"required":false,"title_format":"heading","default":"","description_enable":false,"description":"","placeholder_enable":false,"placeholder":"","display":"radiobutton","restrictions_type":"any_text","adjust_price":false,"price":"","price_type":"quantity_based","restrictions":false,"min":"0","max":"0","options":[{"label":"Cabo DVI-D M \/ M Dual Link 1,8 mts. [AMP00102]","price":"2.0000","price_type":"quantity_based","image":0,"visibility":true},{"label":"DisplayPort para cabo DisplayPort 1,8 mts. [AMP00103]","price":"8.0000","price_type":"quantity_based","image":0,"visibility":true},{"label":"Cabo HDMI 2 mts. [AMP00104]","price":"6.0000","price_type":"quantity_based","image":0,"visibility":true}]}},"_links":{"self":[{"href":"https:\/\/digamac.com\/pt-pt\/wp-json\/wp\/v2\/product\/13929","targetHints":{"allow":["GET"]}}],"collection":[{"href":"https:\/\/digamac.com\/pt-pt\/wp-json\/wp\/v2\/product"}],"about":[{"href":"https:\/\/digamac.com\/pt-pt\/wp-json\/wp\/v2\/types\/product"}],"wp:featuredmedia":[{"embeddable":true,"href":"https:\/\/digamac.com\/pt-pt\/wp-json\/wp\/v2\/media\/13919"}],"wp:attachment":[{"href":"https:\/\/digamac.com\/pt-pt\/wp-json\/wp\/v2\/media?parent=13929"}],"wp:term":[{"taxonomy":"product_brand","embeddable":true,"href":"https:\/\/digamac.com\/pt-pt\/wp-json\/wp\/v2\/product_brand?post=13929"},{"taxonomy":"product_cat","embeddable":true,"href":"https:\/\/digamac.com\/pt-pt\/wp-json\/wp\/v2\/product_cat?post=13929"},{"taxonomy":"product_tag","embeddable":true,"href":"https:\/\/digamac.com\/pt-pt\/wp-json\/wp\/v2\/product_tag?post=13929"}],"curies":[{"name":"wp","href":"https:\/\/api.w.org\/{rel}","templated":true}]}}