{"id":13977,"date":"2024-07-05T10:30:05","date_gmt":"2024-07-05T09:30:08","guid":{"rendered":"https:\/\/digamac.com\/tienda\/sem categoria\/apple-macbook-pro-91-154-recondicionado-core-i7-23ghz-8-gb-ram-500-gb-ssd-1680x1050-pt-3647\/"},"modified":"2024-07-05T10:30:09","modified_gmt":"2024-07-05T09:30:09","slug":"apple-macbook-pro-91-154-recondicionado-core-i7-23ghz-8-gb-ram-500-gb-ssd-1680x1050-pt-3647","status":"publish","type":"product","link":"https:\/\/digamac.com\/pt-pt\/loja\/macbook-pro-pt\/macbook-pro-15-pt\/apple-macbook-pro-91-154-recondicionado-core-i7-23ghz-8-gb-ram-500-gb-ssd-1680x1050-pt-3647\/","title":{"rendered":"Apple MacBook Pro 9,1 15.4&#8221; | Recondicionado | Core i7 2.3GHz | 8 GB RAM | 500 GB SSD 1680&#215;1050"},"content":{"rendered":"<p><strong>Processador<\/strong><br \/>Intel Core i7 3615M 2.3 GHz.<br \/><strong>Mem\u00f3ria RAM<\/strong><br \/>8 Gb. SO-DDR3 RAM<br \/><strong>Disco r\u00edgido<\/strong><br \/>500 Gb. SSD<br \/><strong>Drive \u00f3ptico<\/strong><br \/>DVD-RW<br \/><strong>Cart\u00f5es<\/strong><br \/>Placa gr\u00e1fica: GeForce GT 650M 1 Gb. &#8211; Intel HD 4000<br \/>Som: HD Audio<br \/>Network: Ethernet Gigabit<br \/><strong>Sistema operativo<\/strong><br \/>macOS Mojave<br \/><strong>Portos<\/strong><br \/>1x Firewire<br \/>1x Thunderbolt<br \/>2x USB 3.0<br \/><strong>Tela<\/strong><br \/>Led 15.4 &#8221; HD  16:9  \u00b7 Resolu\u00e7\u00e3o 1680&#215;1050<br \/><strong>Multim\u00eddia<\/strong><br \/>Webcam<br \/>Leitor SD<br \/><strong>Conectividade<\/strong><br \/>1x RJ-45<br \/>WIFI<br \/>Bluetooth<br \/>Infravermelho<br \/><strong>Espec\u00edfico laptop<\/strong><br \/>Layout do teclado Internacional (adesivos espanhol)<br \/><strong>Outros<\/strong><br \/>hR embalagens<br \/><strong>Dimens\u00f5es<\/strong><br \/>36.5&#215;24.9&#215;2.5 cm.<br \/><strong>Peso<\/strong><br \/>2.50 Kg.<br \/><strong>Especifica\u00e7\u00f5es adicionais<\/strong><br \/>Boa apar\u00eancia exterior. Tela perfeita sem manchas brancas ou arranh\u00f5es. O produto possui o Sistema Operacional instalado e pronto para funcionar. Sem d\u00favida uma grande oportunidade de adquirir um iMac e come\u00e7ar a aproveitar as vantagens do ambiente Apple. Procure em \u201c+ Fotos\u201d e \u201cV\u00eddeo\u201d e caso tenha alguma d\u00favida, ligue-nos ou utilize nosso chat para mais informa\u00e7\u00f5es ou para solicitar mais detalhes.<\/p>\n<p><strong>Coment\u00e1rios<\/strong><br \/><u>Modelo A1286 (Mid. 2012)<\/u><\/p>\n","protected":false},"excerpt":{"rendered":"<p>Intel Core i7 3615M 2.3 GHz. \u00b7 8 Gb. SO-DDR3 RAM \u00b7 500 Gb. SSD \u00b7 DVD-RW \u00b7 macOS Mojave \u00b7 Led 15.4 &#8221; HD  16:9  \u00b7 Resolu\u00e7\u00e3o 1680&#215;1050 \u00b7 Webcam \u00b7 Leitor SD \u00b7 <u>Modelo A1286 (Mid. 2012)<\/u> [&#8230;]<\/p>\n<p><a class=\"btn btn-secondary understrap-read-more-link\" href=\"https:\/\/digamac.com\/pt-pt\/loja\/macbook-pro-pt\/macbook-pro-15-pt\/apple-macbook-pro-91-154-recondicionado-core-i7-23ghz-8-gb-ram-500-gb-ssd-1680x1050-pt-3647\/\">Continuar a ler&#8230;<span class=\"screen-reader-text\"> from Apple MacBook Pro 9,1 15.4&#8221; | Recondicionado | Core i7 2.3GHz | 8 GB RAM | 500 GB SSD 1680&#215;1050<\/span><\/a><\/p>\n","protected":false},"featured_media":13960,"template":"","meta":[],"product_brand":[3122],"product_cat":[3066,3057],"product_tag":[],"class_list":{"0":"post-13977","1":"product","2":"type-product","3":"status-publish","4":"has-post-thumbnail","6":"product_brand-apple","7":"product_cat-macbook-pro-15-pt","8":"product_cat-macbook-pro-pt","10":"first","11":"outofstock","12":"taxable","13":"shipping-taxable","14":"purchasable","15":"product-type-simple"},"exclude_global_add_ons":true,"addons":{"mouse-upgrades":{"name":"Extens\u00e3o rato","type":"multiple_choice","position":0,"required":false,"title_format":"heading","default":"","description_enable":false,"description":"","placeholder_enable":false,"placeholder":"","display":"radiobutton","restrictions_type":"any_text","adjust_price":false,"price":"","price_type":"quantity_based","restrictions":false,"min":"0","max":"0","options":[{"label":"Apple Magic Mouse 2 (A1657) [AMP00060]","price":"60.0000","price_type":"quantity_based","image":0,"visibility":true},{"label":"Rat\u00f3n Apple USB (A1152) [AMP00053]","price":"15.0000","price_type":"quantity_based","image":0,"visibility":true}]},"ram-memory-upgrades":{"name":"Extens\u00e3o RAM","type":"multiple_choice","position":0,"required":false,"title_format":"heading","default":"","description_enable":false,"description":"","placeholder_enable":false,"placeholder":"","display":"radiobutton","restrictions_type":"any_text","adjust_price":false,"price":"","price_type":"quantity_based","restrictions":false,"min":"0","max":"0","options":[{"label":"Extens\u00e3o SODIM RAM 16 Gb DDR3 [AMP00004]","price":"50.0000","price_type":"quantity_based","image":0,"visibility":true}]},"hdd-upgrades":{"name":"Extens\u00e3o disco r\u00edgido","type":"multiple_choice","position":0,"required":false,"title_format":"heading","default":"","description_enable":false,"description":"","placeholder_enable":false,"placeholder":"","display":"radiobutton","restrictions_type":"any_text","adjust_price":false,"price":"","price_type":"quantity_based","restrictions":false,"min":"0","max":"0","options":[{"label":"Cambio a Disco SSD 1 Tb. [AMP00071]","price":"69.0000","price_type":"quantity_based","image":0,"visibility":true}]}},"_links":{"self":[{"href":"https:\/\/digamac.com\/pt-pt\/wp-json\/wp\/v2\/product\/13977","targetHints":{"allow":["GET"]}}],"collection":[{"href":"https:\/\/digamac.com\/pt-pt\/wp-json\/wp\/v2\/product"}],"about":[{"href":"https:\/\/digamac.com\/pt-pt\/wp-json\/wp\/v2\/types\/product"}],"wp:featuredmedia":[{"embeddable":true,"href":"https:\/\/digamac.com\/pt-pt\/wp-json\/wp\/v2\/media\/13960"}],"wp:attachment":[{"href":"https:\/\/digamac.com\/pt-pt\/wp-json\/wp\/v2\/media?parent=13977"}],"wp:term":[{"taxonomy":"product_brand","embeddable":true,"href":"https:\/\/digamac.com\/pt-pt\/wp-json\/wp\/v2\/product_brand?post=13977"},{"taxonomy":"product_cat","embeddable":true,"href":"https:\/\/digamac.com\/pt-pt\/wp-json\/wp\/v2\/product_cat?post=13977"},{"taxonomy":"product_tag","embeddable":true,"href":"https:\/\/digamac.com\/pt-pt\/wp-json\/wp\/v2\/product_tag?post=13977"}],"curies":[{"name":"wp","href":"https:\/\/api.w.org\/{rel}","templated":true}]}}