{"id":14244,"date":"2024-09-25T15:35:28","date_gmt":"2024-09-25T14:35:29","guid":{"rendered":"https:\/\/digamac.com\/tienda\/sem categoria\/apple-imac-162-215-a1418-retina-aio-tara-core-i5-31ghz-8-gb-ram-1024-gb-hdd-pt-8695\/"},"modified":"2024-09-25T15:35:29","modified_gmt":"2024-09-25T14:35:29","slug":"apple-imac-162-215-a1418-retina-aio-tara-core-i5-31ghz-8-gb-ram-1024-gb-hdd-pt-8695","status":"publish","type":"product","link":"https:\/\/digamac.com\/pt-pt\/loja\/com-taras-pt\/apple-imac-162-215-a1418-retina-aio-tara-core-i5-31ghz-8-gb-ram-1024-gb-hdd-pt-8695\/","title":{"rendered":"Apple iMac 16,2 &#8211; 21.5&#8243; A1418 Retina AIO | Tara  | Core i5 3.1GHz | 8 GB RAM | 1024 GB HDD"},"content":{"rendered":"<p><strong>Processador<\/strong><br \/>Intel Core i5 5675R 3.1 GHz.<br \/><strong>Fator de forma<\/strong><br \/>AIO<br \/><strong>Mem\u00f3ria RAM<\/strong><br \/>8 Gb. SO-DDR3 RAM<br \/><strong>Disco r\u00edgido<\/strong><br \/>1.00 Tb. SATA<br \/><strong>Cart\u00f5es<\/strong><br \/>Placa gr\u00e1fica: Intel Iris Pro Graphics 6200<br \/>Som: HD Audio<br \/>Network: 10\/100\/1000 Base-T<br \/><strong>Sistema operativo<\/strong><br \/>macOS Monterey<br \/><strong>Portos<\/strong><br \/>2x Thunderbolt<br \/>4x USB 3.0<br \/><strong>Tela<\/strong><br \/>Retina 21.5 &#8221; 4K  com Alto-falantes \u00b7  16:9  \u00b7 Resolu\u00e7\u00e3o 4096&#215;2304<br \/><strong>Multim\u00eddia<\/strong><br \/>Webcam<br \/>Leitor SD<br \/><strong>Espec\u00edfico tela<\/strong><br \/>Pedestal<br \/><strong>Conectividade<\/strong><br \/>1x RJ-45<br \/>WIFI<br \/>Bluetooth<br \/><strong>Dimens\u00f5es<\/strong><br \/>45&#215;52.8&#215;17.5 cm.<br \/><strong>Peso<\/strong><br \/>5.68 Kg.<br \/><strong>Coment\u00e1rios<\/strong><br \/><u>Pequeno arranh\u00e3o na tela. Este \u00e9 um arranh\u00e3o muito leve, vis\u00edvel apenas com a tela desligada. Com a tela ligada voc\u00ea mal consegue distingui-lo. Sem d\u00favida uma grande oportunidade por se tratar de um ecr\u00e3 4K. Procure em \u201c+ Fotos\u201d e caso tenha alguma d\u00favida ligue ou utilize nosso chat para mais informa\u00e7\u00f5es ou para solicitar mais detalhes.<\/u><\/p>\n","protected":false},"excerpt":{"rendered":"<p>Intel Core i5 5675R 3.1 GHz. \u00b7 8 Gb. SO-DDR3 RAM \u00b7<u>A1418 (Final de 2015)<\/u> \u00b7 <u>Pequena marca na tela (Veja em &#8220;+ Fotos&#8221;)<\/u> [&#8230;]<\/p>\n<p><a class=\"btn btn-secondary understrap-read-more-link\" href=\"https:\/\/digamac.com\/pt-pt\/loja\/com-taras-pt\/apple-imac-162-215-a1418-retina-aio-tara-core-i5-31ghz-8-gb-ram-1024-gb-hdd-pt-8695\/\">Continuar a ler&#8230;<span class=\"screen-reader-text\"> from Apple iMac 16,2 &#8211; 21.5&#8243; A1418 Retina AIO | Tara  | Core i5 3.1GHz | 8 GB RAM | 1024 GB HDD<\/span><\/a><\/p>\n","protected":false},"featured_media":14235,"template":"","meta":[],"product_brand":[3122],"product_cat":[154],"product_tag":[],"class_list":{"0":"post-14244","1":"product","2":"type-product","3":"status-publish","4":"has-post-thumbnail","6":"product_brand-apple","7":"product_cat-com-taras-pt","9":"first","10":"outofstock","11":"taxable","12":"shipping-taxable","13":"purchasable","14":"product-type-simple"},"exclude_global_add_ons":[],"addons":[],"_links":{"self":[{"href":"https:\/\/digamac.com\/pt-pt\/wp-json\/wp\/v2\/product\/14244","targetHints":{"allow":["GET"]}}],"collection":[{"href":"https:\/\/digamac.com\/pt-pt\/wp-json\/wp\/v2\/product"}],"about":[{"href":"https:\/\/digamac.com\/pt-pt\/wp-json\/wp\/v2\/types\/product"}],"wp:featuredmedia":[{"embeddable":true,"href":"https:\/\/digamac.com\/pt-pt\/wp-json\/wp\/v2\/media\/14235"}],"wp:attachment":[{"href":"https:\/\/digamac.com\/pt-pt\/wp-json\/wp\/v2\/media?parent=14244"}],"wp:term":[{"taxonomy":"product_brand","embeddable":true,"href":"https:\/\/digamac.com\/pt-pt\/wp-json\/wp\/v2\/product_brand?post=14244"},{"taxonomy":"product_cat","embeddable":true,"href":"https:\/\/digamac.com\/pt-pt\/wp-json\/wp\/v2\/product_cat?post=14244"},{"taxonomy":"product_tag","embeddable":true,"href":"https:\/\/digamac.com\/pt-pt\/wp-json\/wp\/v2\/product_tag?post=14244"}],"curies":[{"name":"wp","href":"https:\/\/api.w.org\/{rel}","templated":true}]}}