{"id":14255,"date":"2024-09-25T16:06:32","date_gmt":"2024-09-25T15:06:34","guid":{"rendered":"https:\/\/digamac.com\/tienda\/sem categoria\/apple-imac-142-27-a1419-aio-tara-core-i5-32ghz-16-gb-ram-128-gb-fusion-drive-pt-8127\/"},"modified":"2024-09-25T16:06:34","modified_gmt":"2024-09-25T15:06:34","slug":"apple-imac-142-27-a1419-aio-tara-core-i5-32ghz-16-gb-ram-128-gb-fusion-drive-pt-8127","status":"publish","type":"product","link":"https:\/\/digamac.com\/pt-pt\/loja\/com-taras-pt\/apple-imac-142-27-a1419-aio-tara-core-i5-32ghz-16-gb-ram-128-gb-fusion-drive-pt-8127\/","title":{"rendered":"Apple iMac 14,2 &#8211; 27&#8243; A1419 AIO | Tara  | Core i5 3.2GHz | 16 GB RAM | 128 GB Fusion Drive"},"content":{"rendered":"<p><strong>Processador<\/strong><br \/>Intel Core i5 4570 3.2 GHz.<br \/><strong>Fator de forma<\/strong><br \/>AIO<br \/><strong>Mem\u00f3ria RAM<\/strong><br \/>16 Gb. SO-DDR3 RAM<br \/><strong>Disco r\u00edgido<\/strong><br \/>128 Gb. Fusion Drive<br \/>1.00 Tb. SATA<br \/><strong>Cart\u00f5es<\/strong><br \/>Placa gr\u00e1fica: GeForce GTX 660M<br \/>Som: HD Audio<br \/>Network: Ethernet Gigabit<br \/><strong>Sistema operativo<\/strong><br \/>macOS Catalina<br \/><strong>Portos<\/strong><br \/>2x Thunderbolt<br \/>4x USB 3.0<br \/><strong>Tela<\/strong><br \/>Led 27 &#8221; 2K  16:9  \u00b7 Resolu\u00e7\u00e3o 2560&#215;1440<br \/><strong>Multim\u00eddia<\/strong><br \/>Webcam<br \/>Leitor SD<br \/><strong>Conectividade<\/strong><br \/>1x RJ-45<br \/>WIFI<br \/>Bluetooth<br \/><strong>Outros<\/strong><br \/>hR embalagens<br \/><strong>Dimens\u00f5es<\/strong><br \/>51.6x65x20.3 cm.<br \/><strong>Peso<\/strong><br \/>9.54 Kg.<br \/><strong>Coment\u00e1rios<\/strong><br \/><u>Pequena quebra no canto superior direito do vidro. \u00c9 uma quebra apenas no vidro, n\u00e3o afeta em nada a vis\u00e3o da tela. \u00c9 sem d\u00favida uma grande oportunidade. Procure em \u201c+ Fotos\u201d e caso tenha alguma d\u00favida ligue ou utilize nosso chat para mais informa\u00e7\u00f5es ou para solicitar mais detalhes.<\/u><\/p>\n","protected":false},"excerpt":{"rendered":"<p>Intel Core i5 4570 3.2 GHz. \u00b7 16 Gb. SO-DDR3 RAM \u00b7<u>A1419 (Final 2013)<\/u> \u00b7 <u>Pequena quebra no canto superior do vidro (Ver em &#8220;+ Fotos&#8221;)<\/u> [&#8230;]<\/p>\n<p><a class=\"btn btn-secondary understrap-read-more-link\" href=\"https:\/\/digamac.com\/pt-pt\/loja\/com-taras-pt\/apple-imac-142-27-a1419-aio-tara-core-i5-32ghz-16-gb-ram-128-gb-fusion-drive-pt-8127\/\">Continuar a ler&#8230;<span class=\"screen-reader-text\"> from Apple iMac 14,2 &#8211; 27&#8243; A1419 AIO | Tara  | Core i5 3.2GHz | 16 GB RAM | 128 GB Fusion Drive<\/span><\/a><\/p>\n","protected":false},"featured_media":14248,"template":"","meta":[],"product_brand":[3122],"product_cat":[154],"product_tag":[],"class_list":{"0":"post-14255","1":"product","2":"type-product","3":"status-publish","4":"has-post-thumbnail","6":"product_brand-apple","7":"product_cat-com-taras-pt","9":"first","10":"outofstock","11":"taxable","12":"shipping-taxable","13":"purchasable","14":"product-type-simple"},"exclude_global_add_ons":[],"addons":[],"_links":{"self":[{"href":"https:\/\/digamac.com\/pt-pt\/wp-json\/wp\/v2\/product\/14255","targetHints":{"allow":["GET"]}}],"collection":[{"href":"https:\/\/digamac.com\/pt-pt\/wp-json\/wp\/v2\/product"}],"about":[{"href":"https:\/\/digamac.com\/pt-pt\/wp-json\/wp\/v2\/types\/product"}],"wp:featuredmedia":[{"embeddable":true,"href":"https:\/\/digamac.com\/pt-pt\/wp-json\/wp\/v2\/media\/14248"}],"wp:attachment":[{"href":"https:\/\/digamac.com\/pt-pt\/wp-json\/wp\/v2\/media?parent=14255"}],"wp:term":[{"taxonomy":"product_brand","embeddable":true,"href":"https:\/\/digamac.com\/pt-pt\/wp-json\/wp\/v2\/product_brand?post=14255"},{"taxonomy":"product_cat","embeddable":true,"href":"https:\/\/digamac.com\/pt-pt\/wp-json\/wp\/v2\/product_cat?post=14255"},{"taxonomy":"product_tag","embeddable":true,"href":"https:\/\/digamac.com\/pt-pt\/wp-json\/wp\/v2\/product_tag?post=14255"}],"curies":[{"name":"wp","href":"https:\/\/api.w.org\/{rel}","templated":true}]}}