{"id":14481,"date":"2024-11-14T13:41:47","date_gmt":"2024-11-14T12:41:48","guid":{"rendered":"https:\/\/digamac.com\/tienda\/sem categoria\/aoc-q27p1-27-ips-169-recondicionado-2560x1440-pt-11666\/"},"modified":"2024-11-14T13:41:48","modified_gmt":"2024-11-14T12:41:48","slug":"aoc-q27p1-27-ips-169-recondicionado-2560x1440-pt-11666","status":"publish","type":"product","link":"https:\/\/digamac.com\/pt-pt\/loja\/sem-categoria-pt\/aoc-q27p1-27-ips-169-recondicionado-2560x1440-pt-11666\/","title":{"rendered":"AOC Q27P1 27&#8243; IPS 16:9 | Recondicionado | 2560&#215;1440"},"content":{"rendered":"<p><strong>Tela<\/strong><br \/>IPS 27 &#8221; 2K  com Alto-falantes \u00b7  16:9  \u00b7 Resolu\u00e7\u00e3o 2560&#215;1440<br \/>Dot pitch 0.233 mm<br \/>Resposta 5 ms<br \/>Contraste 1000:1<br \/>Brilho 250 cd\/m2<br \/>\u00c2ngulo vis\u00e3o 178\u00b0v\/178\u00b0h<br \/><strong>Portas de v\u00eddeo<\/strong><br \/>1x VGA<br \/>1x HDMI<br \/>1x Display Port<br \/>1x DVI<br \/><strong>Caixa<\/strong><br \/>Color preto<br \/><strong>Espec\u00edfico tela<\/strong><br \/>Apoio VESA<br \/>Pedestal<br \/>Regul\u00e1vel em altura<br \/><strong>Outros<\/strong><br \/>hR embalagens<br \/><strong>Dimens\u00f5es<\/strong><br \/>40.5x20x62.5 cm.<br \/><strong>Peso<\/strong><br \/>6.25 Kg.<br \/><strong>Coment\u00e1rios<\/strong><br \/><u>Cabo de alimenta\u00e7\u00e3o e VGA inclu\u00eddos &#8211; 4xUSB 3.2 Gen 1<\/u><\/p>\n","protected":false},"excerpt":{"rendered":"<p>IPS 27 &#8221; 2K  com Alto-falantes \u00b7  16:9  \u00b7 Resolu\u00e7\u00e3o 2560&#215;1440 \u00b7 Dot pitch 0.233 mm \u00b7 Resposta 5 ms \u00b7 Contraste 1000:1 \u00b7 Brilho 250 cd\/m2 \u00b7 \u00c2ngulo vis\u00e3o 178\u00b0v\/178\u00b0h \u00b7 1x VGA \u00b7 1x HDMI \u00b7 1x Display Port \u00b7 1x DVI \u00b7 <u>Cabo de alimenta\u00e7\u00e3o e VGA inclu\u00eddos &#8211; 4xUSB 3.2 Gen 1<\/u> [&#8230;]<\/p>\n<p><a class=\"btn btn-secondary understrap-read-more-link\" href=\"https:\/\/digamac.com\/pt-pt\/loja\/sem-categoria-pt\/aoc-q27p1-27-ips-169-recondicionado-2560x1440-pt-11666\/\">Continuar a ler&#8230;<span class=\"screen-reader-text\"> from AOC Q27P1 27&#8243; IPS 16:9 | Recondicionado | 2560&#215;1440<\/span><\/a><\/p>\n","protected":false},"featured_media":14472,"template":"","meta":[],"product_brand":[3129],"product_cat":[3054],"product_tag":[],"class_list":{"0":"post-14481","1":"product","2":"type-product","3":"status-publish","4":"has-post-thumbnail","6":"product_brand-aoc","7":"product_cat-sem-categoria-pt","9":"first","10":"outofstock","11":"taxable","12":"shipping-taxable","13":"purchasable","14":"product-type-simple"},"exclude_global_add_ons":true,"addons":{"webcam-upgrades":{"name":"Extens\u00e3o Webcam","type":"multiple_choice","position":0,"required":false,"title_format":"heading","default":"","description_enable":false,"description":"","placeholder_enable":false,"placeholder":"","display":"radiobutton","restrictions_type":"any_text","adjust_price":false,"price":"","price_type":"quantity_based","restrictions":false,"min":"0","max":"0","options":[{"label":"Conceptronic AMDIS FullHD [AMP00085]","price":"29.0000","price_type":"quantity_based","image":0,"visibility":true}]},"hdmi-upgrades":{"name":"Extens\u00e3o cabo","type":"multiple_choice","position":0,"required":false,"title_format":"heading","default":"","description_enable":false,"description":"","placeholder_enable":false,"placeholder":"","display":"radiobutton","restrictions_type":"any_text","adjust_price":false,"price":"","price_type":"quantity_based","restrictions":false,"min":"0","max":"0","options":[{"label":"Cabo HDMI 2 mts. [AMP00104]","price":"6.0000","price_type":"quantity_based","image":0,"visibility":true},{"label":"DisplayPort para cabo DisplayPort 1,8 mts. [AMP00103]","price":"8.0000","price_type":"quantity_based","image":0,"visibility":true},{"label":"Cabo DVI-D M \/ M Dual Link 1,8 mts. [AMP00102]","price":"2.0000","price_type":"quantity_based","image":0,"visibility":true}]},"warranty-upgrades":{"name":"Extens\u00e3o garant\u00eda","type":"multiple_choice","position":0,"required":false,"title_format":"heading","default":"","description_enable":false,"description":"","placeholder_enable":false,"placeholder":"","display":"radiobutton","restrictions_type":"any_text","adjust_price":false,"price":"","price_type":"quantity_based","restrictions":false,"min":"0","max":"0","options":[{"label":"Extensi\u00f3n de Garantia a 2 a\u00f1os [AMP00022]","price":"20.0000","price_type":"quantity_based","image":0,"visibility":true}]}},"_links":{"self":[{"href":"https:\/\/digamac.com\/pt-pt\/wp-json\/wp\/v2\/product\/14481","targetHints":{"allow":["GET"]}}],"collection":[{"href":"https:\/\/digamac.com\/pt-pt\/wp-json\/wp\/v2\/product"}],"about":[{"href":"https:\/\/digamac.com\/pt-pt\/wp-json\/wp\/v2\/types\/product"}],"wp:featuredmedia":[{"embeddable":true,"href":"https:\/\/digamac.com\/pt-pt\/wp-json\/wp\/v2\/media\/14472"}],"wp:attachment":[{"href":"https:\/\/digamac.com\/pt-pt\/wp-json\/wp\/v2\/media?parent=14481"}],"wp:term":[{"taxonomy":"product_brand","embeddable":true,"href":"https:\/\/digamac.com\/pt-pt\/wp-json\/wp\/v2\/product_brand?post=14481"},{"taxonomy":"product_cat","embeddable":true,"href":"https:\/\/digamac.com\/pt-pt\/wp-json\/wp\/v2\/product_cat?post=14481"},{"taxonomy":"product_tag","embeddable":true,"href":"https:\/\/digamac.com\/pt-pt\/wp-json\/wp\/v2\/product_tag?post=14481"}],"curies":[{"name":"wp","href":"https:\/\/api.w.org\/{rel}","templated":true}]}}