{"id":14524,"date":"2024-11-18T16:32:08","date_gmt":"2024-11-18T15:32:10","guid":{"rendered":"https:\/\/digamac.com\/tienda\/sem%20categoria\/apple-mac-mini-71-a1347-usdt-recondicionado-core-i5-26ghz-8-gb-ram-1024-gb-hdd-pt-12945\/"},"modified":"2025-01-28T17:30:57","modified_gmt":"2025-01-28T16:30:57","slug":"apple-mac-mini-71-a1347-usdt-recondicionado-core-i5-26ghz-8-gb-ram-1024-gb-hdd-pt-12945","status":"publish","type":"product","link":"https:\/\/digamac.com\/pt-pt\/loja\/mac-mini-pt\/apple-mac-mini-71-a1347-usdt-recondicionado-core-i5-26ghz-8-gb-ram-1024-gb-hdd-pt-12945\/","title":{"rendered":"Apple Mac Mini 7,1 A1347 USDT | Recondicionado | Core i5 2.6GHz | 8 GB RAM | 1024 GB HDD"},"content":{"rendered":"<p><strong>Processador<\/strong><br \/>Intel Core i5 4278U 2.6 GHz.<br \/><strong>Fator de forma<\/strong><br \/>USDT<br \/><strong>Mem\u00f3ria RAM<\/strong><br \/>8 Gb. SO-DDR3 RAM<br \/><strong>Disco r\u00edgido<\/strong><br \/>1.00 Tb. SATA<br \/><strong>Cart\u00f5es<\/strong><br \/>Placa gr\u00e1fica: Intel Iris 1536Mb<br \/>Som: High Definition Audio<br \/>Network: Ethernet Gigabit<br \/><strong>Sistema operativo<\/strong><br \/>macOS Monterey<br \/><strong>Portos<\/strong><br \/>2x Thunderbolt<br \/>4x USB 3.0<br \/><strong>Portas de v\u00eddeo<\/strong><br \/>HDMI<br \/><strong>Multim\u00eddia<\/strong><br \/>Leitor SD<br \/><strong>Conectividade<\/strong><br \/>RJ-45<br \/>WIFI<br \/>Bluetooth<br \/><strong>Outros<\/strong><br \/>hR embalagens<br \/><strong>Dimens\u00f5es<\/strong><br \/>20x4x20 cm.<br \/><strong>Peso<\/strong><br \/>1.00 Kg.<br \/><strong>Especifica\u00e7\u00f5es adicionais<\/strong><br \/>O APPLE Mac Mini 7.1 A1347 (final de 2014) \u00e9 um computador compacto e funcional, ideal para ambientes dom\u00e9sticos ou profissionais. Equipado com processador Intel Core i5, 8 GB de RAM e disco r\u00edgido de 1 TB, combina desempenho e capacidade de armazenamento. Inclui macOS Monterey, oferecendo uma experi\u00eancia tranquila e segura no ecossistema Apple. O seu design elegante e o seu tamanho reduzido tornam-no perfeito para espa\u00e7os limitados.<br \/>Boa apar\u00eancia exterior. Procure em &#8220;+ Fotos\u201d e &#8220;V\u00eddeo\u201d e caso tenha alguma d\u00favida, ligue ou utilize nosso chat para mais informa\u00e7\u00f5es ou para solicitar mais detalhes.<\/p>\n<p><strong>Coment\u00e1rios<\/strong><br \/><u>Modelo A1347 (Late 2014) &#8211; Teclado e rato n\u00e3o inclu\u00eddos<\/u><\/p>\n","protected":false},"excerpt":{"rendered":"<p>Intel Core i5 4278U 2.6 GHz. \u00b7 8 Gb. SO-DDR3 RAM \u00b7 1.00 Tb. SATA \u00b7 macOS Monterey \u00b7 <u>Modelo A1347 (Late 2014) &#8211; Teclado e rato n\u00e3o inclu\u00eddos<\/u> [&#8230;]<\/p>\n<p><a class=\"btn btn-secondary understrap-read-more-link\" href=\"https:\/\/digamac.com\/pt-pt\/loja\/mac-mini-pt\/apple-mac-mini-71-a1347-usdt-recondicionado-core-i5-26ghz-8-gb-ram-1024-gb-hdd-pt-12945\/\">Continuar a ler&#8230;<span class=\"screen-reader-text\"> from Apple Mac Mini 7,1 A1347 USDT | Recondicionado | Core i5 2.6GHz | 8 GB RAM | 1024 GB HDD<\/span><\/a><\/p>\n","protected":false},"featured_media":14515,"template":"","meta":[],"product_brand":[3122],"product_cat":[2507],"product_tag":[],"class_list":{"0":"post-14524","1":"product","2":"type-product","3":"status-publish","4":"has-post-thumbnail","6":"product_brand-apple","7":"product_cat-mac-mini-pt","9":"first","10":"outofstock","11":"taxable","12":"shipping-taxable","13":"purchasable","14":"product-type-simple"},"exclude_global_add_ons":true,"addons":{"mouse-upgrades":{"name":"Extens\u00e3o rato","type":"multiple_choice","position":0,"required":false,"title_format":"heading","default":"","description_enable":false,"description":"","placeholder_enable":false,"placeholder":"","display":"radiobutton","restrictions_type":"any_text","adjust_price":false,"price":"","price_type":"quantity_based","restrictions":false,"min":"0","max":"0","options":[{"label":"Apple Magic Mouse 2 (A1657) [AMP00060]","price":"60.0000","price_type":"quantity_based","image":0,"visibility":true},{"label":"Rat\u00f3n Apple USB (A1152) [AMP00053]","price":"15.0000","price_type":"quantity_based","image":0,"visibility":true}]},"hdd-upgrades":{"name":"Extens\u00e3o disco r\u00edgido","type":"multiple_choice","position":0,"required":false,"title_format":"heading","default":"","description_enable":false,"description":"","placeholder_enable":false,"placeholder":"","display":"radiobutton","restrictions_type":"any_text","adjust_price":false,"price":"","price_type":"quantity_based","restrictions":false,"min":"0","max":"0","options":[{"label":"Cambio a Disco SSD 120 Gb. iMac [AMP00054]","price":"55.0000","price_type":"quantity_based","image":0,"visibility":true},{"label":"Cambio a Disco SSD 240 Gb. iMac [AMP00055]","price":"50.0000","price_type":"quantity_based","image":0,"visibility":true},{"label":"Cambio a Disco SSD 480 Gb. iMac [AMP00056]","price":"109.0000","price_type":"quantity_based","image":0,"visibility":true},{"label":"Cambio a Disco SSD 1 Tb. iMac [AMP00093]","price":"129.0000","price_type":"quantity_based","image":0,"visibility":true}]}},"_links":{"self":[{"href":"https:\/\/digamac.com\/pt-pt\/wp-json\/wp\/v2\/product\/14524","targetHints":{"allow":["GET"]}}],"collection":[{"href":"https:\/\/digamac.com\/pt-pt\/wp-json\/wp\/v2\/product"}],"about":[{"href":"https:\/\/digamac.com\/pt-pt\/wp-json\/wp\/v2\/types\/product"}],"wp:featuredmedia":[{"embeddable":true,"href":"https:\/\/digamac.com\/pt-pt\/wp-json\/wp\/v2\/media\/14515"}],"wp:attachment":[{"href":"https:\/\/digamac.com\/pt-pt\/wp-json\/wp\/v2\/media?parent=14524"}],"wp:term":[{"taxonomy":"product_brand","embeddable":true,"href":"https:\/\/digamac.com\/pt-pt\/wp-json\/wp\/v2\/product_brand?post=14524"},{"taxonomy":"product_cat","embeddable":true,"href":"https:\/\/digamac.com\/pt-pt\/wp-json\/wp\/v2\/product_cat?post=14524"},{"taxonomy":"product_tag","embeddable":true,"href":"https:\/\/digamac.com\/pt-pt\/wp-json\/wp\/v2\/product_tag?post=14524"}],"curies":[{"name":"wp","href":"https:\/\/api.w.org\/{rel}","templated":true}]}}