{"id":14533,"date":"2024-11-20T09:56:13","date_gmt":"2024-11-20T08:56:15","guid":{"rendered":"https:\/\/digamac.com\/tienda\/sem%20categoria\/opcao-portatil-hp-thunderbolt-dock-120w-g2-nuevo-novo-pt-12937\/"},"modified":"2024-11-21T11:33:25","modified_gmt":"2024-11-21T10:33:25","slug":"opcao-portatil-hp-thunderbolt-dock-120w-g2-nuevo-novo-pt-12937","status":"publish","type":"product","link":"https:\/\/digamac.com\/pt-pt\/loja\/sem-categoria-pt\/opcao-portatil-hp-thunderbolt-dock-120w-g2-nuevo-novo-pt-12937\/","title":{"rendered":"Op\u00e7\u00e3o port\u00e1til HP Thunderbolt Dock 120W G2 | Recondicionado"},"content":{"rendered":"<p>3x USB C &#8211; 3x USB 3.0 &#8211; 1x RJ45 &#8211; 1x VGA &#8211; 2x Display port &#8211; Cabo de conex\u00e3o de dados inclu\u00eddo &#8211; Fonte de alimenta\u00e7\u00e3o de 120 W inclu\u00edda<\/p>\n","protected":false},"excerpt":{"rendered":"<p>3x USB C &#8211; 3x USB 3.0 &#8211; 1x RJ45 &#8211; 1x VGA &#8211; 2x Display port &#8211; Cabo de conex\u00e3o de dados inclu\u00eddo &#8211; Fonte de alimenta\u00e7\u00e3o de 120W inclu\u00edda [&#8230;]<\/p>\n<p><a class=\"btn btn-secondary understrap-read-more-link\" href=\"https:\/\/digamac.com\/pt-pt\/loja\/sem-categoria-pt\/opcao-portatil-hp-thunderbolt-dock-120w-g2-nuevo-novo-pt-12937\/\">Continuar a ler&#8230;<span class=\"screen-reader-text\"> from Op\u00e7\u00e3o port\u00e1til HP Thunderbolt Dock 120W G2 | Recondicionado<\/span><\/a><\/p>\n","protected":false},"featured_media":14528,"template":"","meta":[],"product_brand":[3123],"product_cat":[3054],"product_tag":[],"class_list":{"0":"post-14533","1":"product","2":"type-product","3":"status-publish","4":"has-post-thumbnail","6":"product_brand-hp","7":"product_cat-sem-categoria-pt","9":"first","10":"outofstock","11":"taxable","12":"shipping-taxable","13":"purchasable","14":"product-type-simple"},"exclude_global_add_ons":[],"addons":[],"_links":{"self":[{"href":"https:\/\/digamac.com\/pt-pt\/wp-json\/wp\/v2\/product\/14533","targetHints":{"allow":["GET"]}}],"collection":[{"href":"https:\/\/digamac.com\/pt-pt\/wp-json\/wp\/v2\/product"}],"about":[{"href":"https:\/\/digamac.com\/pt-pt\/wp-json\/wp\/v2\/types\/product"}],"wp:featuredmedia":[{"embeddable":true,"href":"https:\/\/digamac.com\/pt-pt\/wp-json\/wp\/v2\/media\/14528"}],"wp:attachment":[{"href":"https:\/\/digamac.com\/pt-pt\/wp-json\/wp\/v2\/media?parent=14533"}],"wp:term":[{"taxonomy":"product_brand","embeddable":true,"href":"https:\/\/digamac.com\/pt-pt\/wp-json\/wp\/v2\/product_brand?post=14533"},{"taxonomy":"product_cat","embeddable":true,"href":"https:\/\/digamac.com\/pt-pt\/wp-json\/wp\/v2\/product_cat?post=14533"},{"taxonomy":"product_tag","embeddable":true,"href":"https:\/\/digamac.com\/pt-pt\/wp-json\/wp\/v2\/product_tag?post=14533"}],"curies":[{"name":"wp","href":"https:\/\/api.w.org\/{rel}","templated":true}]}}