{"id":14538,"date":"2024-11-25T11:58:32","date_gmt":"2024-11-25T10:58:33","guid":{"rendered":"https:\/\/digamac.com\/tienda\/sem categoria\/projetor-barco-rlm-w6-recondicionado-pt-1629\/"},"modified":"2024-11-25T11:58:33","modified_gmt":"2024-11-25T10:58:33","slug":"projetor-barco-rlm-w6-recondicionado-pt-1629","status":"publish","type":"product","link":"https:\/\/digamac.com\/pt-pt\/loja\/sem-categoria-pt\/projetor-barco-rlm-w6-recondicionado-pt-1629\/","title":{"rendered":"Projetor  BARCO RLM-W6 | Recondicionado"},"content":{"rendered":"<p><strong>Brillo:<\/strong><br \/>6000 L\u00famenes<br \/><strong>Ratio de Contraste:<\/strong><br \/>2200:1, 3000:1(CE)<br \/><strong>Resoluci\u00f3n:<\/strong><br \/>1920 x 1200 ppp<br \/><strong>Puertos:<\/strong><br \/>2xHDMI<br \/>1xBNC<br \/>1xVGA<br \/>1xComposite<br \/>1xS-Video<br \/>1xMini-Jack<br \/>1xirDA<br \/>1xRS-232<br \/>1xRJ45<br \/><strong>Duraci\u00f3n L\u00e1mpara:<\/strong><br \/>1500 a 2000 horas.<br \/><strong>L\u00e1mparas:<\/strong><br \/>2x280W<br \/><strong>Dimensiones:<\/strong><br \/>500 x 669 x 247 mm<br \/><strong>Peso:<\/strong><br \/>26 Kgrs.<\/p>\n","protected":false},"excerpt":{"rendered":"<p>Brillo: 6000 L\u00famenes ANSI (max) &#8211; Ratio de contraste: 2200:1, 3000:1(CE) &#8211; Puertos: 2xHDMI, 1xBNC, 1xVGA, 1xComposite, 1xS-Video, 1xMini-Jack, 1xirDA, 1xRS-232, 1xRJ45 &#8211; Resoluci\u00f3n: 1920 x 1200 &#8211; Duraci\u00f3n de la L\u00e1mpara: 1500 a 2000 h &#8211; L\u00e1mparas: 2x280W [&#8230;]<\/p>\n<p><a class=\"btn btn-secondary understrap-read-more-link\" href=\"https:\/\/digamac.com\/pt-pt\/loja\/sem-categoria-pt\/projetor-barco-rlm-w6-recondicionado-pt-1629\/\">Continuar a ler&#8230;<span class=\"screen-reader-text\"> from Projetor  BARCO RLM-W6 | Recondicionado<\/span><\/a><\/p>\n","protected":false},"featured_media":14537,"template":"","meta":[],"product_brand":[3139],"product_cat":[3054],"product_tag":[],"class_list":{"0":"post-14538","1":"product","2":"type-product","3":"status-publish","4":"has-post-thumbnail","6":"product_brand-barco","7":"product_cat-sem-categoria-pt","9":"first","10":"outofstock","11":"taxable","12":"shipping-taxable","13":"purchasable","14":"product-type-simple"},"exclude_global_add_ons":[],"addons":[],"_links":{"self":[{"href":"https:\/\/digamac.com\/pt-pt\/wp-json\/wp\/v2\/product\/14538","targetHints":{"allow":["GET"]}}],"collection":[{"href":"https:\/\/digamac.com\/pt-pt\/wp-json\/wp\/v2\/product"}],"about":[{"href":"https:\/\/digamac.com\/pt-pt\/wp-json\/wp\/v2\/types\/product"}],"wp:featuredmedia":[{"embeddable":true,"href":"https:\/\/digamac.com\/pt-pt\/wp-json\/wp\/v2\/media\/14537"}],"wp:attachment":[{"href":"https:\/\/digamac.com\/pt-pt\/wp-json\/wp\/v2\/media?parent=14538"}],"wp:term":[{"taxonomy":"product_brand","embeddable":true,"href":"https:\/\/digamac.com\/pt-pt\/wp-json\/wp\/v2\/product_brand?post=14538"},{"taxonomy":"product_cat","embeddable":true,"href":"https:\/\/digamac.com\/pt-pt\/wp-json\/wp\/v2\/product_cat?post=14538"},{"taxonomy":"product_tag","embeddable":true,"href":"https:\/\/digamac.com\/pt-pt\/wp-json\/wp\/v2\/product_tag?post=14538"}],"curies":[{"name":"wp","href":"https:\/\/api.w.org\/{rel}","templated":true}]}}