{"id":14579,"date":"2025-01-07T13:38:49","date_gmt":"2025-01-07T12:38:52","guid":{"rendered":"https:\/\/digamac.com\/tienda\/sem%20categoria\/apple-imac-182-215-retina-4k-a1418-aio-recondicionado-core-i5-34ghz-16-gb-ram-256-gb-ssd-m2-pt-13042\/"},"modified":"2025-05-20T11:22:17","modified_gmt":"2025-05-20T10:22:17","slug":"apple-imac-182-215-retina-4k-a1418-aio-recondicionado-core-i5-34ghz-16-gb-ram-256-gb-ssd-m2-pt-13042","status":"publish","type":"product","link":"https:\/\/digamac.com\/pt-pt\/loja\/imac-pt\/apple-imac-182-215-retina-4k-a1418-aio-recondicionado-core-i5-34ghz-16-gb-ram-256-gb-ssd-m2-pt-13042\/","title":{"rendered":"Apple iMac 18,2 &#8211; 21.5&#8243; Retina 4K A1418 AIO | Recondicionado | Core i5 3.4GHz | 16 GB RAM | 256 GB SSD M2"},"content":{"rendered":"<p><strong>Processador<\/strong><br \/>Intel Core i5 7500 3.4 GHz.<br \/><strong>Fator de forma<\/strong><br \/>AIO<br \/><strong>Mem\u00f3ria RAM<\/strong><br \/>16 Gb. SO-DDR4 RAM<br \/><strong>Disco r\u00edgido<\/strong><br \/>256 Gb. SSD M2<br \/><strong>Cart\u00f5es<\/strong><br \/>Placa gr\u00e1fica: Radeon Pro 560 4 Gb. GDDR5<br \/>Som: HD Audio<br \/>Network: 10\/100\/1000 Base-T<br \/><strong>Sistema operativo<\/strong><br \/>macOS Ventura<br \/><strong>Portos<\/strong><br \/>2x Thunderbolt<br \/>4x USB 3.0<br \/><strong>Tela<\/strong><br \/>Retina 21.5 &#8221; 4K com Alto-falantes \u00b7  16:9  \u00b7 Resolu\u00e7\u00e3o 4096&#215;2304<br \/><strong>Portas de v\u00eddeo<\/strong><br \/>Mini Display Port<br \/><strong>Multim\u00eddia<\/strong><br \/>Webcam<br \/>Leitor SD<br \/><strong>Espec\u00edfico tela<\/strong><br \/>Pedestal<br \/><strong>Conectividade<\/strong><br \/>RJ-45<br \/>WIFI<br \/>Bluetooth<br \/><strong>Outros<\/strong><br \/>hR embalagens<br \/><strong>Dimens\u00f5es<\/strong><br \/>45&#215;52.8&#215;17.5 cm.<br \/><strong>Peso<\/strong><br \/>5.70 Kg.<br \/><strong>Especifica\u00e7\u00f5es adicionais<\/strong><br \/>O Apple iMac 18,2 &#8211; 21,5&#8243; Retina 4K combina design ic\u00f4nico com desempenho excepcional, ideal para profissionais criativos e entusiastas de tecnologia. Equipado com um processador Intel Core i5 7500 de 3,4 GHz, 16 GB de RAM SO-DDR4 e um SSD M2 de 256 GB, este dispositivo oferece velocidade e capacidade para multitarefa, design gr\u00e1fico, edi\u00e7\u00e3o de v\u00eddeo e muito mais.<br \/>A tela espetacular O Retina 4K de 21,5&#8243;, com resolu\u00e7\u00e3o de 4096&#215;2304, oferece cores vibrantes e detalhes impressionantes, tornando este aparelho uma ferramenta perfeita para quem exige a mais alta qualidade visual. Sua placa gr\u00e1fica dedicada AMD Radeon Pro 560 com 4 GB GDDR5 garante desempenho gr\u00e1fico fluido e profissional em projetos intensivos.<br \/>Equipado com macOS Ventura, o iMac oferece um ambiente intuitivo e otimizado que aumenta a criatividade e a produtividade. Com alto-falantes integrados que proporcionam som envolvente e design compacto e minimalista, o iMac 21,5&#8243; Retina 4K se adapta perfeitamente a qualquer espa\u00e7o de trabalho moderno.<br \/>Este modelo A1418 (meados de 2017) \u00e9 a combina\u00e7\u00e3o ideal de estilo e funcionalidade, oferecendo o experi\u00eancia premium que s\u00f3 a Apple pode oferecer.<br \/>Boa apar\u00eancia exterior Veja em &#8220;+ Fotos\u201d e &#8220;V\u00eddeo\u201d e se tiver alguma d\u00favida, ligue-nos ou utilize nosso chat para mais informa\u00e7\u00f5es ou para solicitar. mais detalhes.<\/p>\n<p><strong>Coment\u00e1rios<\/strong><br \/><u>AMD Radeon Pro 560 4 Gb. GDDR5 &#8211; Modelo A1418 (Mid 2017) &#8211; 4K &#8211; Teclado e mouse n\u00e3o inclu\u00eddos<\/u><\/p>\n","protected":false},"excerpt":{"rendered":"<p>Intel Core i5 7500 3.4 GHz. \u00b7 16 Gb. SO-DDR4 RAM \u00b7 256 Gb. SSD M2 \u00b7 macOS Ventura \u00b7 Retina 21.5 &#8221; 4K\u00b7 16:9 \u00b7 Resolu\u00e7\u00e3o 4096&#215;2304 \u00b7<br \/>\n<strong>AMD Radeon Pro 560 4 Gb. GDDR5<\/strong> &#8211; <u>Modelo A1418 (Mid 2017) <\/u>&#8211; <u>Teclado e mouse n\u00e3o inclu\u00eddos<br \/>\n<\/u> [&#8230;]<\/p>\n<p><a class=\"btn btn-secondary understrap-read-more-link\" href=\"https:\/\/digamac.com\/pt-pt\/loja\/imac-pt\/apple-imac-182-215-retina-4k-a1418-aio-recondicionado-core-i5-34ghz-16-gb-ram-256-gb-ssd-m2-pt-13042\/\">Continuar a ler&#8230;<span class=\"screen-reader-text\"> from Apple iMac 18,2 &#8211; 21.5&#8243; Retina 4K A1418 AIO | Recondicionado | Core i5 3.4GHz | 16 GB RAM | 256 GB SSD M2<\/span><\/a><\/p>\n","protected":false},"featured_media":14564,"template":"","meta":[],"product_brand":[3122],"product_cat":[2498],"product_tag":[],"class_list":{"0":"post-14579","1":"product","2":"type-product","3":"status-publish","4":"has-post-thumbnail","6":"product_brand-apple","7":"product_cat-imac-pt","9":"first","10":"outofstock","11":"taxable","12":"shipping-taxable","13":"purchasable","14":"product-type-simple"},"exclude_global_add_ons":[],"addons":[],"_links":{"self":[{"href":"https:\/\/digamac.com\/pt-pt\/wp-json\/wp\/v2\/product\/14579","targetHints":{"allow":["GET"]}}],"collection":[{"href":"https:\/\/digamac.com\/pt-pt\/wp-json\/wp\/v2\/product"}],"about":[{"href":"https:\/\/digamac.com\/pt-pt\/wp-json\/wp\/v2\/types\/product"}],"wp:featuredmedia":[{"embeddable":true,"href":"https:\/\/digamac.com\/pt-pt\/wp-json\/wp\/v2\/media\/14564"}],"wp:attachment":[{"href":"https:\/\/digamac.com\/pt-pt\/wp-json\/wp\/v2\/media?parent=14579"}],"wp:term":[{"taxonomy":"product_brand","embeddable":true,"href":"https:\/\/digamac.com\/pt-pt\/wp-json\/wp\/v2\/product_brand?post=14579"},{"taxonomy":"product_cat","embeddable":true,"href":"https:\/\/digamac.com\/pt-pt\/wp-json\/wp\/v2\/product_cat?post=14579"},{"taxonomy":"product_tag","embeddable":true,"href":"https:\/\/digamac.com\/pt-pt\/wp-json\/wp\/v2\/product_tag?post=14579"}],"curies":[{"name":"wp","href":"https:\/\/api.w.org\/{rel}","templated":true}]}}