{"id":14604,"date":"2025-01-16T10:48:37","date_gmt":"2025-01-16T09:48:43","guid":{"rendered":"https:\/\/digamac.com\/tienda\/sem%20categoria\/apple-imac-132-27-a1419-aio-recondicionado-core-i5-32ghz-16-gb-ram-128-gb-fusion-drive-pt-8134\/"},"modified":"2025-01-28T17:20:22","modified_gmt":"2025-01-28T16:20:22","slug":"apple-imac-132-27-a1419-aio-recondicionado-core-i5-32ghz-16-gb-ram-128-gb-fusion-drive-pt-8134","status":"publish","type":"product","link":"https:\/\/digamac.com\/pt-pt\/loja\/imac-pt\/apple-imac-132-27-a1419-aio-recondicionado-core-i5-32ghz-16-gb-ram-128-gb-fusion-drive-pt-8134\/","title":{"rendered":"Apple iMac 13,2 &#8211;  27&#8243; A1419 AIO | Recondicionado | Core i5 3.2GHz | 16 GB RAM | 128 GB Fusion Drive"},"content":{"rendered":"<p><strong>Processador<\/strong><br \/>Intel Core i5 3470 3.2 GHz.<br \/><strong>Fator de forma<\/strong><br \/>AIO<br \/><strong>Mem\u00f3ria RAM<\/strong><br \/>16 Gb. SO-DDR3 RAM<br \/><strong>Disco r\u00edgido<\/strong><br \/>128 Gb. Fusion Drive<br \/>1.00 Tb. SATA<br \/><strong>Cart\u00f5es<\/strong><br \/>Placa gr\u00e1fica: GeForce GTX 660M 1 Gb. GDDR5<br \/>Som: HD Audio<br \/>Network: Ethernet Gigabit<br \/><strong>Sistema operativo<\/strong><br \/>macOS Catalina<br \/><strong>Portos<\/strong><br \/>2x Thunderbolt<br \/>4x USB 3.0<br \/><strong>Tela<\/strong><br \/>Led 27 &#8221; 2K 16:9  \u00b7 Resolu\u00e7\u00e3o 2560&#215;1440<br \/><strong>Multim\u00eddia<\/strong><br \/>Webcam<br \/>Leitor SD<br \/><strong>Conectividade<\/strong><br \/>RJ-45<br \/>WIFI<br \/>Bluetooth<br \/><strong>Outros<\/strong><br \/>hR embalagens<br \/><strong>Dimens\u00f5es<\/strong><br \/>51.6x65x20.3 cm.<br \/><strong>Peso<\/strong><br \/>9.54 Kg.<br \/><strong>Especifica\u00e7\u00f5es adicionais<\/strong><br \/><b>Tem alguns pontos escuros na parte inferior da tela. As restantes funcionalidades do equipamento est\u00e3o corretas.<\/b><br \/>O Apple iMac 27&#8243; (Final de 2012) modelo A1419 \u00e9 uma excelente op\u00e7\u00e3o para quem procura desempenho e design num \u00fanico computador. Equipado com processador Intel Core i5 3470 a 3,2 GHz, 16 GB de RAM e um Fusion Drive de 128 GB combinado com um disco r\u00edgido SATA de 1 TB oferecem uma experi\u00eancia de usu\u00e1rio r\u00e1pida e tranquila. A tela LED de 27 polegadas com resolu\u00e7\u00e3o de 2560 x 1440 \u00e9 ideal para tarefas visuais, design e entretenimento. Al\u00e9m disso, a NVIDIA GeForce GTX 660M com 1 GB de mem\u00f3ria dedicada garante desempenho gr\u00e1fico s\u00f3lido. Com o macOS Catalina pr\u00e9-instalado, este iMac combina pot\u00eancia e estilo em um s\u00f3. e design minimalista.<br \/>Boa apar\u00eancia exterior Veja em &#8220;+ Fotos\u201d e &#8220;V\u00eddeo\u201d e se tiver alguma d\u00favida ligue-nos ou utilize o nosso chat para ampliar. informa\u00e7\u00f5es ou para solicitar mais detalhes.<\/p>\n<p><strong>Coment\u00e1rios<\/strong><br \/><u>Modelo A1419 (final de 2012) &#8211; GeForce GTX 660M 1 GB GDDR5 &#8211; Teclado e mouse n\u00e3o inclu\u00eddos &#8211; Pequenos pontos escuros na tela.<\/u><\/p>\n","protected":false},"excerpt":{"rendered":"<p>Intel Core i5 3470 3.2 GHz. \u00b7 16 Gb. SO-DDR3 RAM \u00b7 128 Gb. Fusion Drive \u00b7 1.00 Tb. SATA \u00b7 macOS Catalina \u00b7 Led 27 &#8221; 2K 16:9\u00b7<br \/>\n<u>Modelo A1419 (final de 2012)<\/u> &#8211; <u>GeForce GTX 660M 1 GB GDDR5<\/u> &#8211; <u>Teclado e mouse n\u00e3o inclu\u00eddos<\/u> &#8211; <u>Pequenos pontos escuros na tela.<br \/>\n<\/u> [&#8230;]<\/p>\n<p><a class=\"btn btn-secondary understrap-read-more-link\" href=\"https:\/\/digamac.com\/pt-pt\/loja\/imac-pt\/apple-imac-132-27-a1419-aio-recondicionado-core-i5-32ghz-16-gb-ram-128-gb-fusion-drive-pt-8134\/\">Continuar a ler&#8230;<span class=\"screen-reader-text\"> from Apple iMac 13,2 &#8211;  27&#8243; A1419 AIO | Recondicionado | Core i5 3.2GHz | 16 GB RAM | 128 GB Fusion Drive<\/span><\/a><\/p>\n","protected":false},"featured_media":14583,"template":"","meta":[],"product_brand":[3122],"product_cat":[2498],"product_tag":[],"class_list":{"0":"post-14604","1":"product","2":"type-product","3":"status-publish","4":"has-post-thumbnail","6":"product_brand-apple","7":"product_cat-imac-pt","9":"first","10":"outofstock","11":"taxable","12":"shipping-taxable","13":"purchasable","14":"product-type-simple"},"exclude_global_add_ons":true,"addons":{"mouse-upgrades":{"name":"Extens\u00e3o rato","type":"multiple_choice","position":0,"required":false,"title_format":"heading","default":"","description_enable":false,"description":"","placeholder_enable":false,"placeholder":"","display":"radiobutton","restrictions_type":"any_text","adjust_price":false,"price":"","price_type":"quantity_based","restrictions":false,"min":"0","max":"0","options":[{"label":"Apple Magic Mouse 2 (A1657) [AMP00060]","price":"60.0000","price_type":"quantity_based","image":0,"visibility":true},{"label":"Rat\u00f3n Apple USB (A1152) [AMP00053]","price":"15.0000","price_type":"quantity_based","image":0,"visibility":true}]}},"_links":{"self":[{"href":"https:\/\/digamac.com\/pt-pt\/wp-json\/wp\/v2\/product\/14604","targetHints":{"allow":["GET"]}}],"collection":[{"href":"https:\/\/digamac.com\/pt-pt\/wp-json\/wp\/v2\/product"}],"about":[{"href":"https:\/\/digamac.com\/pt-pt\/wp-json\/wp\/v2\/types\/product"}],"wp:featuredmedia":[{"embeddable":true,"href":"https:\/\/digamac.com\/pt-pt\/wp-json\/wp\/v2\/media\/14583"}],"wp:attachment":[{"href":"https:\/\/digamac.com\/pt-pt\/wp-json\/wp\/v2\/media?parent=14604"}],"wp:term":[{"taxonomy":"product_brand","embeddable":true,"href":"https:\/\/digamac.com\/pt-pt\/wp-json\/wp\/v2\/product_brand?post=14604"},{"taxonomy":"product_cat","embeddable":true,"href":"https:\/\/digamac.com\/pt-pt\/wp-json\/wp\/v2\/product_cat?post=14604"},{"taxonomy":"product_tag","embeddable":true,"href":"https:\/\/digamac.com\/pt-pt\/wp-json\/wp\/v2\/product_tag?post=14604"}],"curies":[{"name":"wp","href":"https:\/\/api.w.org\/{rel}","templated":true}]}}